{"id":825,"date":"2023-05-09T17:45:16","date_gmt":"2023-05-09T17:45:16","guid":{"rendered":"https:\/\/yournordichome.com\/product\/baby-play-mat-pink-cotton\/"},"modified":"2025-08-03T11:18:01","modified_gmt":"2025-08-03T11:18:01","slug":"otroska-igralna-podloga-roza-bombaz","status":"publish","type":"product","link":"https:\/\/yournordichome.com\/sl\/product\/baby-play-mat-pink-cotton\/","title":{"rendered":"Otro\u0161ka igralna podloga - roza - bomba\u017e"},"content":{"rendered":"<p>Otro\u0161ka igralna podloga iz bomba\u017ea. Roza barve z lepim vzorcem. Lahko jo zvijete, obesite na ramo in tako enostavno prena\u0161ate. Primerna je za igranje doma, lahko pa jo razprostrete tudi na prostem.<\/p>\n<p>Material: 100% bomba\u017e<br \/>\nPolnjenje: 100% poliester<br \/>\nSTANDARD 100 po OEKO-TEX\u00ae<\/p>\n<p>Velikost: 100 x 100 cm<\/p>\n<p>Pralni stroj: pri 30 stopinjah.<\/p>","protected":false},"excerpt":{"rendered":"<p>Mehka otro\u0161ka podloga STANDARD 100 by OEKO-TEX\u00ae za igranje na piknikih ali doma. Ro\u017enata, z vzorcem zaj\u010dka s padalom in oblaki na hrbtni strani. Podlogo lahko zvijete in jo je enostavno prena\u0161ati.<\/p>\n<p>100 x 100 cm.<\/p>","protected":false},"featured_media":39,"comment_status":"closed","ping_status":"closed","template":"","meta":{"_acf_changed":false,"_kad_post_transparent":"default","_kad_post_title":"","_kad_post_layout":"default","_kad_post_sidebar_id":"","_kad_post_content_style":"default","_kad_post_vertical_padding":"default","_kad_post_feature":"","_kad_post_feature_position":"","_kad_post_header":false,"_kad_post_footer":false,"_kad_post_classname":""},"pwb-brand":[17],"product_brand":[],"product_cat":[77,47],"product_tag":[24],"gyarto":[],"class_list":{"0":"post-825","1":"product","2":"type-product","3":"status-publish","4":"has-post-thumbnail","6":"pwb-brand-bloomingville","7":"product_cat-childrens-furniture","8":"product_cat-kids","9":"product_tag-christmas-gift-ideas","10":"pa_colour-pink","11":"pa_material-cotton","13":"first","14":"instock","15":"taxable","16":"shipping-taxable","17":"purchasable","18":"product-type-simple","19":"entry","20":"content-bg","21":"loop-entry"},"acf":[],"brands":[{"id":17,"name":"Bloomingville","slug":"bloomingville"}],"_links":{"self":[{"href":"https:\/\/yournordichome.com\/sl\/wp-json\/wp\/v2\/product\/825","targetHints":{"allow":["GET"]}}],"collection":[{"href":"https:\/\/yournordichome.com\/sl\/wp-json\/wp\/v2\/product"}],"about":[{"href":"https:\/\/yournordichome.com\/sl\/wp-json\/wp\/v2\/types\/product"}],"replies":[{"embeddable":true,"href":"https:\/\/yournordichome.com\/sl\/wp-json\/wp\/v2\/comments?post=825"}],"wp:featuredmedia":[{"embeddable":true,"href":"https:\/\/yournordichome.com\/sl\/wp-json\/wp\/v2\/media\/39"}],"wp:attachment":[{"href":"https:\/\/yournordichome.com\/sl\/wp-json\/wp\/v2\/media?parent=825"}],"wp:term":[{"taxonomy":"pwb-brand","embeddable":true,"href":"https:\/\/yournordichome.com\/sl\/wp-json\/wp\/v2\/pwb-brand?post=825"},{"taxonomy":"product_brand","embeddable":true,"href":"https:\/\/yournordichome.com\/sl\/wp-json\/wp\/v2\/product_brand?post=825"},{"taxonomy":"product_cat","embeddable":true,"href":"https:\/\/yournordichome.com\/sl\/wp-json\/wp\/v2\/product_cat?post=825"},{"taxonomy":"product_tag","embeddable":true,"href":"https:\/\/yournordichome.com\/sl\/wp-json\/wp\/v2\/product_tag?post=825"},{"taxonomy":"gyarto","embeddable":true,"href":"https:\/\/yournordichome.com\/sl\/wp-json\/wp\/v2\/gyarto?post=825"}],"curies":[{"name":"wp","href":"https:\/\/api.w.org\/{rel}","templated":true}]}}