{"id":7809,"date":"2025-08-22T14:43:40","date_gmt":"2025-08-22T14:43:40","guid":{"rendered":"https:\/\/yournordichome.com\/product\/handmade-black-coffee-table\/"},"modified":"2025-08-22T14:43:58","modified_gmt":"2025-08-22T14:43:58","slug":"rocno-izdelana-crna-mizica-za-kavo","status":"publish","type":"product","link":"https:\/\/yournordichome.com\/sl\/product\/handmade-black-coffee-table\/","title":{"rendered":"Ro\u010dno izdelana \u010drna mizica za kavo"},"content":{"rendered":"<p>Ro\u010dno izdelana mizica za kavo v \u010drni barvi, ki jo je oblikovala Madam Stoltz, je resni\u010dno edinstvena in elegantna izbira za vsak dom. Ta okrogla mizica za kavo je izdelana iz obnovljenega lesa, ki je bil neko\u010d pomemben del indijskih stavb, zato vsak kos nosi pravo zgodbo. Mizna plo\u0161\u010da in noge so narejene iz debelih lesenih letvic, pobarvanih v \u010drno z mat lakom, kar zagotavlja sodoben in hkrati zna\u010dilen videz. Miza s premerom 69 cm in vi\u0161ino 46 cm je lahko popoln osrednji element vsake dnevne sobe ali salona.<\/p>\n<p>Zna\u010dilnosti ro\u010dno izdelane \u010drne kavne mizice ne daje le njena ekskluzivna zasnova, temve\u010d tudi dejstvo, da je vsak kos nekoliko druga\u010den, saj je zaradi naravnih razpok, edinstvenih barvnih odtenkov in tekstur obnovljenega lesa neponovljiv. Te majhne pomanjkljivosti niso napake, temve\u010d govorijo o edinstvenosti in zgodbi pohi\u0161tva. Mo\u010dna struktura masivnega lesa je brez\u010dasna, \u010drna barva in mat lak pa ustvarjata eleganten, vrhunski videz v vsaki notranjosti. \u010ci\u0161\u010denje je izjemno enostavno: z vla\u017eno krpo in blago milnico ga je mogo\u010de preprosto vzdr\u017eevati \u010distega.<\/p>\n<h2>Dimenzije izdelka<\/h2>\n<p>Dimenzije izdelka: D69xH46 cm<br \/>\nBarva: \u010drna<br \/>\nMaterial: Obnovljen les<br \/>\nPovr\u0161ina: \u010drna barva in mat lak<br \/>\nReciklirani materiali in ro\u010dno izdelani izdelki se lahko razlikujejo po obliki in barvi.<\/p>\n<h2>Zakaj izbrati ro\u010dno izdelano \u010drno mizico?<\/h2>\n<p>- Okolju prijazna izbira iz recikliranega lesa<br \/>\n- Edinstvena, ro\u010dno izdelana oblika za vsako mizo<br \/>\n- Odli\u010dno za moderne, starinske in industrijske domove<br \/>\n- Trpe\u017ena, vrhunska uporaba materialov in kakovostna izdelava<br \/>\n- Enostavno \u010distljiva povr\u0161ina s \u010drno barvo in mat lakom<\/p>\n<h2>Kje je videti najbolje?<\/h2>\n<p>- Kot osrednji element v sodobni skandinavski dnevni sobi<br \/>\n- Kot zna\u010dilen dodatek v podstre\u0161nem stanovanju v industrijskem slogu<br \/>\n- V prostorih s starinskim pridihom, skupaj z drugim pohi\u0161tvom iz recikliranega lesa<br \/>\n- Kot posebna dekoracija za bralni koti\u010dek, dnevno sobo ali sobo za goste<br \/>\n- V domovih, kjer je pomembna harmonija trajnosti in oblikovanja<\/p>\n<p>Kavna mizica Handicraft Black ni le kos pohi\u0161tva, temve\u010d pravo umetni\u0161ko delo, ki predstavlja brez\u010dasno vrednost in v vsak dom prina\u0161a edinstveno zgodbo. Odkrijte vrhunski svet Madam Stoltz in svoji notranjosti podarite posebno dodatno noto, ki jo i\u0161\u010dete!<\/p>","protected":false},"excerpt":{"rendered":"<p>Kavna mizica Handicraft v \u010drni barvi iz recikliranega lesa bo s svojim edinstvenim videzom poseben dragulj v va\u0161em vintage, industrijskem ali skandinavskem domu.<\/p>","protected":false},"featured_media":7727,"comment_status":"closed","ping_status":"open","template":"","meta":{"_acf_changed":false,"_kad_post_transparent":"","_kad_post_title":"","_kad_post_layout":"","_kad_post_sidebar_id":"","_kad_post_content_style":"","_kad_post_vertical_padding":"","_kad_post_feature":"","_kad_post_feature_position":"","_kad_post_header":false,"_kad_post_footer":false,"_kad_post_classname":""},"pwb-brand":[1102],"product_brand":[],"product_cat":[158,157],"product_tag":[1097,334,398,34,396,318,433],"gyarto":[1103],"class_list":{"0":"post-7809","1":"product","2":"type-product","3":"status-publish","4":"has-post-thumbnail","6":"pwb-brand-madam-stoltz","7":"product_cat-coffee-table","8":"product_cat-table","9":"product_tag-autumn-winter-2025","10":"product_tag-new-arrivals","11":"product_tag-nordic-design","12":"product_tag-nordic-interior-design","13":"product_tag-nordic-style","14":"product_tag-reclaimed-wood-furniture","15":"product_tag-round-coffee-table","16":"pa_colour-black","17":"pa_material-reclaimed-wood","18":"gyarto-madam-stoltz","20":"first","21":"instock","22":"taxable","23":"shipping-taxable","24":"purchasable","25":"product-type-simple","26":"entry","27":"content-bg","28":"loop-entry"},"acf":[],"brands":[{"id":1102,"name":"Gospa Stoltz","slug":"gospa-stoltz"}],"_links":{"self":[{"href":"https:\/\/yournordichome.com\/sl\/wp-json\/wp\/v2\/product\/7809","targetHints":{"allow":["GET"]}}],"collection":[{"href":"https:\/\/yournordichome.com\/sl\/wp-json\/wp\/v2\/product"}],"about":[{"href":"https:\/\/yournordichome.com\/sl\/wp-json\/wp\/v2\/types\/product"}],"replies":[{"embeddable":true,"href":"https:\/\/yournordichome.com\/sl\/wp-json\/wp\/v2\/comments?post=7809"}],"wp:featuredmedia":[{"embeddable":true,"href":"https:\/\/yournordichome.com\/sl\/wp-json\/wp\/v2\/media\/7727"}],"wp:attachment":[{"href":"https:\/\/yournordichome.com\/sl\/wp-json\/wp\/v2\/media?parent=7809"}],"wp:term":[{"taxonomy":"pwb-brand","embeddable":true,"href":"https:\/\/yournordichome.com\/sl\/wp-json\/wp\/v2\/pwb-brand?post=7809"},{"taxonomy":"product_brand","embeddable":true,"href":"https:\/\/yournordichome.com\/sl\/wp-json\/wp\/v2\/product_brand?post=7809"},{"taxonomy":"product_cat","embeddable":true,"href":"https:\/\/yournordichome.com\/sl\/wp-json\/wp\/v2\/product_cat?post=7809"},{"taxonomy":"product_tag","embeddable":true,"href":"https:\/\/yournordichome.com\/sl\/wp-json\/wp\/v2\/product_tag?post=7809"},{"taxonomy":"gyarto","embeddable":true,"href":"https:\/\/yournordichome.com\/sl\/wp-json\/wp\/v2\/gyarto?post=7809"}],"curies":[{"name":"wp","href":"https:\/\/api.w.org\/{rel}","templated":true}]}}