{"id":7807,"date":"2025-08-22T14:43:40","date_gmt":"2025-08-22T14:43:40","guid":{"rendered":"https:\/\/yournordichome.com\/product\/artisan-crafted-wooden-coffee-table\/"},"modified":"2026-04-15T07:25:27","modified_gmt":"2026-04-15T07:25:27","slug":"obrtnisko-izdelana-lesena-mizica-za-kavo","status":"publish","type":"product","link":"https:\/\/yournordichome.com\/sl\/product\/artisan-crafted-wooden-coffee-table\/","title":{"rendered":"Obrtni\u0161ko izdelana lesena miza za kavo"},"content":{"rendered":"<p>Kavna mizica Madam Stoltz iz obnovljenega lesa je resni\u010dno edinstvena in elegantna izbira za ljubitelje edinstvene notranjosti. Vsak kos te okrogle kavne mizice pripoveduje pravo zgodbo: les je bil prej del indijske stavbe, zato majhne razpoke, barvni odtenki in edinstvene zna\u010dilnosti ohranjajo preteklost lesa. Tako v svoj dom ne boste prinesli le kosa pohi\u0161tva, temve\u010d tudi del\u010dek zgodovine.<\/p>\n<p>Miza za kavo iz obnovljenega lesa ni le spektakularna, temve\u010d tudi zelo prakti\u010dna in vzdr\u017eljiva. Njen premer je 60 cm, vi\u0161ina 35 cm, zato je kot nala\u0161\u010d za \u010dajanke, prijateljske pogovore ali postavljanje okrasnih predmetov. Njena \u010dista oblika se zlahka vklju\u010di v moderne in klasi\u010dne interierje, zaradi naravnega, toplega tona pa prostor postane bolj doma\u010d. Les je neobdelan, zato ohranja svojo prvotno strukturo in barvo, ki ju lahko o\u010distite z vodo in blagim milom.<\/p>\n<h2>Dimenzije izdelka<\/h2>\n<p>Dimenzije izdelka: D60xH35 cm<br \/>\nBarva: naravna<br \/>\nMaterial: Recikliran les<br \/>\nNaravni in ponovno uporabljeni materiali se razlikujejo po obliki in barvi.<\/p>\n<h2>Zakaj izbrati leseno mizico za kavo Artisan Crafted?<\/h2>\n<p>- Vsak kos je popolnoma edinstven, zato ne boste dvakrat sre\u010dali enakega vzorca ali barve.<br \/>\n- Okoljsko ozave\u0161\u010dena odlo\u010ditev: izdelan je z recikliranjem starega gradbenega lesa, s \u010dimer podpirate trajnost.<br \/>\n- Zagotavlja pravi vintage u\u010dinek, hkrati pa je \u0161e vedno \u010dist in sodoben.<br \/>\n- Ohranja naravno, izvirno lepoto lesa z vsemi razpokami in razli\u010dnimi barvnimi odtenki.<br \/>\n- V va\u0161 dom prina\u0161a vrhunsko kakovost blagovne znamke Madam Stoltz.<\/p>\n<h2>Kje je videti najbolje?<\/h2>\n<p>- Kot osrednji element v sodobnih, \u010distih dnevnih sobah.<br \/>\n- Kot poudarjen element oblikovanja v starinskih prostorih ali prostorih v mansardnem slogu.<br \/>\n- Kot mizica v doma\u010dem bralnem koti\u010dku, zimskem vrtu ali prijaznem kavarni\u0161kem koti\u010dku.<br \/>\n- V edinstvenih, umetni\u0161kih stanovanjih, kjer podrobnosti naredijo notranjost posebno.<\/p>\n<p>Miza za kavo iz recikliranega lesa zdru\u017euje trajnost, vrhunsko kakovost in pravi vintage ob\u010dutek. \u010ce \u017eelite, da je va\u0161 dom opremljen ne le z elegantnimi, temve\u010d tudi odgovorno izbranimi kosi, je ta mizica popolna izbira. Les z edinstveno zgodovino poka\u017ee vso svojo strukturo in sledi preteklosti ter v vsak bivalni prostor vnese novo \u017eivljenje.<\/p>","protected":false},"excerpt":{"rendered":"<p>Miza za kavo je poseben vintage kos iz obnovljenega lesa, katerega vsak element je edinstven. V va\u0161 dom bo vnesla toplo, naravno vzdu\u0161je.<\/p>","protected":false},"featured_media":7707,"comment_status":"closed","ping_status":"closed","template":"","meta":{"_acf_changed":false,"_kad_post_transparent":"default","_kad_post_title":"","_kad_post_layout":"default","_kad_post_sidebar_id":"","_kad_post_content_style":"default","_kad_post_vertical_padding":"default","_kad_post_feature":"","_kad_post_feature_position":"","_kad_post_header":false,"_kad_post_footer":false,"_kad_post_classname":""},"pwb-brand":[1102],"product_brand":[],"product_cat":[158,157],"product_tag":[1097,146,334,398,34,396,318,433,98],"gyarto":[1103],"class_list":{"0":"post-7807","1":"product","2":"type-product","3":"status-publish","4":"has-post-thumbnail","6":"pwb-brand-madam-stoltz","7":"product_cat-coffee-table","8":"product_cat-table","9":"product_tag-autumn-winter-2025","10":"product_tag-ethno-style","11":"product_tag-new-arrivals","12":"product_tag-nordic-design","13":"product_tag-nordic-interior-design","14":"product_tag-nordic-style","15":"product_tag-reclaimed-wood-furniture","16":"product_tag-round-coffee-table","17":"product_tag-vintage-style","18":"pa_colour-nature","19":"pa_material-reclaimed-wood","20":"gyarto-madam-stoltz","22":"first","23":"instock","24":"taxable","25":"shipping-taxable","26":"purchasable","27":"product-type-simple","28":"entry","29":"content-bg","30":"loop-entry"},"acf":[],"brands":[{"id":1102,"name":"Gospa Stoltz","slug":"gospa-stoltz"}],"_links":{"self":[{"href":"https:\/\/yournordichome.com\/sl\/wp-json\/wp\/v2\/product\/7807","targetHints":{"allow":["GET"]}}],"collection":[{"href":"https:\/\/yournordichome.com\/sl\/wp-json\/wp\/v2\/product"}],"about":[{"href":"https:\/\/yournordichome.com\/sl\/wp-json\/wp\/v2\/types\/product"}],"replies":[{"embeddable":true,"href":"https:\/\/yournordichome.com\/sl\/wp-json\/wp\/v2\/comments?post=7807"}],"wp:featuredmedia":[{"embeddable":true,"href":"https:\/\/yournordichome.com\/sl\/wp-json\/wp\/v2\/media\/7707"}],"wp:attachment":[{"href":"https:\/\/yournordichome.com\/sl\/wp-json\/wp\/v2\/media?parent=7807"}],"wp:term":[{"taxonomy":"pwb-brand","embeddable":true,"href":"https:\/\/yournordichome.com\/sl\/wp-json\/wp\/v2\/pwb-brand?post=7807"},{"taxonomy":"product_brand","embeddable":true,"href":"https:\/\/yournordichome.com\/sl\/wp-json\/wp\/v2\/product_brand?post=7807"},{"taxonomy":"product_cat","embeddable":true,"href":"https:\/\/yournordichome.com\/sl\/wp-json\/wp\/v2\/product_cat?post=7807"},{"taxonomy":"product_tag","embeddable":true,"href":"https:\/\/yournordichome.com\/sl\/wp-json\/wp\/v2\/product_tag?post=7807"},{"taxonomy":"gyarto","embeddable":true,"href":"https:\/\/yournordichome.com\/sl\/wp-json\/wp\/v2\/gyarto?post=7807"}],"curies":[{"name":"wp","href":"https:\/\/api.w.org\/{rel}","templated":true}]}}