{"id":7806,"date":"2025-08-22T14:43:40","date_gmt":"2025-08-22T14:43:40","guid":{"rendered":"https:\/\/yournordichome.com\/product\/round-cafe-table-recycled-wood\/"},"modified":"2025-11-07T12:03:22","modified_gmt":"2025-11-07T12:03:22","slug":"okrogla-miza-za-kavarno-iz-recikliranega-lesa","status":"publish","type":"product","link":"https:\/\/yournordichome.com\/sl\/product\/round-cafe-table-recycled-wood\/","title":{"rendered":"Okrogla kavarni\u0161ka miza iz recikliranega lesa"},"content":{"rendered":"<p>Okrogla stranska mizica Madam Stoltz iz obnovljenega lesa je odli\u010dna izbira za vse, ki imajo radi trajnostne in naravne materiale ter \u017eelijo v svoj dom vnesti posebno vzdu\u0161je. Ta prakti\u010dna stranska mizica nosi edinstvene zgodbe: uporabljeni les je bil prej del indijanske stavbe, zato so na vsakem kosu jasno vidne naravne razpoke, nepravilnosti in barvne razlike. Te zna\u010dajske lastnosti niso napake, temve\u010d dajejo okrogli stranski mizi iz obnovljenega lesenega pohi\u0161tva pravi \u010dar in zagotavljajo, da ni dveh popolnoma enakih miz.<\/p>\n<p>Okrogla miza s premerom 66 cm in vi\u0161ino 73 cm je \u0161e posebej primerna za uporabo v manj\u0161ih prostorih med dvema foteljema, lahko pa je tudi impresiven dekorativni element v ve\u010djih dnevnih sobah. Vanjo lahko shranite svojo najljub\u0161o knjigo, kavo ali pa jo uporabite za poudarjanje posebnega \u0161opka ro\u017e. Neobdelan obnovljen les zagotavlja naraven, topel videz v vsaki notranjosti in iz\u017eareva resni\u010dno vrhunski ob\u010dutek. Je enostaven za \u010di\u0161\u010denje: obdelate ga lahko z vodo in blagim milom, zato ga lahko uporabljate tudi v aktivnej\u0161ih gospodinjstvih.<\/p>\n<h2>Dimenzije izdelka<\/h2>\n<p>Dimenzije izdelka: D66xH73 cm<br \/>\nBarva: naravna<br \/>\nMaterial: Recikliran les<br \/>\nNaravni in ponovno uporabljeni materiali se razlikujejo po obliki in barvi.<\/p>\n<h2>Zakaj izbrati okroglo mizo za kavarno iz recikliranega lesa?<\/h2>\n<p>- Trajnostna izbira: v celoti iz recikliranega lesa<br \/>\n- Edinstven, zna\u010dilen kos: vsaka miza je neponovljiva<br \/>\n- Povezuje vrhunski \u017eivljenjski slog, uporaba naravnih materialov pa bo polep\u0161ala vsako notranjost.<br \/>\n- Prakti\u010dna velikost: lahko se dobro uporablja tako v manj\u0161ih kot ve\u010djih prostorih<br \/>\n- Okolju prijazna odlo\u010ditev, na katero ste lahko ponosni<\/p>\n<h2>Kje je videti najbolje?<\/h2>\n<p>- Med dvema foteljema, v manj\u0161ih kotih dnevne sobe<br \/>\n- V prostornih prostorih kot dekorativni element<br \/>\n- Bralni koti\u010dek, dragulj spalnice ali hodnika<br \/>\n- V domovih v modernem, starinskem ali boemskem slogu<br \/>\n- pod \u0161opkom cvetja, najljub\u0161im okraskom ali knjigami<\/p>\n<p>Okrogla stranska mizica iz recikliranega lesa zdru\u017euje trajnost, edinstvenost in elegantno, naravno oblikovanje, zna\u010dilno za blagovno znamko Madam Stoltz. Odnesite domov kos preteklosti in vdihnite novo \u017eivljenje res posebnemu kosu pohi\u0161tva!<\/p>","protected":false},"excerpt":{"rendered":"<p>Okrogla mizica za kavo iz obnovljenega lesa iz zbirke Premium Madam Stoltz. Trajnostni, edinstven kos, ki je lahko posebna osrednja to\u010dka v vsakem prostoru.<\/p>","protected":false},"featured_media":7769,"comment_status":"closed","ping_status":"closed","template":"","meta":{"_acf_changed":false,"_kad_post_transparent":"default","_kad_post_title":"","_kad_post_layout":"default","_kad_post_sidebar_id":"","_kad_post_content_style":"default","_kad_post_vertical_padding":"default","_kad_post_feature":"","_kad_post_feature_position":"","_kad_post_header":false,"_kad_post_footer":false,"_kad_post_classname":""},"pwb-brand":[1102],"product_brand":[],"product_cat":[158,157],"product_tag":[1097,146,334,398,34,396,318,433],"gyarto":[1103],"class_list":{"0":"post-7806","1":"product","2":"type-product","3":"status-publish","4":"has-post-thumbnail","6":"pwb-brand-madam-stoltz","7":"product_cat-coffee-table","8":"product_cat-table","9":"product_tag-autumn-winter-2025","10":"product_tag-ethno-style","11":"product_tag-new-arrivals","12":"product_tag-nordic-design","13":"product_tag-nordic-interior-design","14":"product_tag-nordic-style","15":"product_tag-reclaimed-wood-furniture","16":"product_tag-round-coffee-table","17":"pa_colour-nature","18":"pa_material-reclaimed-wood","19":"gyarto-madam-stoltz","21":"first","22":"instock","23":"taxable","24":"shipping-taxable","25":"purchasable","26":"product-type-simple","27":"entry","28":"content-bg","29":"loop-entry"},"acf":[],"brands":[{"id":1102,"name":"Gospa Stoltz","slug":"gospa-stoltz"}],"_links":{"self":[{"href":"https:\/\/yournordichome.com\/sl\/wp-json\/wp\/v2\/product\/7806","targetHints":{"allow":["GET"]}}],"collection":[{"href":"https:\/\/yournordichome.com\/sl\/wp-json\/wp\/v2\/product"}],"about":[{"href":"https:\/\/yournordichome.com\/sl\/wp-json\/wp\/v2\/types\/product"}],"replies":[{"embeddable":true,"href":"https:\/\/yournordichome.com\/sl\/wp-json\/wp\/v2\/comments?post=7806"}],"wp:featuredmedia":[{"embeddable":true,"href":"https:\/\/yournordichome.com\/sl\/wp-json\/wp\/v2\/media\/7769"}],"wp:attachment":[{"href":"https:\/\/yournordichome.com\/sl\/wp-json\/wp\/v2\/media?parent=7806"}],"wp:term":[{"taxonomy":"pwb-brand","embeddable":true,"href":"https:\/\/yournordichome.com\/sl\/wp-json\/wp\/v2\/pwb-brand?post=7806"},{"taxonomy":"product_brand","embeddable":true,"href":"https:\/\/yournordichome.com\/sl\/wp-json\/wp\/v2\/product_brand?post=7806"},{"taxonomy":"product_cat","embeddable":true,"href":"https:\/\/yournordichome.com\/sl\/wp-json\/wp\/v2\/product_cat?post=7806"},{"taxonomy":"product_tag","embeddable":true,"href":"https:\/\/yournordichome.com\/sl\/wp-json\/wp\/v2\/product_tag?post=7806"},{"taxonomy":"gyarto","embeddable":true,"href":"https:\/\/yournordichome.com\/sl\/wp-json\/wp\/v2\/gyarto?post=7806"}],"curies":[{"name":"wp","href":"https:\/\/api.w.org\/{rel}","templated":true}]}}