{"id":7802,"date":"2025-08-22T14:43:40","date_gmt":"2025-08-22T14:43:40","guid":{"rendered":"https:\/\/yournordichome.com\/product\/wooden-coffee-table\/"},"modified":"2025-08-22T14:43:48","modified_gmt":"2025-08-22T14:43:48","slug":"lesena-mizica-za-kavo","status":"publish","type":"product","link":"https:\/\/yournordichome.com\/sl\/product\/wooden-coffee-table\/","title":{"rendered":"Lesena mizica za kavo"},"content":{"rendered":"<p>Okrogla kavna mizica Acacia je izjemen kos blagovne znamke Madam Stoltz, ki zdru\u017euje tradicionalno indijsko obrt z enostavnostjo sodobnega oblikovanja. Ta vrhunska mizica za kavo je izdelana iz trpe\u017enega, bogato obarvanega lesa akacije, ki je s svojo edinstveno naravno teksturo lahko vrhunec vsakega doma. Njene asimetri\u010dne oblike, mehki zaobljeni robovi in topel les se harmoni\u010dno ujemajo tako s sodobnimi notranjostmi kot z udobnimi pode\u017eelskimi domovi.<\/p>\n<p>Miza ni le funkcionalen kos pohi\u0161tva, temve\u010d tudi resni\u010dno eleganten dodatek, ki dnevno sobo napolni z \u017eivljenjem. Zaradi naravne lepote in raznolikih barv akacijevega lesa je vsaka mizica edinstvena, zato ste lahko prepri\u010dani, da boste imeli v svojem domu resni\u010dno posebno mizico. S premerom 60 cm in vi\u0161ino 40 cm je idealna izbira za dru\u017einsko dnevno sobo ali celo udoben bralni koti\u010dek.<\/p>\n<h2>Dimenzije izdelka<\/h2>\n<p>Dimenzije izdelka: D60xH40 cm<br \/>\nBarva: naravna<br \/>\nMaterial: Akacijev les<\/p>\n<h2>Zakaj izbrati leseno mizico?<\/h2>\n<p>- Izdelano iz trpe\u017enega masivnega akacijevega lesa, zasnovanega za dolgo \u017eivljenjsko dobo<br \/>\n- Vsak kos ima edinstveno strukturo in naravno lepoto.<br \/>\n- Sodobna, a brez\u010dasna oblika, ki se prilega vsaki notranjosti<br \/>\n- \u010cista, a zna\u010dilna zasnova, ki va\u0161emu domu daje ekskluziven videz<br \/>\n- Enostavno \u010di\u0161\u010denje, potrebujete le mehko in vla\u017eno krpo.<br \/>\n- Kakovost Madam Stoltz, ki je zagotovilo obrtne tradicije in oblikovanja<\/p>\n<h2>Kje je videti najbolje?<\/h2>\n<p>- V dnevni sobi sodobnih mestnih stanovanj<br \/>\n- V prostorih v skandinavskem ali minimalisti\u010dnem slogu<br \/>\n- V toplih pode\u017eelskih domovih, kjer prevladujejo naravni materiali.<br \/>\n- V prijetnih bralnih koti\u010dkih, dnevnih sobah<br \/>\n- v elegantnih kavarnah ali \u010dakalnicah za goste<\/p>\n<p>Okrogla kavna mizica iz akacije s svojim zna\u010dilnim, a harmoni\u010dnim videzom obogati vsak dom.<\/p>","protected":false},"excerpt":{"rendered":"<p>Okrogla kavna mizica Akacija v va\u0161 dom vna\u0161a slog in naravno eleganco, saj je edinstvenega videza in ima mizno plo\u0161\u010do iz lesa akacije vrhunske kakovosti.<\/p>","protected":false},"featured_media":7793,"comment_status":"closed","ping_status":"open","template":"","meta":{"_acf_changed":false,"_kad_post_transparent":"","_kad_post_title":"","_kad_post_layout":"","_kad_post_sidebar_id":"","_kad_post_content_style":"","_kad_post_vertical_padding":"","_kad_post_feature":"","_kad_post_feature_position":"","_kad_post_header":false,"_kad_post_footer":false,"_kad_post_classname":""},"pwb-brand":[1102],"product_brand":[],"product_cat":[158,157],"product_tag":[247,1097,146,334,398,34,396,433],"gyarto":[1103],"class_list":{"0":"post-7802","1":"product","2":"type-product","3":"status-publish","4":"has-post-thumbnail","6":"pwb-brand-madam-stoltz","7":"product_cat-coffee-table","8":"product_cat-table","9":"product_tag-acacia-wood-furniture","10":"product_tag-autumn-winter-2025","11":"product_tag-ethno-style","12":"product_tag-new-arrivals","13":"product_tag-nordic-design","14":"product_tag-nordic-interior-design","15":"product_tag-nordic-style","16":"product_tag-round-coffee-table","17":"pa_colour-nature","18":"pa_material-acacia-wood","19":"gyarto-madam-stoltz","21":"first","22":"instock","23":"taxable","24":"shipping-taxable","25":"purchasable","26":"product-type-simple","27":"entry","28":"content-bg","29":"loop-entry"},"acf":[],"brands":[{"id":1102,"name":"Gospa Stoltz","slug":"gospa-stoltz"}],"_links":{"self":[{"href":"https:\/\/yournordichome.com\/sl\/wp-json\/wp\/v2\/product\/7802","targetHints":{"allow":["GET"]}}],"collection":[{"href":"https:\/\/yournordichome.com\/sl\/wp-json\/wp\/v2\/product"}],"about":[{"href":"https:\/\/yournordichome.com\/sl\/wp-json\/wp\/v2\/types\/product"}],"replies":[{"embeddable":true,"href":"https:\/\/yournordichome.com\/sl\/wp-json\/wp\/v2\/comments?post=7802"}],"wp:featuredmedia":[{"embeddable":true,"href":"https:\/\/yournordichome.com\/sl\/wp-json\/wp\/v2\/media\/7793"}],"wp:attachment":[{"href":"https:\/\/yournordichome.com\/sl\/wp-json\/wp\/v2\/media?parent=7802"}],"wp:term":[{"taxonomy":"pwb-brand","embeddable":true,"href":"https:\/\/yournordichome.com\/sl\/wp-json\/wp\/v2\/pwb-brand?post=7802"},{"taxonomy":"product_brand","embeddable":true,"href":"https:\/\/yournordichome.com\/sl\/wp-json\/wp\/v2\/product_brand?post=7802"},{"taxonomy":"product_cat","embeddable":true,"href":"https:\/\/yournordichome.com\/sl\/wp-json\/wp\/v2\/product_cat?post=7802"},{"taxonomy":"product_tag","embeddable":true,"href":"https:\/\/yournordichome.com\/sl\/wp-json\/wp\/v2\/product_tag?post=7802"},{"taxonomy":"gyarto","embeddable":true,"href":"https:\/\/yournordichome.com\/sl\/wp-json\/wp\/v2\/gyarto?post=7802"}],"curies":[{"name":"wp","href":"https:\/\/api.w.org\/{rel}","templated":true}]}}