{"id":7636,"date":"2025-08-08T09:35:54","date_gmt":"2025-08-08T09:35:54","guid":{"rendered":"https:\/\/yournordichome.com\/product\/ember-metal-cabinet\/"},"modified":"2026-04-15T07:17:22","modified_gmt":"2026-04-15T07:17:22","slug":"kovinska-omara-ember","status":"publish","type":"product","link":"https:\/\/yournordichome.com\/sl\/product\/ember-metal-cabinet\/","title":{"rendered":"Kovinska omara Ember"},"content":{"rendered":"<p>Kovinska komoda Bloomingville s pletenimi vrati je eleganten in vsestranski element za shranjevanje, ki je odli\u010dna izbira, \u010de \u017eelite svojemu domu dodati edinstven in eleganten videz. Ta vrhunska komoda s \u010drnim ukrivljenim kovinskim okvirjem ustvarja sodobno vzdu\u0161je, medtem ko vrata iz bambusove protja\u017ee dajejo kosu topel, naraven zna\u010daj. Kovinska komoda z vrati iz protja odli\u010dno zdru\u017euje skandinavsko preprostost s klasi\u010dnimi ro\u010dno izdelanimi podrobnostmi, zato je brez\u010dasna in modna izbira.<\/p>\n<p>Kovinska komoda Bloomingville s pletenimi vrati ni le estetska, ampak tudi zelo prakti\u010dna. Prostorna notranjost 105 cm visoke, 92 cm \u0161iroke in 36,5 cm globoke shranjevalne enote zlahka sprejme va\u0161e vsakodnevne predmete, pa naj gre za knjige, posodo ali va\u0161e najljub\u0161e okraske. Zahvaljujo\u010d uporabi kovine in bambusa je trpe\u017ena, enostavna za \u010di\u0161\u010denje (preprosto obri\u0161ite z vla\u017eno krpo), zato bo dolgoro\u010dno ostala v svoji \u010dudoviti obliki. Zaradi prefinjene izdelave in odli\u010dne kakovosti materialov je videti odli\u010dno v vsakem prostoru va\u0161ega doma.<\/p>\n<h2>Dimenzije izdelka<\/h2>\n<p>Dimenzije izdelka: D92xV105x\u016036,5 cm<br \/>\nMaterial izdelka: kovina, bambus<br \/>\nNavodila za nego: Obri\u0161ite z vla\u017eno krpo.<\/p>\n<h2>Zakaj izbrati kovinsko omaro Ember?<\/h2>\n<ul>\n<li>Sodobna, elegantna zasnova z vrhunskimi materiali<\/li>\n<li>Prostoren in prakti\u010den prostor za shranjevanje vsakodnevnih predmetov<\/li>\n<li>Edinstven, naraven u\u010dinek zaradi bambusovih tkanih vrat<\/li>\n<li>Povr\u0161ine, ki jih je enostavno o\u010distiti<\/li>\n<li>\u00a0Zanesljiva kakovost Bloomingville<\/li>\n<\/ul>\n<h2>Kje je videti najbolje?<\/h2>\n<ul>\n<li>V dnevni sobi: kot udoben, dekorativen kos pohi\u0161tva<\/li>\n<li>V spalnici: kot dodaten prostor za shranjevanje, kot komoda<\/li>\n<li>Na hodniku: za shranjevanje \u010devljev, rokavic, \u0161alov<\/li>\n<li>V jedilnici: za shranjevanje posode, pribora<\/li>\n<li>V delovni sobi: za urejanje knjig, dokumentov<\/li>\n<\/ul>\n<p>Kovinska komoda z vrati iz protja je lahko pravi dragulj va\u0161ega doma, kjer harmonija sodobne kovine in naravnega bambusovega protja za\u017eivi in zagotavlja edinstven vrhunski ob\u010dutek \u017eivljenja.<\/p>","protected":false},"excerpt":{"rendered":"<p>Kovinska komoda z vrati iz protja je elegantna in prostorna skladi\u0161\u010dna enota, ki zdru\u017euje vrhunsko kakovost Bloomingville s sodobnim in naravnim videzom.<\/p>","protected":false},"featured_media":7555,"comment_status":"closed","ping_status":"closed","template":"","meta":{"_acf_changed":false,"_kad_post_transparent":"default","_kad_post_title":"","_kad_post_layout":"default","_kad_post_sidebar_id":"","_kad_post_content_style":"default","_kad_post_vertical_padding":"default","_kad_post_feature":"","_kad_post_feature_position":"","_kad_post_header":false,"_kad_post_footer":false,"_kad_post_classname":""},"pwb-brand":[],"product_brand":[],"product_cat":[94,95],"product_tag":[1097,334,398,206,397,396],"gyarto":[1099],"class_list":{"0":"post-7636","1":"product","2":"type-product","3":"status-publish","4":"has-post-thumbnail","6":"product_cat-furniture","7":"product_cat-storage-unit","8":"product_tag-autumn-winter-2025","9":"product_tag-new-arrivals","10":"product_tag-nordic-design","11":"product_tag-nordic-furniture","12":"product_tag-nordic-home","13":"product_tag-nordic-style","14":"pa_colour-black","15":"pa_material-metal","16":"gyarto-bloomingville","18":"first","19":"outofstock","20":"taxable","21":"shipping-taxable","22":"purchasable","23":"product-type-simple","24":"entry","25":"content-bg","26":"loop-entry"},"acf":[],"brands":[],"_links":{"self":[{"href":"https:\/\/yournordichome.com\/sl\/wp-json\/wp\/v2\/product\/7636","targetHints":{"allow":["GET"]}}],"collection":[{"href":"https:\/\/yournordichome.com\/sl\/wp-json\/wp\/v2\/product"}],"about":[{"href":"https:\/\/yournordichome.com\/sl\/wp-json\/wp\/v2\/types\/product"}],"replies":[{"embeddable":true,"href":"https:\/\/yournordichome.com\/sl\/wp-json\/wp\/v2\/comments?post=7636"}],"wp:featuredmedia":[{"embeddable":true,"href":"https:\/\/yournordichome.com\/sl\/wp-json\/wp\/v2\/media\/7555"}],"wp:attachment":[{"href":"https:\/\/yournordichome.com\/sl\/wp-json\/wp\/v2\/media?parent=7636"}],"wp:term":[{"taxonomy":"pwb-brand","embeddable":true,"href":"https:\/\/yournordichome.com\/sl\/wp-json\/wp\/v2\/pwb-brand?post=7636"},{"taxonomy":"product_brand","embeddable":true,"href":"https:\/\/yournordichome.com\/sl\/wp-json\/wp\/v2\/product_brand?post=7636"},{"taxonomy":"product_cat","embeddable":true,"href":"https:\/\/yournordichome.com\/sl\/wp-json\/wp\/v2\/product_cat?post=7636"},{"taxonomy":"product_tag","embeddable":true,"href":"https:\/\/yournordichome.com\/sl\/wp-json\/wp\/v2\/product_tag?post=7636"},{"taxonomy":"gyarto","embeddable":true,"href":"https:\/\/yournordichome.com\/sl\/wp-json\/wp\/v2\/gyarto?post=7636"}],"curies":[{"name":"wp","href":"https:\/\/api.w.org\/{rel}","templated":true}]}}