{"id":7633,"date":"2025-08-08T09:35:54","date_gmt":"2025-08-08T09:35:54","guid":{"rendered":"https:\/\/yournordichome.com\/product\/ferdinand-bench-for-kids-room\/"},"modified":"2025-09-20T07:32:44","modified_gmt":"2025-09-20T07:32:44","slug":"ferdinandova-klop-za-otrosko-sobo","status":"publish","type":"product","link":"https:\/\/yournordichome.com\/sl\/product\/ferdinand-bench-for-kids-room\/","title":{"rendered":"Ferdinandova klop za otro\u0161ko sobo"},"content":{"rendered":"<p>Otro\u0161ka klop Ferdinand iz podjetja Bloomingville je edinstven, a funkcionalen kos za vsakega otroka. Prikupna klop v obliki slona bo zagotovo okras v sobi, hkrati pa bo slu\u017eila tudi kot prakti\u010den prostor za shranjevanje. Klop je izdelana iz MDF-ja s certifikatom FSC\u00ae in je izdelana z mislijo na trajnost, zato ste lahko prepri\u010dani, da s svojo izbiro podpirate okolje.<\/p>\n<p>Otro\u0161ka klop Ferdinand ima tri odprte police ob strani in skriti predal za shranjevanje pod sede\u017eem, tako da lahko vanjo preprosto shranite igra\u010de, knjige ali celo odeje. Klop je visoka 32 cm, \u0161iroka 110 cm in globoka 36 cm, zato je idealna velikost za otro\u0161ki sede\u017e, hkrati pa zagotavlja dovolj prostora za shranjevanje. Njena vesela oblika ustvarja igrivo vzdu\u0161je, njena zasnova pa se odli\u010dno prilega sodobnim, skandinavskim notranjostim otro\u0161kih sob.<\/p>\n<h2>Dimenzije izdelka<\/h2>\n<p>Dimenzije izdelka: L110xH32xW36 cm<br \/>\nMaterial izdelka: 100% FSC\u00ae MDF<\/p>\n<h2>Zakaj izbrati klop Ferdinand za otro\u0161ko sobo?<\/h2>\n<p>- Edinstvena zasnova slona prina\u0161a zabavo v otro\u0161ko sobo.<br \/>\n- Funkcionalno: ima police in vgrajeno shrambo pod sede\u017eem.<br \/>\n- Vrhunska kakovost: izdelan iz mo\u010dnega MDF-ja s certifikatom FSC\u00ae.<br \/>\n- Enostaven za \u010di\u0161\u010denje, trpe\u017een in varen.<br \/>\n- Razvija otrokove organizacijske spretnosti.<\/p>\n<h2>Kje je videti najbolje?<\/h2>\n<p>- V otro\u0161ki sobi kot sede\u017e za bralni koti\u010dek ali igralni koti\u010dek.<br \/>\n- Na hodniku, kjer se lahko mal\u010dki usedejo, da si sezujejo \u010devlje in jih pospravijo v spodnji predal.<br \/>\n- V igralnici za urejeno shranjevanje knjig, igra\u010d ali pli\u0161astih \u017eivali.<\/p>\n<p>Klop za otro\u0161ko sobo Ferdinand je odli\u010dna izbira za vsako sodobno otro\u0161ko sobo ali igralnico. Zaradi \u010distega sloga, uporabe kakovostnih materialov in prijetne oblike bo zagotovo postala priljubljena v dru\u017eini. To prakti\u010dno in dekorativno klop odnesite domov, da bo otro\u0161ka soba \u0161e bolj prijetna in urejena!<\/p>","protected":false},"excerpt":{"rendered":"<p>Otro\u0161ka klop Ferdinand je s svojo prikupno obliko slona in prakti\u010dnim prostorom za shranjevanje vesela in doma\u010da re\u0161itev za vsako otro\u0161ko sobo. Izdelana je iz visokokakovostnega FSC\u00ae MDF.<\/p>","protected":false},"featured_media":7566,"comment_status":"closed","ping_status":"closed","template":"","meta":{"_acf_changed":false,"_kad_post_transparent":"default","_kad_post_title":"","_kad_post_layout":"default","_kad_post_sidebar_id":"","_kad_post_content_style":"default","_kad_post_vertical_padding":"default","_kad_post_feature":"","_kad_post_feature_position":"","_kad_post_header":false,"_kad_post_footer":false,"_kad_post_classname":""},"pwb-brand":[17],"product_brand":[],"product_cat":[77,47],"product_tag":[1097,334,398,206,397,396],"gyarto":[],"class_list":{"0":"post-7633","1":"product","2":"type-product","3":"status-publish","4":"has-post-thumbnail","6":"pwb-brand-bloomingville","7":"product_cat-childrens-furniture","8":"product_cat-kids","9":"product_tag-autumn-winter-2025","10":"product_tag-new-arrivals","11":"product_tag-nordic-design","12":"product_tag-nordic-furniture","13":"product_tag-nordic-home","14":"product_tag-nordic-style","15":"pa_colour-grey","16":"pa_material-mdf","18":"first","19":"instock","20":"taxable","21":"shipping-taxable","22":"purchasable","23":"product-type-simple","24":"entry","25":"content-bg","26":"loop-entry"},"acf":[],"brands":[{"id":17,"name":"Bloomingville","slug":"bloomingville"}],"_links":{"self":[{"href":"https:\/\/yournordichome.com\/sl\/wp-json\/wp\/v2\/product\/7633","targetHints":{"allow":["GET"]}}],"collection":[{"href":"https:\/\/yournordichome.com\/sl\/wp-json\/wp\/v2\/product"}],"about":[{"href":"https:\/\/yournordichome.com\/sl\/wp-json\/wp\/v2\/types\/product"}],"replies":[{"embeddable":true,"href":"https:\/\/yournordichome.com\/sl\/wp-json\/wp\/v2\/comments?post=7633"}],"wp:featuredmedia":[{"embeddable":true,"href":"https:\/\/yournordichome.com\/sl\/wp-json\/wp\/v2\/media\/7566"}],"wp:attachment":[{"href":"https:\/\/yournordichome.com\/sl\/wp-json\/wp\/v2\/media?parent=7633"}],"wp:term":[{"taxonomy":"pwb-brand","embeddable":true,"href":"https:\/\/yournordichome.com\/sl\/wp-json\/wp\/v2\/pwb-brand?post=7633"},{"taxonomy":"product_brand","embeddable":true,"href":"https:\/\/yournordichome.com\/sl\/wp-json\/wp\/v2\/product_brand?post=7633"},{"taxonomy":"product_cat","embeddable":true,"href":"https:\/\/yournordichome.com\/sl\/wp-json\/wp\/v2\/product_cat?post=7633"},{"taxonomy":"product_tag","embeddable":true,"href":"https:\/\/yournordichome.com\/sl\/wp-json\/wp\/v2\/product_tag?post=7633"},{"taxonomy":"gyarto","embeddable":true,"href":"https:\/\/yournordichome.com\/sl\/wp-json\/wp\/v2\/gyarto?post=7633"}],"curies":[{"name":"wp","href":"https:\/\/api.w.org\/{rel}","templated":true}]}}