{"id":7046,"date":"2025-02-28T15:23:13","date_gmt":"2025-02-28T15:23:13","guid":{"rendered":"https:\/\/yournordichome.com\/product\/grimaud-shelving-unit-2\/"},"modified":"2026-01-30T17:09:46","modified_gmt":"2026-01-30T17:09:46","slug":"regalska-enota-grimaud-2","status":"publish","type":"product","link":"https:\/\/yournordichome.com\/sl\/product\/grimaud-shelving-unit-2\/","title":{"rendered":"Enota za police Grimaud"},"content":{"rendered":"<p>Stenska polica Grimaud iz podjetja Chic Antique, izdelana iz obnovljenega lesa. Kosi iz zbirke dajejo novo \u017eivljenje najdenim masivnim lesenim materialom, ki s svojo osupljivo naravnostjo ustvarjajo edinstveno vzdu\u0161je.<\/p>\n<p>Na tej vintage steni lahko lepo razstavite svoje najljub\u0161e okrasne predmete ali vr\u010de v kuhinji, v njen predal pa lahko skrijete manj\u0161e stvari.<\/p>\n<p>Stenska polica Grimaud iz Chic Antique je resni\u010dno poseben kos, ki v va\u0161 dom prina\u0161a naravno lepoto recikliranega masivnega lesa in brez\u010dasno eleganco vintage sloga. Zaradi edinstvenih lesnih tekstur in majhnih nepopolnosti je vsak kos edinstven in neponovljiv, hkrati pa v prostoru ustvarja toplo, doma\u010de vzdu\u0161je.<\/p>\n<p>Polica ima zaradi svoje prakti\u010dne zasnove dva odprta predala in majhen predal, zato je idealna za shranjevanje manj\u0161ih predmetov in poudarjanje dekorativnih elementov. Je odli\u010dna izbira, \u010de i\u0161\u010dete eleganten in funkcionalen kos pohi\u0161tva, ki ponuja popolno kombinacijo trajnosti in estetike.<\/p>\n<p>Zakaj izbrati to stensko polico Grimaud?<\/p>\n<p>\u2714 Recikliran masivni les - trajnostna re\u0161itev, ki v va\u0161 prostor prina\u0161a edinstvene teksture in naravno lepoto.<br \/>\n\u2714 Dve odprti polici in predal - prakti\u010dna zasnova za kombinacijo shranjevanja in dekoracije.<br \/>\n\u2714 Vintage slog - ustvarja edinstveno vzdu\u0161je, zaradi katerega je vsaka notranjost prijetna in doma\u010da.<br \/>\n\u2714 Chic Antique vrhunska kakovost - danski dizajn, ki zdru\u017euje funkcionalnost in \u010disto estetiko.<br \/>\n\u2714 Kompakten in vsestranski - idealen za manj\u0161e prostore, kjer je potrebna elegantna re\u0161itev za shranjevanje.<\/p>\n<p>Kje je videti najbolje?<\/p>\n<p>V kuhinji - za shranjevanje vr\u010dev, za\u010dimb in drugih kuhinjskih pripomo\u010dkov.<br \/>\nV dnevni sobi - kot dekorativni element za postavitev sve\u010d, majhnih okraskov ali knjig.<br \/>\nNa hodniku - prakti\u010den prostor za klju\u010de, pisma in druge manj\u0161e predmete.<br \/>\nV kopalnici - za elegantno shranjevanje kozmetike in toaletnih pripomo\u010dkov.<\/p>\n<p>Zbirka Grimaud je izbor edinstvenih kosov - starih artefaktov in predmetov iz lepo patiniranega, recikliranega lesa. Z njo lahko v dom vnesete toplino, du\u0161o in zgodovino.<\/p>\n<p>Zbirka vklju\u010duje \u010dudovite dekorativne elemente in pohi\u0161tvo. Vsem kolekcijam Grimaud so skupne sledi prej\u0161njega \u017eivljenja in namena.<\/p>\n<p>Filozofija ustanovitve podjetja Chic Antique je vdihniti novo \u017eivljenje starim dragocenostim, kolekcija Grimaud pa je utele\u0161enje tega.<\/p>\n<p>Upo\u0161tevajte, da so vsi izdelki Grimaud edinstveni in da ni dveh enakih. To pomeni, da se lahko razlikujejo po obliki, velikosti in vrsti lesa.<\/p>\n<p>S stensko polico Grimaud, ki je popolna kombinacija trajnosti in starinske elegance - elegantna in funkcionalna re\u0161itev za vsak prostor - ustvarite edinstveno, naravno vzdu\u0161je v svojem domu.<\/p>\n<p>Dimenzije izdelka: V43\/L30\/W23 cm<br \/>\nMaterial: Material: obnovljen les, kovina<br \/>\nBarva: Narava<\/p>","protected":false},"excerpt":{"rendered":"<p>Stenska polica z dvema odprtima policama in majhnim predalom. Vintage dodatek iz recikliranega lesa, ki je dekorativni element in je primeren za shranjevanje majhnih predmetov.<\/p>","protected":false},"featured_media":6881,"comment_status":"closed","ping_status":"closed","template":"","meta":{"_acf_changed":false,"_kad_post_transparent":"default","_kad_post_title":"","_kad_post_layout":"default","_kad_post_sidebar_id":"","_kad_post_content_style":"default","_kad_post_vertical_padding":"default","_kad_post_feature":"","_kad_post_feature_position":"","_kad_post_header":false,"_kad_post_footer":false,"_kad_post_classname":""},"pwb-brand":[19],"product_brand":[],"product_cat":[94,167],"product_tag":[334,173,206,34,396,318,1075,98],"gyarto":[],"class_list":{"0":"post-7046","1":"product","2":"type-product","3":"status-publish","4":"has-post-thumbnail","6":"pwb-brand-chic-antique","7":"product_cat-furniture","8":"product_cat-wall-shelf","9":"product_tag-new-arrivals","10":"product_tag-nordic-bench","11":"product_tag-nordic-furniture","12":"product_tag-nordic-interior-design","13":"product_tag-nordic-style","14":"product_tag-reclaimed-wood-furniture","15":"product_tag-spring-summer-2025","16":"product_tag-vintage-style","17":"pa_colour-nature","18":"pa_material-reclaimed-wood","20":"first","21":"instock","22":"taxable","23":"shipping-taxable","24":"purchasable","25":"product-type-simple","26":"entry","27":"content-bg","28":"loop-entry"},"acf":[],"brands":[{"id":19,"name":"Chic Antique","slug":"elegantna-starinska"}],"_links":{"self":[{"href":"https:\/\/yournordichome.com\/sl\/wp-json\/wp\/v2\/product\/7046","targetHints":{"allow":["GET"]}}],"collection":[{"href":"https:\/\/yournordichome.com\/sl\/wp-json\/wp\/v2\/product"}],"about":[{"href":"https:\/\/yournordichome.com\/sl\/wp-json\/wp\/v2\/types\/product"}],"replies":[{"embeddable":true,"href":"https:\/\/yournordichome.com\/sl\/wp-json\/wp\/v2\/comments?post=7046"}],"wp:featuredmedia":[{"embeddable":true,"href":"https:\/\/yournordichome.com\/sl\/wp-json\/wp\/v2\/media\/6881"}],"wp:attachment":[{"href":"https:\/\/yournordichome.com\/sl\/wp-json\/wp\/v2\/media?parent=7046"}],"wp:term":[{"taxonomy":"pwb-brand","embeddable":true,"href":"https:\/\/yournordichome.com\/sl\/wp-json\/wp\/v2\/pwb-brand?post=7046"},{"taxonomy":"product_brand","embeddable":true,"href":"https:\/\/yournordichome.com\/sl\/wp-json\/wp\/v2\/product_brand?post=7046"},{"taxonomy":"product_cat","embeddable":true,"href":"https:\/\/yournordichome.com\/sl\/wp-json\/wp\/v2\/product_cat?post=7046"},{"taxonomy":"product_tag","embeddable":true,"href":"https:\/\/yournordichome.com\/sl\/wp-json\/wp\/v2\/product_tag?post=7046"},{"taxonomy":"gyarto","embeddable":true,"href":"https:\/\/yournordichome.com\/sl\/wp-json\/wp\/v2\/gyarto?post=7046"}],"curies":[{"name":"wp","href":"https:\/\/api.w.org\/{rel}","templated":true}]}}