{"id":7041,"date":"2025-02-28T15:23:13","date_gmt":"2025-02-28T15:23:13","guid":{"rendered":"https:\/\/yournordichome.com\/product\/serrone-console-table-nature-rubberwood\/"},"modified":"2025-08-13T08:56:14","modified_gmt":"2025-08-13T08:56:14","slug":"konzolna-miza-serrone-nature-rubberwood","status":"publish","type":"product","link":"https:\/\/yournordichome.com\/sl\/product\/serrone-console-table-nature-rubberwood\/","title":{"rendered":"Konzolna mizica Serrone, Nature, gumijast les"},"content":{"rendered":"<p>Konzolna mizica iz naravnega lesa Bloomingville v sodobnem minimalisti\u010dnem nordijskem slogu. Zaradi trpe\u017ene in mo\u010dne konstrukcije je posebna. Uporabljate jo lahko v dnevni sobi, predsobi in spalnici, prakti\u010dna je za shranjevanje razli\u010dnih dodatkov in dekoracij.<\/p>\n<p>Ta konzolna mizica iz lesa kav\u010dukovca je popolno utele\u0161enje sodobnega minimalisti\u010dnega skandinavskega oblikovanja. Zaradi \u010distih linij in videza naravnega lesa jo je mogo\u010de zlahka vklju\u010diti v vsak prostor. Je prakti\u010dna in dekorativna, zato je odli\u010dna izbira, \u010de \u017eelite v svojem domu zdru\u017eiti funkcionalnost in estetiko.<\/p>\n<p>Zakaj izbrati to konzolno mizo?<\/p>\n<p>Trpe\u017ena in mo\u010dna konstrukcija: trpe\u017een gumijast les zagotavlja dolgo \u017eivljenjsko dobo, hkrati pa ohranja naravno eleganco.<\/p>\n<p>\u010cista skandinavska zasnova: njen minimalisti\u010dni slog se harmoni\u010dno prilega tako sodobnim kot klasi\u010dnim notranjim prostorom.<br \/>\nVsestranska uporaba: konzolna mizica se bo prilegala va\u0161i dnevni sobi, hodniku ali spalnici, bodisi za shranjevanje, dekoracijo ali prakti\u010dne dodatke.<br \/>\nLahka dekoracija: idealna za razstavljanje vaz, slik, sve\u010d ali drugih okrasnih predmetov, hkrati pa poskrbi za urejen in eleganten prostor.<\/p>\n<p>Kje ga lahko uporabite?<\/p>\n<p>V dnevni sobi: postavljen za kav\u010d ali ob steno je eleganten in funkcionalen element.<br \/>\nNa hodniku: odli\u010den prostor za klju\u010de, pisma ali druge manj\u0161e predmete.<br \/>\nV spalnici: idealna alternativa za izdelavo elegantne toaletne mizice ali diskretno shranjevanje.<\/p>\n<p>S to konzolno mizico iz trpe\u017enega gumijastega lesa, ki odli\u010dno zdru\u017euje funkcionalnost in eleganco, bo va\u0161 dom \u0161e bolj urejen in eleganten!<\/p>\n<p>Dimenzije izdelka: L100xH76xW35 cm<br \/>\nBarva: Narava<br \/>\nSestava: Sestava: gumijast les, \u017eelezo<br \/>\nKon\u010dna obdelava izdelka: Na\u010din izdelave: lak na vodni osnovi<br \/>\nNajve\u010dja nosilnost: 40 kg<\/p>","protected":false},"excerpt":{"rendered":"<p>Konzolna mizica iz trpe\u017enega lesa kav\u010dukovca v \u010distem, minimalisti\u010dnem skandinavskem slogu. Prakti\u010den in dekorativen kos, ki se lahko uporablja v ve\u010d prostorih stanovanja.<\/p>","protected":false},"featured_media":6787,"comment_status":"closed","ping_status":"closed","template":"","meta":{"_acf_changed":false,"_kad_post_transparent":"default","_kad_post_title":"","_kad_post_layout":"default","_kad_post_sidebar_id":"","_kad_post_content_style":"default","_kad_post_vertical_padding":"default","_kad_post_feature":"","_kad_post_feature_position":"","_kad_post_header":false,"_kad_post_footer":false,"_kad_post_classname":""},"pwb-brand":[17],"product_brand":[],"product_cat":[200,157],"product_tag":[285,334,206,34,396,1075],"gyarto":[],"class_list":{"0":"post-7041","1":"product","2":"type-product","3":"status-publish","4":"has-post-thumbnail","6":"pwb-brand-bloomingville","7":"product_cat-console-table","8":"product_cat-table","9":"product_tag-minimalist-furniture","10":"product_tag-new-arrivals","11":"product_tag-nordic-furniture","12":"product_tag-nordic-interior-design","13":"product_tag-nordic-style","14":"product_tag-spring-summer-2025","15":"pa_colour-nature","16":"pa_material-rubberwood","18":"first","19":"instock","20":"taxable","21":"shipping-taxable","22":"purchasable","23":"product-type-simple","24":"entry","25":"content-bg","26":"loop-entry"},"acf":[],"brands":[{"id":17,"name":"Bloomingville","slug":"bloomingville"}],"_links":{"self":[{"href":"https:\/\/yournordichome.com\/sl\/wp-json\/wp\/v2\/product\/7041","targetHints":{"allow":["GET"]}}],"collection":[{"href":"https:\/\/yournordichome.com\/sl\/wp-json\/wp\/v2\/product"}],"about":[{"href":"https:\/\/yournordichome.com\/sl\/wp-json\/wp\/v2\/types\/product"}],"replies":[{"embeddable":true,"href":"https:\/\/yournordichome.com\/sl\/wp-json\/wp\/v2\/comments?post=7041"}],"wp:featuredmedia":[{"embeddable":true,"href":"https:\/\/yournordichome.com\/sl\/wp-json\/wp\/v2\/media\/6787"}],"wp:attachment":[{"href":"https:\/\/yournordichome.com\/sl\/wp-json\/wp\/v2\/media?parent=7041"}],"wp:term":[{"taxonomy":"pwb-brand","embeddable":true,"href":"https:\/\/yournordichome.com\/sl\/wp-json\/wp\/v2\/pwb-brand?post=7041"},{"taxonomy":"product_brand","embeddable":true,"href":"https:\/\/yournordichome.com\/sl\/wp-json\/wp\/v2\/product_brand?post=7041"},{"taxonomy":"product_cat","embeddable":true,"href":"https:\/\/yournordichome.com\/sl\/wp-json\/wp\/v2\/product_cat?post=7041"},{"taxonomy":"product_tag","embeddable":true,"href":"https:\/\/yournordichome.com\/sl\/wp-json\/wp\/v2\/product_tag?post=7041"},{"taxonomy":"gyarto","embeddable":true,"href":"https:\/\/yournordichome.com\/sl\/wp-json\/wp\/v2\/gyarto?post=7041"}],"curies":[{"name":"wp","href":"https:\/\/api.w.org\/{rel}","templated":true}]}}