{"id":7022,"date":"2025-02-28T15:22:47","date_gmt":"2025-02-28T15:22:47","guid":{"rendered":"https:\/\/yournordichome.com\/product\/grimaud-bench\/"},"modified":"2026-04-15T07:22:23","modified_gmt":"2026-04-15T07:22:23","slug":"klop-grimaud","status":"publish","type":"product","link":"https:\/\/yournordichome.com\/sl\/product\/grimaud-bench\/","title":{"rendered":"Grimaud Bench"},"content":{"rendered":"<p>Klop iz kolekcije Grimaud podjetja Chic Antique. Obnovljen les ustvarja posebno vintage vzdu\u0161je, klop pa se lahko uporablja prakti\u010dno v vsakem prostoru.<\/p>\n<p>Klop iz kolekcije Grimaud znamke Chic Antique v va\u0161 dom prina\u0161a naravno lepoto in brez\u010dasen zna\u010daj obnovljenega lesa. Iz\u017eareva \u010disto, vintage vzdu\u0161je, hkrati pa ponuja prakti\u010dno in vsestransko re\u0161itev v vsakem prostoru.<\/p>\n<p>Ta elegantna klop ni le udobna dodatna sede\u017ena povr\u0161ina, temve\u010d se odli\u010dno poda tudi kot dekorativni element - nanjo lahko postavite knjige, rastline ali sve\u010dnike. Zaradi svoje kompaktne velikosti in uporabe naravnih materialov jo je mogo\u010de zlahka vklju\u010diti v skandinavsko, vintage ali rustikalno notranjost.<\/p>\n<p>Zakaj izbrati klop Grimaud?<\/p>\n<p>\u2714 Material iz recikliranega lesa - trajnosten in okolju prijazen, z edinstvenimi teksturami.<br \/>\n\u2714 Vintage slog - brez\u010dasen videz naravnega lesa ustvarja prijetno, doma\u010de vzdu\u0161je.<br \/>\n\u2714 Vsestranska uporaba - dodatno sedi\u0161\u010de, dekorativni element ali prakti\u010dna povr\u0161ina za shranjevanje.<br \/>\n\u2714 Chic Antique vrhunska kakovost - obrtni\u0161ko navdihnjena zasnova, ki vnese slog v vsak prostor.<br \/>\n\u2714 Kompaktna velikost - prakti\u010dna re\u0161itev tudi v majhnih prostorih, enostavna za premikanje.<\/p>\n<p>Kje je videti najbolje?<\/p>\n<p>Na hodniku - kot sede\u017e za obuvanje \u010devljev ali kot okrasno skladi\u0161\u010de.<br \/>\nV dnevni sobi - kot dodatno sede\u017eno mesto, dr\u017ealo za rastline ali za postavitev okrasnih predmetov.<br \/>\nV spalnici - kot udobna no\u010dna omarica, na koncu postelje ali kot dekorativni kos pohi\u0161tva.<\/p>\n<p>Izbolj\u0161ajte vzdu\u0161je svojega doma s trajnostnim sede\u017eem v starinskem slogu, ki je z brez\u010dasnim dizajnom in prakti\u010dnostjo izdelka Chic Antique popoln dodatek za vsak prostor!<\/p>\n<p>Zbirka Grimaud je izbor edinstvenih kosov - starih artefaktov in predmetov iz lepo patiniranega, recikliranega lesa. Z njo lahko v dom vnesete toplino, du\u0161o in zgodovino.<\/p>\n<p>Zbirka vklju\u010duje \u010dudovite dekorativne elemente in pohi\u0161tvo. Vsem kolekcijam Grimaud so skupne sledi prej\u0161njega \u017eivljenja in namena.<\/p>\n<p>Filozofija ustanovitve podjetja Chic Antique je vdihniti novo \u017eivljenje starim dragocenostim, kolekcija Grimaud pa je utele\u0161enje tega.<\/p>\n<p>Upo\u0161tevajte, da so vsi izdelki Grimaud edinstveni in da ni dveh enakih. To pomeni, da se lahko razlikujejo po obliki, velikosti in vrsti lesa.<\/p>\n<p>Dimenzije izdelka: V50\/L60\/W30 cm<br \/>\nMaterial: obnovljen les<br \/>\nBarva: Narava<br \/>\nNajve\u010dja nosilnost: 50 kg<\/p>","protected":false},"excerpt":{"rendered":"<p>Klop iz obnovljenega lesa je odli\u010dna dodatna povr\u0161ina za sedenje v vsakem prostoru. Nanjo lahko postavite tudi dekorativne dodatke, lahko pa jo uporabite tudi za shranjevanje.<\/p>","protected":false},"featured_media":6857,"comment_status":"closed","ping_status":"closed","template":"","meta":{"_acf_changed":false,"_kad_post_transparent":"default","_kad_post_title":"","_kad_post_layout":"default","_kad_post_sidebar_id":"","_kad_post_content_style":"default","_kad_post_vertical_padding":"default","_kad_post_feature":"","_kad_post_feature_position":"","_kad_post_header":false,"_kad_post_footer":false,"_kad_post_classname":""},"pwb-brand":[19],"product_brand":[],"product_cat":[152,233],"product_tag":[334,173,206,34,396,318,1075,98],"gyarto":[],"class_list":{"0":"post-7022","1":"product","2":"type-product","3":"status-publish","4":"has-post-thumbnail","6":"pwb-brand-chic-antique","7":"product_cat-chair","8":"product_cat-stool","9":"product_tag-new-arrivals","10":"product_tag-nordic-bench","11":"product_tag-nordic-furniture","12":"product_tag-nordic-interior-design","13":"product_tag-nordic-style","14":"product_tag-reclaimed-wood-furniture","15":"product_tag-spring-summer-2025","16":"product_tag-vintage-style","17":"pa_colour-nature","18":"pa_material-reclaimed-wood","20":"first","21":"instock","22":"taxable","23":"shipping-taxable","24":"purchasable","25":"product-type-simple","26":"entry","27":"content-bg","28":"loop-entry"},"acf":[],"brands":[{"id":19,"name":"Chic Antique","slug":"elegantna-starinska"}],"_links":{"self":[{"href":"https:\/\/yournordichome.com\/sl\/wp-json\/wp\/v2\/product\/7022","targetHints":{"allow":["GET"]}}],"collection":[{"href":"https:\/\/yournordichome.com\/sl\/wp-json\/wp\/v2\/product"}],"about":[{"href":"https:\/\/yournordichome.com\/sl\/wp-json\/wp\/v2\/types\/product"}],"replies":[{"embeddable":true,"href":"https:\/\/yournordichome.com\/sl\/wp-json\/wp\/v2\/comments?post=7022"}],"wp:featuredmedia":[{"embeddable":true,"href":"https:\/\/yournordichome.com\/sl\/wp-json\/wp\/v2\/media\/6857"}],"wp:attachment":[{"href":"https:\/\/yournordichome.com\/sl\/wp-json\/wp\/v2\/media?parent=7022"}],"wp:term":[{"taxonomy":"pwb-brand","embeddable":true,"href":"https:\/\/yournordichome.com\/sl\/wp-json\/wp\/v2\/pwb-brand?post=7022"},{"taxonomy":"product_brand","embeddable":true,"href":"https:\/\/yournordichome.com\/sl\/wp-json\/wp\/v2\/product_brand?post=7022"},{"taxonomy":"product_cat","embeddable":true,"href":"https:\/\/yournordichome.com\/sl\/wp-json\/wp\/v2\/product_cat?post=7022"},{"taxonomy":"product_tag","embeddable":true,"href":"https:\/\/yournordichome.com\/sl\/wp-json\/wp\/v2\/product_tag?post=7022"},{"taxonomy":"gyarto","embeddable":true,"href":"https:\/\/yournordichome.com\/sl\/wp-json\/wp\/v2\/gyarto?post=7022"}],"curies":[{"name":"wp","href":"https:\/\/api.w.org\/{rel}","templated":true}]}}