{"id":7013,"date":"2025-02-28T15:21:59","date_gmt":"2025-02-28T15:21:59","guid":{"rendered":"https:\/\/yournordichome.com\/product\/black-chest-of-drawers\/"},"modified":"2025-07-30T14:13:35","modified_gmt":"2025-07-30T14:13:35","slug":"crna-komoda","status":"publish","type":"product","link":"https:\/\/yournordichome.com\/sl\/product\/black-chest-of-drawers\/","title":{"rendered":"\u010crna komoda"},"content":{"rendered":"<p>\u010crna komoda Bloomingville z osupljivim industrijskim videzom. Kovinski okvir ji daje industrijski pridih, ki ga omilijo rustikalni leseni predali.<\/p>\n<p>Edinstveno pohi\u0161tvo za notranjost, urejeno v skandinavskem slogu, vrhunske kakovosti danskega proizvajalca. Ta komoda je odli\u010dna izbira, \u010de \u017eelite v svojem domu zdru\u017eiti industrijski dizajn z rustikalno toplino. \u010crn kovinski okvir daje mo\u010dan industrijski zna\u010daj, naravna tekstura 12 prostornih lesenih predalov pa naredi pohi\u0161tvo mehkej\u0161e in bolj doma\u010de. Prakti\u010dna in estetska re\u0161itev za shranjevanje, ki vam pomaga organizirati predmete in hkrati doda zna\u010daj prostoru.<\/p>\n<p>Zakaj izbrati to komodo?<\/p>\n<p>Industrijski slog: kombinacija kovine in lesa zagotavlja zna\u010dilen videz, ki v prostoru ustvari edinstveno vzdu\u0161je.<br \/>\nProstoren prostor za shranjevanje: 12 predalov ponuja dovolj prostora, da lahko zlahka uredite manj\u0161e predmete, pisarni\u0161ke potreb\u0161\u010dine ali druge predmete.<br \/>\nTrdna in vzdr\u017eljiva zasnova: trpe\u017een kovinski okvir in kakovostni leseni predali zagotavljajo dolgo \u017eivljenjsko dobo.<br \/>\nDekorativno in funkcionalno: prakti\u010dno shranjevanje in privla\u010den kos pohi\u0161tva, ki bo polep\u0161al prostor.<\/p>\n<p>Kje je videti najbolje?<\/p>\n<p>V dnevni sobi: odli\u010den prostor za razstavljanje okrasnih predmetov in shranjevanje drobnih predmetov.<br \/>\nV kabinetu: prakti\u010dno skladi\u0161\u010de za pisarni\u0161ke potreb\u0161\u010dine.<br \/>\nNa hodniku: za shranjevanje klju\u010dev, klobukov ali drugih vsakodnevnih predmetov.<br \/>\nV spalnici: zlahka najdete dodatke in majhne zaklade.<\/p>\n<p>S to osupljivo komodo, ki je popolna kombinacija industrijskega sloga in rustikalne topline, ustvarite urejen in hkrati eleganten dom!<\/p>\n<p>Dimenzije izdelka: D60,5xH92x\u016033,5 cm<br \/>\nBarva: \u010drna<br \/>\nSestava: sestava: \u017eelezo, jelka, vezan les<br \/>\nNavodila za nego: Obri\u0161ite z vla\u017eno krpo.<br \/>\nNajve\u010dja nosilnost: 5 kg v vsakem predalu\/ 15 kg na vrhu<\/p>","protected":false},"excerpt":{"rendered":"<p>Komoda v industrijskem slogu z rustikalnim pridihom. Ima 12 prostornih predalov, v katerih boste lahko pospravili vse, od drobnih predmetov do pisarni\u0161kega materiala.<\/p>","protected":false},"featured_media":6595,"comment_status":"closed","ping_status":"closed","template":"","meta":{"_acf_changed":false,"_kad_post_transparent":"default","_kad_post_title":"","_kad_post_layout":"default","_kad_post_sidebar_id":"","_kad_post_content_style":"default","_kad_post_vertical_padding":"default","_kad_post_feature":"","_kad_post_feature_position":"","_kad_post_header":false,"_kad_post_footer":false,"_kad_post_classname":""},"pwb-brand":[17],"product_brand":[],"product_cat":[94,95],"product_tag":[97,177,334,206,34,396,257,1075],"gyarto":[],"class_list":{"0":"post-7013","1":"product","2":"type-product","3":"status-publish","4":"has-post-thumbnail","6":"pwb-brand-bloomingville","7":"product_cat-furniture","8":"product_cat-storage-unit","9":"product_tag-chest-of-drawers","10":"product_tag-industrial-style","11":"product_tag-new-arrivals","12":"product_tag-nordic-furniture","13":"product_tag-nordic-interior-design","14":"product_tag-nordic-style","15":"product_tag-pinewood-furniture","16":"product_tag-spring-summer-2025","17":"pa_colour-black","18":"pa_material-metal","19":"pa_material-pine-wood","21":"first","22":"instock","23":"taxable","24":"shipping-taxable","25":"purchasable","26":"product-type-simple","27":"entry","28":"content-bg","29":"loop-entry"},"acf":[],"brands":[{"id":17,"name":"Bloomingville","slug":"bloomingville"}],"_links":{"self":[{"href":"https:\/\/yournordichome.com\/sl\/wp-json\/wp\/v2\/product\/7013","targetHints":{"allow":["GET"]}}],"collection":[{"href":"https:\/\/yournordichome.com\/sl\/wp-json\/wp\/v2\/product"}],"about":[{"href":"https:\/\/yournordichome.com\/sl\/wp-json\/wp\/v2\/types\/product"}],"replies":[{"embeddable":true,"href":"https:\/\/yournordichome.com\/sl\/wp-json\/wp\/v2\/comments?post=7013"}],"wp:featuredmedia":[{"embeddable":true,"href":"https:\/\/yournordichome.com\/sl\/wp-json\/wp\/v2\/media\/6595"}],"wp:attachment":[{"href":"https:\/\/yournordichome.com\/sl\/wp-json\/wp\/v2\/media?parent=7013"}],"wp:term":[{"taxonomy":"pwb-brand","embeddable":true,"href":"https:\/\/yournordichome.com\/sl\/wp-json\/wp\/v2\/pwb-brand?post=7013"},{"taxonomy":"product_brand","embeddable":true,"href":"https:\/\/yournordichome.com\/sl\/wp-json\/wp\/v2\/product_brand?post=7013"},{"taxonomy":"product_cat","embeddable":true,"href":"https:\/\/yournordichome.com\/sl\/wp-json\/wp\/v2\/product_cat?post=7013"},{"taxonomy":"product_tag","embeddable":true,"href":"https:\/\/yournordichome.com\/sl\/wp-json\/wp\/v2\/product_tag?post=7013"},{"taxonomy":"gyarto","embeddable":true,"href":"https:\/\/yournordichome.com\/sl\/wp-json\/wp\/v2\/gyarto?post=7013"}],"curies":[{"name":"wp","href":"https:\/\/api.w.org\/{rel}","templated":true}]}}