{"id":6996,"date":"2025-02-28T15:21:34","date_gmt":"2025-02-28T15:21:34","guid":{"rendered":"https:\/\/yournordichome.com\/product\/salvo-metal-cabinet-with-glass-doors\/"},"modified":"2025-08-12T16:44:24","modified_gmt":"2025-08-12T16:44:24","slug":"kovinska-omara-salvo-s-steklenimi-vrati","status":"publish","type":"product","link":"https:\/\/yournordichome.com\/sl\/product\/salvo-metal-cabinet-with-glass-doors\/","title":{"rendered":"Kovinska omara Salvo s steklenimi vrati"},"content":{"rendered":"<p>Kovinska komoda s steklenimi vrati Bloomingville v ne\u017eni pe\u0161\u010deni barvi, ki prina\u0161a prefinjeno eleganco v vsak prostor v va\u0161em domu. Vrata kovinske omarice so izdelana iz rebrastega stekla, kar daje pohi\u0161tvu zra\u010den in hkrati sodoben videz.<\/p>\n<p>Notranje police ponujajo prakti\u010dne mo\u017enosti shranjevanja, iz\u010di\u0161\u010den dizajn pa se odli\u010dno prilega opremi dnevne sobe, jedilnice ali hodnika.<\/p>\n<p>Zakaj izbrati to komodo?<\/p>\n<p>Eleganten dizajn v pe\u0161\u010deni barvi: umirjen odtenek se harmoni\u010dno prilega vsaki notranjosti in iz\u017eareva brez\u010dasno eleganco.<br \/>\nVrata iz rebrastega stekla: oblika teksturiranega stekla ni le elegantna, temve\u010d tudi diskretno skriva vsebino v notranjosti.<br \/>\nPrakti\u010dno shranjevanje: notranje police so kot nala\u0161\u010d za urejanje in shranjevanje knjig, posode ali okrasnih predmetov.<br \/>\nVsestranska namestitev: zaradi univerzalne zasnove komode bo primerna tudi za dnevno sobo, jedilnico ali hodnik.<br \/>\nVrhunsko dansko oblikovanje: komoda predstavlja \u010dist slog in kakovost skandinavske tradicije notranjega oblikovanja, ki je hkrati moderna in brez\u010dasna.<\/p>\n<p>Kje je videti najbolje?<\/p>\n<p>V dnevni sobi: za shranjevanje in razstavljanje okrasnih predmetov, knjig ali celo kozarcev.<br \/>\nV jedilnici: za urejanje kro\u017enikov, kozarcev in drugih kuhinjskih pripomo\u010dkov.<br \/>\nNa hodniku: stilsko pozdravi vstopajo\u010de, hkrati pa zagotavlja prakti\u010den prostor za shranjevanje.<br \/>\nV spalnici: na njem lahko lepo shranite dodatke, vklju\u010dno s posteljnino.<\/p>\n<p>S to komodo s steklenimi vrati v pe\u0161\u010deni barvi z rebri, ki je popolna kombinacija elegance in prakti\u010dnosti, poskrbite, da bo va\u0161 dom eleganten in urejen!<\/p>\n<p>Dimenzije izdelka: L80xH90xW40 cm<br \/>\nBarva: Narava<br \/>\nSestava: sestava: \u017eelezo, steklo<br \/>\nKon\u010dna obdelava izdelka: .<br \/>\nNavodila za nego: Obri\u0161ite z vla\u017eno krpo.<br \/>\nNajve\u010dja nosilnost: 30 kg na vrhu, 25 kg na vsaki polici<br \/>\nVelikost notranjih prostorov: 79,5 \u00d7 70,5 \u00d7 35 cm<\/p>","protected":false},"excerpt":{"rendered":"<p>\u010cudovita omarica ne\u017ene pe\u0161\u010dene barve, ki doda eleganco vsakemu prostoru. Dvoja vrata kovinske omarice imajo okrasne detajle iz rebrastega stekla. S prakti\u010dnimi policami je idealna za shranjevanje in dekoracijo ter se bo prilegala dnevni sobi, jedilnici ali hodniku.<\/p>","protected":false},"featured_media":6775,"comment_status":"closed","ping_status":"closed","template":"","meta":{"_acf_changed":false,"_kad_post_transparent":"default","_kad_post_title":"","_kad_post_layout":"default","_kad_post_sidebar_id":"","_kad_post_content_style":"default","_kad_post_vertical_padding":"default","_kad_post_feature":"","_kad_post_feature_position":"","_kad_post_header":false,"_kad_post_footer":false,"_kad_post_classname":""},"pwb-brand":[17],"product_brand":[],"product_cat":[135,94],"product_tag":[285,334,206,34,396,136,1075],"gyarto":[],"class_list":{"0":"post-6996","1":"product","2":"type-product","3":"status-publish","4":"has-post-thumbnail","6":"pwb-brand-bloomingville","7":"product_cat-cabinet","8":"product_cat-furniture","9":"product_tag-minimalist-furniture","10":"product_tag-new-arrivals","11":"product_tag-nordic-furniture","12":"product_tag-nordic-interior-design","13":"product_tag-nordic-style","14":"product_tag-shelves","15":"product_tag-spring-summer-2025","16":"pa_colour-nature","17":"pa_material-metal","19":"first","20":"instock","21":"taxable","22":"shipping-taxable","23":"purchasable","24":"product-type-simple","25":"entry","26":"content-bg","27":"loop-entry"},"acf":[],"brands":[{"id":17,"name":"Bloomingville","slug":"bloomingville"}],"_links":{"self":[{"href":"https:\/\/yournordichome.com\/sl\/wp-json\/wp\/v2\/product\/6996","targetHints":{"allow":["GET"]}}],"collection":[{"href":"https:\/\/yournordichome.com\/sl\/wp-json\/wp\/v2\/product"}],"about":[{"href":"https:\/\/yournordichome.com\/sl\/wp-json\/wp\/v2\/types\/product"}],"replies":[{"embeddable":true,"href":"https:\/\/yournordichome.com\/sl\/wp-json\/wp\/v2\/comments?post=6996"}],"wp:featuredmedia":[{"embeddable":true,"href":"https:\/\/yournordichome.com\/sl\/wp-json\/wp\/v2\/media\/6775"}],"wp:attachment":[{"href":"https:\/\/yournordichome.com\/sl\/wp-json\/wp\/v2\/media?parent=6996"}],"wp:term":[{"taxonomy":"pwb-brand","embeddable":true,"href":"https:\/\/yournordichome.com\/sl\/wp-json\/wp\/v2\/pwb-brand?post=6996"},{"taxonomy":"product_brand","embeddable":true,"href":"https:\/\/yournordichome.com\/sl\/wp-json\/wp\/v2\/product_brand?post=6996"},{"taxonomy":"product_cat","embeddable":true,"href":"https:\/\/yournordichome.com\/sl\/wp-json\/wp\/v2\/product_cat?post=6996"},{"taxonomy":"product_tag","embeddable":true,"href":"https:\/\/yournordichome.com\/sl\/wp-json\/wp\/v2\/product_tag?post=6996"},{"taxonomy":"gyarto","embeddable":true,"href":"https:\/\/yournordichome.com\/sl\/wp-json\/wp\/v2\/gyarto?post=6996"}],"curies":[{"name":"wp","href":"https:\/\/api.w.org\/{rel}","templated":true}]}}