{"id":6993,"date":"2025-02-28T15:21:34","date_gmt":"2025-02-28T15:21:34","guid":{"rendered":"https:\/\/yournordichome.com\/product\/black-pine-wall-cabinet\/"},"modified":"2025-07-30T14:49:36","modified_gmt":"2025-07-30T14:49:36","slug":"stenska-omara-iz-crnega-bora","status":"publish","type":"product","link":"https:\/\/yournordichome.com\/sl\/product\/black-pine-wall-cabinet\/","title":{"rendered":"Stenska omara iz \u010drnega bora"},"content":{"rendered":"<p>Stenska omara iz \u010drnega bora, ki jo je izdelal Bloomingville. Minimalisti\u010dna preprostost, ki jo predstavlja vrhunski danski proizvajalec, je videti dobro v dnevni sobi, kuhinji in doma\u010di pisarni.<\/p>\n<p>Za rebrastimi steklenimi vrati je polica, zato lahko majhno pohi\u0161tvo prakti\u010dno uporabljate za shranjevanje svojih najljub\u0161ih predmetov.<\/p>\n<p>Ta stenska omara iz \u010drnega bora je utele\u0161enje nordijskega minimalizma podjetja Bloomingville. Njene \u010diste linije in elegantna rebrasta steklena vrata ji dajejo edinstven videz, hkrati pa zagotavljajo prakti\u010dno re\u0161itev za shranjevanje. Ukrivljena oblika in fino teksturirano steklo stilsko zdru\u017eujeta sodobno oblikovanje s skandinavsko estetiko.<\/p>\n<p>Zakaj izbrati to stensko omarico?<\/p>\n<p>Elegantna rebrasta steklena vrata: edinstvena tekstura vrat diskretno skriva shranjene predmete, hkrati pa ustvarja lahkoten in sodoben u\u010dinek.<br \/>\nPrakti\u010den prostor za shranjevanje: notranja polica je idealna za shranjevanje va\u0161ih najljub\u0161ih predmetov, knjig ali manj\u0161ih dodatkov.<br \/>\nBrez\u010dasno oblikovanje: \u010drna barva in minimalisti\u010dno oblikovanje se ujemata s katero koli notranjostjo, v dnevni sobi, kuhinji in kabinetu.<br \/>\nTrajnostni materiali: masivni borov les zagotavlja trajnost in naravno lepoto pohi\u0161tva.<br \/>\nKje je videti najbolje?<\/p>\n<p>V dnevni sobi: skrijete lahko tisto, \u010desar ne \u017eelite imeti na o\u010deh, hkrati pa prostoru dodate eleganco.<br \/>\nV kuhinji: V kuhinji je prakti\u010den prostor za za\u010dimbe, skodelice ali manj\u0161e kuhinjske pripomo\u010dke.<br \/>\nV kabinetu: omogo\u010da organizirano shranjevanje dokumentov in pisarni\u0161kega materiala.<br \/>\nV spalnici: elegantno shranjevanje nakita, parfumov ali manj\u0161ih osebnih predmetov.<\/p>\n<p>S to stensko omarico iz \u010drnega bora, ki je popolna kombinacija skandinavskega minimalizma in elegantne funkcionalnosti, poskrbite, da bo va\u0161 dom eleganten in organiziran!<\/p>\n<p>Dimenzije izdelka: D62xV49x\u016023 cm<br \/>\nBarva: \u010drna<br \/>\nSestava: Sestava: borov les, MDF, steklo<br \/>\nNavodila za nego: Obri\u0161ite z vla\u017eno krpo.<br \/>\nNajve\u010dja nosilnost: 3 kg na vsaki polici<br \/>\nKon\u010dna obdelava izdelka: Barva na vodni osnovi, iz\u010drpana povr\u0161ina<\/p>","protected":false},"excerpt":{"rendered":"<p>Stenska omara iz borovega lesa v \u010drni barvi, ki daje sobi \u010disti minimalizem skandinavskega sloga. Vrata so okra\u0161ena z elegantnim rebrastim steklom z ukrivljeno obliko.<\/p>","protected":false},"featured_media":6619,"comment_status":"closed","ping_status":"closed","template":"","meta":{"_acf_changed":false,"_kad_post_transparent":"default","_kad_post_title":"","_kad_post_layout":"default","_kad_post_sidebar_id":"","_kad_post_content_style":"default","_kad_post_vertical_padding":"default","_kad_post_feature":"","_kad_post_feature_position":"","_kad_post_header":false,"_kad_post_footer":false,"_kad_post_classname":""},"pwb-brand":[17],"product_brand":[],"product_cat":[94,167],"product_tag":[334,206,34,396,257,136,1075],"gyarto":[],"class_list":{"0":"post-6993","1":"product","2":"type-product","3":"status-publish","4":"has-post-thumbnail","6":"pwb-brand-bloomingville","7":"product_cat-furniture","8":"product_cat-wall-shelf","9":"product_tag-new-arrivals","10":"product_tag-nordic-furniture","11":"product_tag-nordic-interior-design","12":"product_tag-nordic-style","13":"product_tag-pinewood-furniture","14":"product_tag-shelves","15":"product_tag-spring-summer-2025","16":"pa_colour-black","17":"pa_material-pine-wood","19":"first","20":"instock","21":"taxable","22":"shipping-taxable","23":"purchasable","24":"product-type-simple","25":"entry","26":"content-bg","27":"loop-entry"},"acf":[],"brands":[{"id":17,"name":"Bloomingville","slug":"bloomingville"}],"_links":{"self":[{"href":"https:\/\/yournordichome.com\/sl\/wp-json\/wp\/v2\/product\/6993","targetHints":{"allow":["GET"]}}],"collection":[{"href":"https:\/\/yournordichome.com\/sl\/wp-json\/wp\/v2\/product"}],"about":[{"href":"https:\/\/yournordichome.com\/sl\/wp-json\/wp\/v2\/types\/product"}],"replies":[{"embeddable":true,"href":"https:\/\/yournordichome.com\/sl\/wp-json\/wp\/v2\/comments?post=6993"}],"wp:featuredmedia":[{"embeddable":true,"href":"https:\/\/yournordichome.com\/sl\/wp-json\/wp\/v2\/media\/6619"}],"wp:attachment":[{"href":"https:\/\/yournordichome.com\/sl\/wp-json\/wp\/v2\/media?parent=6993"}],"wp:term":[{"taxonomy":"pwb-brand","embeddable":true,"href":"https:\/\/yournordichome.com\/sl\/wp-json\/wp\/v2\/pwb-brand?post=6993"},{"taxonomy":"product_brand","embeddable":true,"href":"https:\/\/yournordichome.com\/sl\/wp-json\/wp\/v2\/product_brand?post=6993"},{"taxonomy":"product_cat","embeddable":true,"href":"https:\/\/yournordichome.com\/sl\/wp-json\/wp\/v2\/product_cat?post=6993"},{"taxonomy":"product_tag","embeddable":true,"href":"https:\/\/yournordichome.com\/sl\/wp-json\/wp\/v2\/product_tag?post=6993"},{"taxonomy":"gyarto","embeddable":true,"href":"https:\/\/yournordichome.com\/sl\/wp-json\/wp\/v2\/gyarto?post=6993"}],"curies":[{"name":"wp","href":"https:\/\/api.w.org\/{rel}","templated":true}]}}