{"id":6221,"date":"2024-07-24T14:48:26","date_gmt":"2024-07-24T14:48:26","guid":{"rendered":"https:\/\/yournordichome.com\/product\/table-lamp-in-mango-wood-2\/"},"modified":"2025-07-30T16:12:50","modified_gmt":"2025-07-30T16:12:50","slug":"namizna-svetilka-iz-mangovega-lesa-3","status":"publish","type":"product","link":"https:\/\/yournordichome.com\/sl\/product\/table-lamp-in-mango-wood-2\/","title":{"rendered":"Namizna svetilka iz mangovega lesa"},"content":{"rendered":"<p>Namizna svetilka iz mangovega lesa znamke Chic Antique, ki je zaradi vzorca in odtenka platnenega sen\u010dila svetel dodatek k domu. V dom prina\u0161a zna\u010dilno in impresivno teksturo mangovega lesa.<\/p>\n<p>Dimenzije izdelka: V43,5\/D31 cm<br \/>\nMaterial: mangov les, lan, \u017eelezo<br \/>\nBarva: naravna<br \/>\nVti\u010dnica: E27<br \/>\nWatt: 25W<br \/>\n\u017dica: 2,5 m<\/p>","protected":false},"excerpt":{"rendered":"<p>Namizna svetilka iz mangovega lesa s svetlim vzorcem in platnenim sen\u010dnikom.<\/p>","protected":false},"featured_media":6099,"comment_status":"closed","ping_status":"closed","template":"","meta":{"_acf_changed":false,"_kad_post_transparent":"default","_kad_post_title":"","_kad_post_layout":"default","_kad_post_sidebar_id":"","_kad_post_content_style":"default","_kad_post_vertical_padding":"default","_kad_post_feature":"","_kad_post_feature_position":"","_kad_post_header":false,"_kad_post_footer":false,"_kad_post_classname":""},"pwb-brand":[19],"product_brand":[],"product_cat":[73,72],"product_tag":[1069,205,334,398,206,397,34,117,396],"gyarto":[],"class_list":{"0":"post-6221","1":"product","2":"type-product","3":"status-publish","4":"has-post-thumbnail","6":"pwb-brand-chic-antique","7":"product_cat-desk-and-table-lamp","8":"product_cat-lamp","9":"product_tag-autumn-winter-2024","10":"product_tag-mango-wood-furniture","11":"product_tag-new-arrivals","12":"product_tag-nordic-design","13":"product_tag-nordic-furniture","14":"product_tag-nordic-home","15":"product_tag-nordic-interior-design","16":"product_tag-nordic-lamp","17":"product_tag-nordic-style","18":"pa_colour-nature","19":"pa_material-mango-wood","21":"first","22":"instock","23":"taxable","24":"shipping-taxable","25":"purchasable","26":"product-type-simple","27":"entry","28":"content-bg","29":"loop-entry"},"acf":[],"brands":[{"id":19,"name":"Chic Antique","slug":"elegantna-starinska"}],"_links":{"self":[{"href":"https:\/\/yournordichome.com\/sl\/wp-json\/wp\/v2\/product\/6221","targetHints":{"allow":["GET"]}}],"collection":[{"href":"https:\/\/yournordichome.com\/sl\/wp-json\/wp\/v2\/product"}],"about":[{"href":"https:\/\/yournordichome.com\/sl\/wp-json\/wp\/v2\/types\/product"}],"replies":[{"embeddable":true,"href":"https:\/\/yournordichome.com\/sl\/wp-json\/wp\/v2\/comments?post=6221"}],"wp:featuredmedia":[{"embeddable":true,"href":"https:\/\/yournordichome.com\/sl\/wp-json\/wp\/v2\/media\/6099"}],"wp:attachment":[{"href":"https:\/\/yournordichome.com\/sl\/wp-json\/wp\/v2\/media?parent=6221"}],"wp:term":[{"taxonomy":"pwb-brand","embeddable":true,"href":"https:\/\/yournordichome.com\/sl\/wp-json\/wp\/v2\/pwb-brand?post=6221"},{"taxonomy":"product_brand","embeddable":true,"href":"https:\/\/yournordichome.com\/sl\/wp-json\/wp\/v2\/product_brand?post=6221"},{"taxonomy":"product_cat","embeddable":true,"href":"https:\/\/yournordichome.com\/sl\/wp-json\/wp\/v2\/product_cat?post=6221"},{"taxonomy":"product_tag","embeddable":true,"href":"https:\/\/yournordichome.com\/sl\/wp-json\/wp\/v2\/product_tag?post=6221"},{"taxonomy":"gyarto","embeddable":true,"href":"https:\/\/yournordichome.com\/sl\/wp-json\/wp\/v2\/gyarto?post=6221"}],"curies":[{"name":"wp","href":"https:\/\/api.w.org\/{rel}","templated":true}]}}