{"id":6211,"date":"2024-07-24T14:48:26","date_gmt":"2024-07-24T14:48:26","guid":{"rendered":"https:\/\/yournordichome.com\/product\/fire-pit\/"},"modified":"2026-01-04T16:05:00","modified_gmt":"2026-01-04T16:05:00","slug":"pozarna-jama","status":"publish","type":"product","link":"https:\/\/yournordichome.com\/sl\/product\/fire-pit\/","title":{"rendered":"Ognjevarna jama"},"content":{"rendered":"<p>Ognji\u0161\u010de Chic Antique iz kovine, s katerim lahko ve\u010derno posedanje na terasi ali vrtu naredite bolj prijetno.<\/p>\n<p>Dimenzije izdelka: V68\/D50 cm<br \/>\nMaterial: \u017delezo<br \/>\nBarva: \u010drna<\/p>","protected":false},"excerpt":{"rendered":"<p>Podstavek za ogenj za zunanjo uporabo, ki je prijeten dodatek na vrtu ali terasi ob hladnih ve\u010derih.<\/p>","protected":false},"featured_media":6060,"comment_status":"closed","ping_status":"closed","template":"","meta":{"_acf_changed":false,"_kad_post_transparent":"default","_kad_post_title":"","_kad_post_layout":"default","_kad_post_sidebar_id":"","_kad_post_content_style":"default","_kad_post_vertical_padding":"default","_kad_post_feature":"","_kad_post_feature_position":"","_kad_post_header":false,"_kad_post_footer":false,"_kad_post_classname":""},"pwb-brand":[19],"product_brand":[],"product_cat":[94,174],"product_tag":[1069,450,177,334,398,206,397,34,396,33],"gyarto":[],"class_list":{"0":"post-6211","1":"product","2":"type-product","3":"status-publish","4":"has-post-thumbnail","6":"pwb-brand-chic-antique","7":"product_cat-furniture","8":"product_cat-garden-furniture","9":"product_tag-autumn-winter-2024","10":"product_tag-home-decoration","11":"product_tag-industrial-style","12":"product_tag-new-arrivals","13":"product_tag-nordic-design","14":"product_tag-nordic-furniture","15":"product_tag-nordic-home","16":"product_tag-nordic-interior-design","17":"product_tag-nordic-style","18":"product_tag-outdoor-furniture","19":"pa_colour-black","20":"pa_material-metal","22":"first","23":"instock","24":"taxable","25":"shipping-taxable","26":"purchasable","27":"product-type-simple","28":"entry","29":"content-bg","30":"loop-entry"},"acf":[],"brands":[{"id":19,"name":"Chic Antique","slug":"elegantna-starinska"}],"_links":{"self":[{"href":"https:\/\/yournordichome.com\/sl\/wp-json\/wp\/v2\/product\/6211","targetHints":{"allow":["GET"]}}],"collection":[{"href":"https:\/\/yournordichome.com\/sl\/wp-json\/wp\/v2\/product"}],"about":[{"href":"https:\/\/yournordichome.com\/sl\/wp-json\/wp\/v2\/types\/product"}],"replies":[{"embeddable":true,"href":"https:\/\/yournordichome.com\/sl\/wp-json\/wp\/v2\/comments?post=6211"}],"wp:featuredmedia":[{"embeddable":true,"href":"https:\/\/yournordichome.com\/sl\/wp-json\/wp\/v2\/media\/6060"}],"wp:attachment":[{"href":"https:\/\/yournordichome.com\/sl\/wp-json\/wp\/v2\/media?parent=6211"}],"wp:term":[{"taxonomy":"pwb-brand","embeddable":true,"href":"https:\/\/yournordichome.com\/sl\/wp-json\/wp\/v2\/pwb-brand?post=6211"},{"taxonomy":"product_brand","embeddable":true,"href":"https:\/\/yournordichome.com\/sl\/wp-json\/wp\/v2\/product_brand?post=6211"},{"taxonomy":"product_cat","embeddable":true,"href":"https:\/\/yournordichome.com\/sl\/wp-json\/wp\/v2\/product_cat?post=6211"},{"taxonomy":"product_tag","embeddable":true,"href":"https:\/\/yournordichome.com\/sl\/wp-json\/wp\/v2\/product_tag?post=6211"},{"taxonomy":"gyarto","embeddable":true,"href":"https:\/\/yournordichome.com\/sl\/wp-json\/wp\/v2\/gyarto?post=6211"}],"curies":[{"name":"wp","href":"https:\/\/api.w.org\/{rel}","templated":true}]}}