{"id":6203,"date":"2024-07-24T14:48:05","date_gmt":"2024-07-24T14:48:05","guid":{"rendered":"https:\/\/yournordichome.com\/product\/floor-lamp-in-linen\/"},"modified":"2025-07-30T16:17:01","modified_gmt":"2025-07-30T16:17:01","slug":"talna-svetilka-v-platnu","status":"publish","type":"product","link":"https:\/\/yournordichome.com\/sl\/product\/floor-lamp-in-linen\/","title":{"rendered":"Talna svetilka v platnu"},"content":{"rendered":"<p>Talna svetilka Bloomingville v platnenem odtenku, ki je odli\u010dna izbira za ustvarjanje prijetnega svetlobnega vzdu\u0161ja v va\u0161em domu. Svetilka z \u017earnico v podno\u017eju in senci zagotavlja popolno in vabljivo osvetlitev prostora.<\/p>\n<p>Dimenzije izdelka: D28xH120 cm<br \/>\nOdtenek: H70 cm<br \/>\nBarva: Narava<br \/>\nSestava: Sestava: lan, \u017eelezo<br \/>\nOdobreno CE: Da:<br \/>\nEnergijski razred \u017earnice: Vsem razredom.<br \/>\n\u017darnica: Obi\u010dajna, 2 x E27<br \/>\nMo\u010d \u017earnice: najve\u010d 2 x 40W \/ 5W LED \/ 9W CFL<br \/>\n\u017darnica ni vklju\u010dena<br \/>\nVrvica: 180 cm, prozorna plastika<br \/>\nVklopite kabel<br \/>\nUporaba na prostem: Ne<\/p>","protected":false},"excerpt":{"rendered":"<p>Talna svetilka preproste oblike s sen\u010dnikom in podstavkom iz platna. Ta talna svetilka lahko polep\u0161a vsak temen koti\u010dek in ustvari toplo vzdu\u0161je v vsakem prostoru.<\/p>","protected":false},"featured_media":5807,"comment_status":"closed","ping_status":"closed","template":"","meta":{"_acf_changed":false,"_kad_post_transparent":"default","_kad_post_title":"","_kad_post_layout":"default","_kad_post_sidebar_id":"","_kad_post_content_style":"default","_kad_post_vertical_padding":"default","_kad_post_feature":"","_kad_post_feature_position":"","_kad_post_header":false,"_kad_post_footer":false,"_kad_post_classname":""},"pwb-brand":[17],"product_brand":[],"product_cat":[176,72],"product_tag":[1069,285,334,398,397,34,396],"gyarto":[],"class_list":{"0":"post-6203","1":"product","2":"type-product","3":"status-publish","4":"has-post-thumbnail","6":"pwb-brand-bloomingville","7":"product_cat-floor-lamp","8":"product_cat-lamp","9":"product_tag-autumn-winter-2024","10":"product_tag-minimalist-furniture","11":"product_tag-new-arrivals","12":"product_tag-nordic-design","13":"product_tag-nordic-home","14":"product_tag-nordic-interior-design","15":"product_tag-nordic-style","16":"pa_colour-nature","17":"pa_material-linen","19":"first","20":"instock","21":"taxable","22":"shipping-taxable","23":"purchasable","24":"product-type-simple","25":"entry","26":"content-bg","27":"loop-entry"},"acf":[],"brands":[{"id":17,"name":"Bloomingville","slug":"bloomingville"}],"_links":{"self":[{"href":"https:\/\/yournordichome.com\/sl\/wp-json\/wp\/v2\/product\/6203","targetHints":{"allow":["GET"]}}],"collection":[{"href":"https:\/\/yournordichome.com\/sl\/wp-json\/wp\/v2\/product"}],"about":[{"href":"https:\/\/yournordichome.com\/sl\/wp-json\/wp\/v2\/types\/product"}],"replies":[{"embeddable":true,"href":"https:\/\/yournordichome.com\/sl\/wp-json\/wp\/v2\/comments?post=6203"}],"wp:featuredmedia":[{"embeddable":true,"href":"https:\/\/yournordichome.com\/sl\/wp-json\/wp\/v2\/media\/5807"}],"wp:attachment":[{"href":"https:\/\/yournordichome.com\/sl\/wp-json\/wp\/v2\/media?parent=6203"}],"wp:term":[{"taxonomy":"pwb-brand","embeddable":true,"href":"https:\/\/yournordichome.com\/sl\/wp-json\/wp\/v2\/pwb-brand?post=6203"},{"taxonomy":"product_brand","embeddable":true,"href":"https:\/\/yournordichome.com\/sl\/wp-json\/wp\/v2\/product_brand?post=6203"},{"taxonomy":"product_cat","embeddable":true,"href":"https:\/\/yournordichome.com\/sl\/wp-json\/wp\/v2\/product_cat?post=6203"},{"taxonomy":"product_tag","embeddable":true,"href":"https:\/\/yournordichome.com\/sl\/wp-json\/wp\/v2\/product_tag?post=6203"},{"taxonomy":"gyarto","embeddable":true,"href":"https:\/\/yournordichome.com\/sl\/wp-json\/wp\/v2\/gyarto?post=6203"}],"curies":[{"name":"wp","href":"https:\/\/api.w.org\/{rel}","templated":true}]}}