{"id":6197,"date":"2024-07-24T14:48:05","date_gmt":"2024-07-24T14:48:05","guid":{"rendered":"https:\/\/yournordichome.com\/product\/brown-cotton-wall-decor\/"},"modified":"2025-07-30T16:17:18","modified_gmt":"2025-07-30T16:17:18","slug":"rjava-bombazna-stenska-dekoracija","status":"publish","type":"product","link":"https:\/\/yournordichome.com\/sl\/product\/brown-cotton-wall-decor\/","title":{"rendered":"Rjava bomba\u017ena stenska dekoracija"},"content":{"rendered":"<p>Rjav bomba\u017eni stenski okras Bloomingville z umirjenimi odtenki in vznemirljivo teksturirano povr\u0161ino. Stenska dekoracija je v \u010drnem, gladkem okvirju, ki ustvarja \u010dist in minimalisti\u010den izraz za privla\u010den dizajn.<\/p>\n<p>Dimenzije izdelka: L50xH70xW2 cm<br \/>\nBarva: rjava<br \/>\nSestava: Sestava: hrastov les, MDF, bomba\u017e, juta<\/p>","protected":false},"excerpt":{"rendered":"<p>Stenski dekor, oblikovan v sodobnem, abstraktnem slogu, iz bomba\u017ea. Prikazuje vzorec prekrivajo\u010dih se linij in geometrijskih oblik, ki so ustvarjene z variacijami teksture ter odtenki be\u017e in rjave barve.<\/p>","protected":false},"featured_media":5725,"comment_status":"closed","ping_status":"closed","template":"","meta":{"_acf_changed":false,"_kad_post_transparent":"default","_kad_post_title":"","_kad_post_layout":"default","_kad_post_sidebar_id":"","_kad_post_content_style":"default","_kad_post_vertical_padding":"default","_kad_post_feature":"","_kad_post_feature_position":"","_kad_post_header":false,"_kad_post_footer":false,"_kad_post_classname":""},"pwb-brand":[17],"product_brand":[],"product_cat":[23,355],"product_tag":[1069,146,450,334,452,398,397,26,34,396,289],"gyarto":[],"class_list":{"0":"post-6197","1":"product","2":"type-product","3":"status-publish","4":"has-post-thumbnail","6":"pwb-brand-bloomingville","7":"product_cat-home-decor","8":"product_cat-poster","9":"product_tag-autumn-winter-2024","10":"product_tag-ethno-style","11":"product_tag-home-decoration","12":"product_tag-new-arrivals","13":"product_tag-nordic-decoration","14":"product_tag-nordic-design","15":"product_tag-nordic-home","16":"product_tag-nordic-home-decor","17":"product_tag-nordic-interior-design","18":"product_tag-nordic-style","19":"product_tag-wall-decor","20":"pa_colour-brown","21":"pa_material-cotton","23":"first","24":"instock","25":"taxable","26":"shipping-taxable","27":"purchasable","28":"product-type-simple","29":"entry","30":"content-bg","31":"loop-entry"},"acf":[],"brands":[{"id":17,"name":"Bloomingville","slug":"bloomingville"}],"_links":{"self":[{"href":"https:\/\/yournordichome.com\/sl\/wp-json\/wp\/v2\/product\/6197","targetHints":{"allow":["GET"]}}],"collection":[{"href":"https:\/\/yournordichome.com\/sl\/wp-json\/wp\/v2\/product"}],"about":[{"href":"https:\/\/yournordichome.com\/sl\/wp-json\/wp\/v2\/types\/product"}],"replies":[{"embeddable":true,"href":"https:\/\/yournordichome.com\/sl\/wp-json\/wp\/v2\/comments?post=6197"}],"wp:featuredmedia":[{"embeddable":true,"href":"https:\/\/yournordichome.com\/sl\/wp-json\/wp\/v2\/media\/5725"}],"wp:attachment":[{"href":"https:\/\/yournordichome.com\/sl\/wp-json\/wp\/v2\/media?parent=6197"}],"wp:term":[{"taxonomy":"pwb-brand","embeddable":true,"href":"https:\/\/yournordichome.com\/sl\/wp-json\/wp\/v2\/pwb-brand?post=6197"},{"taxonomy":"product_brand","embeddable":true,"href":"https:\/\/yournordichome.com\/sl\/wp-json\/wp\/v2\/product_brand?post=6197"},{"taxonomy":"product_cat","embeddable":true,"href":"https:\/\/yournordichome.com\/sl\/wp-json\/wp\/v2\/product_cat?post=6197"},{"taxonomy":"product_tag","embeddable":true,"href":"https:\/\/yournordichome.com\/sl\/wp-json\/wp\/v2\/product_tag?post=6197"},{"taxonomy":"gyarto","embeddable":true,"href":"https:\/\/yournordichome.com\/sl\/wp-json\/wp\/v2\/gyarto?post=6197"}],"curies":[{"name":"wp","href":"https:\/\/api.w.org\/{rel}","templated":true}]}}