{"id":6189,"date":"2024-07-24T14:48:05","date_gmt":"2024-07-24T14:48:05","guid":{"rendered":"https:\/\/yournordichome.com\/product\/wool-pouf\/"},"modified":"2025-07-30T16:16:22","modified_gmt":"2025-07-30T16:16:22","slug":"volneni-puf","status":"publish","type":"product","link":"https:\/\/yournordichome.com\/sl\/product\/wool-pouf\/","title":{"rendered":"Volneni puf"},"content":{"rendered":"<p>Volnena podloga Bloomingville z dizajnom iz volne. Uporabite ga kot dodatno sede\u017eno mesto, ko imate goste, ali kot po\u010divalnik za noge.<\/p>\n<p>Uporabite ga kot eleganten in udoben element v svoji dnevni sobi, da ustvarite toplo in prijetno vzdu\u0161je. Oblazinjena tekstura dekorju doda otipljivo dimenzijo, hkrati pa ohranja minimalisti\u010dno estetiko.<\/p>\n<p>Dimenzije izdelka: L60xH40xW60 cm<br \/>\nBarva: Narava<br \/>\nSestava: 80% volna, 20% bomba\u017e, polnilo: 100% PL<br \/>\nNajve\u010dja nosilnost: 125 kg<br \/>\nNavodila za pranje: Samo to\u010dkovno \u010di\u0161\u010denje<\/p>","protected":false},"excerpt":{"rendered":"<p>Puf iz volne, izdelan v naravnem odtenku, ki dopolnjuje njegovo mehko in vabljivo teksturo.<\/p>","protected":false},"featured_media":5982,"comment_status":"closed","ping_status":"closed","template":"","meta":{"_acf_changed":false,"_kad_post_transparent":"default","_kad_post_title":"","_kad_post_layout":"default","_kad_post_sidebar_id":"","_kad_post_content_style":"default","_kad_post_vertical_padding":"default","_kad_post_feature":"","_kad_post_feature_position":"","_kad_post_header":false,"_kad_post_footer":false,"_kad_post_classname":""},"pwb-brand":[17],"product_brand":[],"product_cat":[152,182],"product_tag":[1069,146,424,334,398,26,34,396],"gyarto":[],"class_list":{"0":"post-6189","1":"product","2":"type-product","3":"status-publish","4":"has-post-thumbnail","6":"pwb-brand-bloomingville","7":"product_cat-chair","8":"product_cat-sitting-pouf","9":"product_tag-autumn-winter-2024","10":"product_tag-ethno-style","11":"product_tag-foot-stool","12":"product_tag-new-arrivals","13":"product_tag-nordic-design","14":"product_tag-nordic-home-decor","15":"product_tag-nordic-interior-design","16":"product_tag-nordic-style","17":"pa_colour-nature","18":"pa_material-wool","20":"first","21":"instock","22":"taxable","23":"shipping-taxable","24":"purchasable","25":"product-type-simple","26":"entry","27":"content-bg","28":"loop-entry"},"acf":[],"brands":[{"id":17,"name":"Bloomingville","slug":"bloomingville"}],"_links":{"self":[{"href":"https:\/\/yournordichome.com\/sl\/wp-json\/wp\/v2\/product\/6189","targetHints":{"allow":["GET"]}}],"collection":[{"href":"https:\/\/yournordichome.com\/sl\/wp-json\/wp\/v2\/product"}],"about":[{"href":"https:\/\/yournordichome.com\/sl\/wp-json\/wp\/v2\/types\/product"}],"replies":[{"embeddable":true,"href":"https:\/\/yournordichome.com\/sl\/wp-json\/wp\/v2\/comments?post=6189"}],"wp:featuredmedia":[{"embeddable":true,"href":"https:\/\/yournordichome.com\/sl\/wp-json\/wp\/v2\/media\/5982"}],"wp:attachment":[{"href":"https:\/\/yournordichome.com\/sl\/wp-json\/wp\/v2\/media?parent=6189"}],"wp:term":[{"taxonomy":"pwb-brand","embeddable":true,"href":"https:\/\/yournordichome.com\/sl\/wp-json\/wp\/v2\/pwb-brand?post=6189"},{"taxonomy":"product_brand","embeddable":true,"href":"https:\/\/yournordichome.com\/sl\/wp-json\/wp\/v2\/product_brand?post=6189"},{"taxonomy":"product_cat","embeddable":true,"href":"https:\/\/yournordichome.com\/sl\/wp-json\/wp\/v2\/product_cat?post=6189"},{"taxonomy":"product_tag","embeddable":true,"href":"https:\/\/yournordichome.com\/sl\/wp-json\/wp\/v2\/product_tag?post=6189"},{"taxonomy":"gyarto","embeddable":true,"href":"https:\/\/yournordichome.com\/sl\/wp-json\/wp\/v2\/gyarto?post=6189"}],"curies":[{"name":"wp","href":"https:\/\/api.w.org\/{rel}","templated":true}]}}