{"id":6177,"date":"2024-07-24T14:47:45","date_gmt":"2024-07-24T14:47:45","guid":{"rendered":"https:\/\/yournordichome.com\/product\/black-metal-wall-shelf-2\/"},"modified":"2025-07-30T16:20:50","modified_gmt":"2025-07-30T16:20:50","slug":"crna-kovinska-stenska-polica-2","status":"publish","type":"product","link":"https:\/\/yournordichome.com\/sl\/product\/black-metal-wall-shelf-2\/","title":{"rendered":"\u010crna kovinska stenska polica"},"content":{"rendered":"<p>Polica Mack podjetja Bloomingville je izdelana iz kovine, kar zagotavlja trpe\u017enost in lahkotnost. Geometrijska sestava police s \u010distimi linijami in odprtimi prostori omogo\u010da vsestransko uporabo v razli\u010dnih stilih notranjosti.<\/p>\n<p>Dimenzije izdelka: D71xH71x\u016018 cm<br \/>\nBarva: \u010drna<br \/>\nSestava: \u017delezo<br \/>\nKon\u010dna obdelava izdelka: .<br \/>\nNavodila za nego: Obri\u0161ite z vla\u017eno krpo.<br \/>\nNajve\u010dja nosilnost: 1-2 kg v vsaki sobi<\/p>\n<p>minimalisti\u010dno pohi\u0161tvo, nordijsko oblikovanje, nordijsko pohi\u0161tvo, nordijski dom, nordijska notranja oprema, novi prihodi, jesen zima 2024,<\/p>","protected":false},"excerpt":{"rendered":"<p>Stenska polica iz kovine je lahkega videza, vendar ima trpe\u017eno konstrukcijo. Ima \u010drno barvo, ki dizajnu doda mo\u010dan vizualni element.<\/p>","protected":false},"featured_media":5678,"comment_status":"closed","ping_status":"closed","template":"","meta":{"_acf_changed":false,"_kad_post_transparent":"default","_kad_post_title":"","_kad_post_layout":"default","_kad_post_sidebar_id":"","_kad_post_content_style":"default","_kad_post_vertical_padding":"default","_kad_post_feature":"","_kad_post_feature_position":"","_kad_post_header":false,"_kad_post_footer":false,"_kad_post_classname":""},"pwb-brand":[17],"product_brand":[],"product_cat":[94,167],"product_tag":[1069,285,334,398,206,397,34],"gyarto":[],"class_list":{"0":"post-6177","1":"product","2":"type-product","3":"status-publish","4":"has-post-thumbnail","6":"pwb-brand-bloomingville","7":"product_cat-furniture","8":"product_cat-wall-shelf","9":"product_tag-autumn-winter-2024","10":"product_tag-minimalist-furniture","11":"product_tag-new-arrivals","12":"product_tag-nordic-design","13":"product_tag-nordic-furniture","14":"product_tag-nordic-home","15":"product_tag-nordic-interior-design","16":"pa_colour-black","17":"pa_material-metal","19":"first","20":"instock","21":"taxable","22":"shipping-taxable","23":"purchasable","24":"product-type-simple","25":"entry","26":"content-bg","27":"loop-entry"},"acf":[],"brands":[{"id":17,"name":"Bloomingville","slug":"bloomingville"}],"_links":{"self":[{"href":"https:\/\/yournordichome.com\/sl\/wp-json\/wp\/v2\/product\/6177","targetHints":{"allow":["GET"]}}],"collection":[{"href":"https:\/\/yournordichome.com\/sl\/wp-json\/wp\/v2\/product"}],"about":[{"href":"https:\/\/yournordichome.com\/sl\/wp-json\/wp\/v2\/types\/product"}],"replies":[{"embeddable":true,"href":"https:\/\/yournordichome.com\/sl\/wp-json\/wp\/v2\/comments?post=6177"}],"wp:featuredmedia":[{"embeddable":true,"href":"https:\/\/yournordichome.com\/sl\/wp-json\/wp\/v2\/media\/5678"}],"wp:attachment":[{"href":"https:\/\/yournordichome.com\/sl\/wp-json\/wp\/v2\/media?parent=6177"}],"wp:term":[{"taxonomy":"pwb-brand","embeddable":true,"href":"https:\/\/yournordichome.com\/sl\/wp-json\/wp\/v2\/pwb-brand?post=6177"},{"taxonomy":"product_brand","embeddable":true,"href":"https:\/\/yournordichome.com\/sl\/wp-json\/wp\/v2\/product_brand?post=6177"},{"taxonomy":"product_cat","embeddable":true,"href":"https:\/\/yournordichome.com\/sl\/wp-json\/wp\/v2\/product_cat?post=6177"},{"taxonomy":"product_tag","embeddable":true,"href":"https:\/\/yournordichome.com\/sl\/wp-json\/wp\/v2\/product_tag?post=6177"},{"taxonomy":"gyarto","embeddable":true,"href":"https:\/\/yournordichome.com\/sl\/wp-json\/wp\/v2\/gyarto?post=6177"}],"curies":[{"name":"wp","href":"https:\/\/api.w.org\/{rel}","templated":true}]}}