{"id":6171,"date":"2024-07-24T14:47:45","date_gmt":"2024-07-24T14:47:45","guid":{"rendered":"https:\/\/yournordichome.com\/product\/camino-beige-lounge-chair\/"},"modified":"2026-04-15T07:06:16","modified_gmt":"2026-04-15T07:06:16","slug":"lezalni-stol-camino-beige","status":"publish","type":"product","link":"https:\/\/yournordichome.com\/sl\/product\/camino-beige-lounge-chair\/","title":{"rendered":"Camino Beige Lounge Chair"},"content":{"rendered":"<p>Lounge stol Camino proizvajalca Bloomingville je eleganten kos pohi\u0161tva, ki vabi k sprostitvi in udobju. Temne lesene noge so v presenetljivem kontrastu s svetlo tkanino, kar ustvarja sodobno in elegantno estetiko, ki daje stolu brez\u010dasen izraz. Zlahka ga vklju\u010dite v razli\u010dne sloge notranjosti, zato je vsestranski dodatek za vsak prostor.<\/p>\n<p>Dimenzije izdelka: L68xH80xW70 cm<br \/>\nVi\u0161ina sede\u017ea: 43 cm<br \/>\nGlobina sede\u017ea: 53 cm<br \/>\nBarva: Narava<br \/>\nSestava: Sestava: poliester, vezan les, borovni\u010dev les, gumijast les<br \/>\nKon\u010dna obdelava izdelka: .<br \/>\nNajve\u010dja nosilnost: 110 kg<br \/>\nNavodila za nego: \u010ci\u0161\u010denje na mestu in vakuumiranje.<\/p>","protected":false},"excerpt":{"rendered":"<p>Lounge stol z mehko, elegantno tkanino v nevtralnem odtenku in nogami iz temnega lesa. Harmoni\u010dno ravnovesje med barvami in materiali poudarja \u010diste linije in minimalisti\u010dno zasnovo fotelja.<\/p>","protected":false},"featured_media":5758,"comment_status":"closed","ping_status":"closed","template":"","meta":{"_acf_changed":false,"_kad_post_transparent":"default","_kad_post_title":"","_kad_post_layout":"default","_kad_post_sidebar_id":"","_kad_post_content_style":"default","_kad_post_vertical_padding":"default","_kad_post_feature":"","_kad_post_feature_position":"","_kad_post_header":false,"_kad_post_footer":false,"_kad_post_classname":""},"pwb-brand":[17],"product_brand":[],"product_cat":[152,153],"product_tag":[154,1069,285,334,398,206,397,34,125],"gyarto":[],"class_list":{"0":"post-6171","1":"product","2":"type-product","3":"status-publish","4":"has-post-thumbnail","6":"pwb-brand-bloomingville","7":"product_cat-chair","8":"product_cat-lounge-chair","9":"product_tag-armchair","10":"product_tag-autumn-winter-2024","11":"product_tag-minimalist-furniture","12":"product_tag-new-arrivals","13":"product_tag-nordic-design","14":"product_tag-nordic-furniture","15":"product_tag-nordic-home","16":"product_tag-nordic-interior-design","17":"product_tag-nordic-living-room","18":"pa_colour-nature","19":"pa_material-rubberwood","21":"first","22":"instock","23":"taxable","24":"shipping-taxable","25":"purchasable","26":"product-type-simple","27":"entry","28":"content-bg","29":"loop-entry"},"acf":[],"brands":[{"id":17,"name":"Bloomingville","slug":"bloomingville"}],"_links":{"self":[{"href":"https:\/\/yournordichome.com\/sl\/wp-json\/wp\/v2\/product\/6171","targetHints":{"allow":["GET"]}}],"collection":[{"href":"https:\/\/yournordichome.com\/sl\/wp-json\/wp\/v2\/product"}],"about":[{"href":"https:\/\/yournordichome.com\/sl\/wp-json\/wp\/v2\/types\/product"}],"replies":[{"embeddable":true,"href":"https:\/\/yournordichome.com\/sl\/wp-json\/wp\/v2\/comments?post=6171"}],"wp:featuredmedia":[{"embeddable":true,"href":"https:\/\/yournordichome.com\/sl\/wp-json\/wp\/v2\/media\/5758"}],"wp:attachment":[{"href":"https:\/\/yournordichome.com\/sl\/wp-json\/wp\/v2\/media?parent=6171"}],"wp:term":[{"taxonomy":"pwb-brand","embeddable":true,"href":"https:\/\/yournordichome.com\/sl\/wp-json\/wp\/v2\/pwb-brand?post=6171"},{"taxonomy":"product_brand","embeddable":true,"href":"https:\/\/yournordichome.com\/sl\/wp-json\/wp\/v2\/product_brand?post=6171"},{"taxonomy":"product_cat","embeddable":true,"href":"https:\/\/yournordichome.com\/sl\/wp-json\/wp\/v2\/product_cat?post=6171"},{"taxonomy":"product_tag","embeddable":true,"href":"https:\/\/yournordichome.com\/sl\/wp-json\/wp\/v2\/product_tag?post=6171"},{"taxonomy":"gyarto","embeddable":true,"href":"https:\/\/yournordichome.com\/sl\/wp-json\/wp\/v2\/gyarto?post=6171"}],"curies":[{"name":"wp","href":"https:\/\/api.w.org\/{rel}","templated":true}]}}