{"id":6163,"date":"2024-07-24T14:47:25","date_gmt":"2024-07-24T14:47:25","guid":{"rendered":"https:\/\/yournordichome.com\/product\/janya-metal-table-lamp\/"},"modified":"2025-12-01T00:19:06","modified_gmt":"2025-12-01T00:19:06","slug":"kovinska-namizna-svetilka-janya","status":"publish","type":"product","link":"https:\/\/yournordichome.com\/sl\/product\/janya-metal-table-lamp\/","title":{"rendered":"Kovinska namizna svetilka Janya"},"content":{"rendered":"<p>Namizna svetilka Janya podjetja Bloomingville je sodobna, grafi\u010dna svetilka. Postavite jo na stransko mizico ali no\u010dno omarico in dodajte barvit element in prijetno osvetlitev v vsak prostor.<\/p>\n<p>Dimenzije izdelka: D29xH35x\u016025 cm<br \/>\nVelikost sence: D25,5 x H12,5 cm<br \/>\nSestava: \u017delezo<br \/>\nOdobreno CE: Da:<br \/>\nVelikost \u017earnice: E14, navadne in LED<br \/>\nNajve\u010dja mo\u010d \u017earnice 25W \/ LED 3W \/ CFL 7W<br \/>\n\u017darnica ni vklju\u010dena.<br \/>\nVrvica: 180 cm, rde\u010da<br \/>\nMaterial vrvice: Plastika in tkanina<br \/>\nUporaba na prostem: Ne<\/p>","protected":false},"excerpt":{"rendered":"<p>Namizna svetilka iz kovine v modri in rjavi barvi z elegantnim, sodobnim nordijskim dizajnom.<\/p>","protected":false},"featured_media":5845,"comment_status":"closed","ping_status":"closed","template":"","meta":{"_acf_changed":false,"_kad_post_transparent":"default","_kad_post_title":"","_kad_post_layout":"default","_kad_post_sidebar_id":"","_kad_post_content_style":"default","_kad_post_vertical_padding":"default","_kad_post_feature":"","_kad_post_feature_position":"","_kad_post_header":false,"_kad_post_footer":false,"_kad_post_classname":""},"pwb-brand":[17],"product_brand":[],"product_cat":[73,72],"product_tag":[1069,1109,334,398,397,34,117,396],"gyarto":[],"class_list":{"0":"post-6163","1":"product","2":"type-product","3":"status-publish","4":"has-post-thumbnail","6":"pwb-brand-bloomingville","7":"product_cat-desk-and-table-lamp","8":"product_cat-lamp","9":"product_tag-autumn-winter-2024","10":"product_tag-last-item-in-stock","11":"product_tag-new-arrivals","12":"product_tag-nordic-design","13":"product_tag-nordic-home","14":"product_tag-nordic-interior-design","15":"product_tag-nordic-lamp","16":"product_tag-nordic-style","17":"pa_colour-brown","18":"pa_material-metal","20":"first","21":"instock","22":"taxable","23":"shipping-taxable","24":"purchasable","25":"product-type-simple","26":"entry","27":"content-bg","28":"loop-entry"},"acf":[],"brands":[{"id":17,"name":"Bloomingville","slug":"bloomingville"}],"_links":{"self":[{"href":"https:\/\/yournordichome.com\/sl\/wp-json\/wp\/v2\/product\/6163","targetHints":{"allow":["GET"]}}],"collection":[{"href":"https:\/\/yournordichome.com\/sl\/wp-json\/wp\/v2\/product"}],"about":[{"href":"https:\/\/yournordichome.com\/sl\/wp-json\/wp\/v2\/types\/product"}],"replies":[{"embeddable":true,"href":"https:\/\/yournordichome.com\/sl\/wp-json\/wp\/v2\/comments?post=6163"}],"wp:featuredmedia":[{"embeddable":true,"href":"https:\/\/yournordichome.com\/sl\/wp-json\/wp\/v2\/media\/5845"}],"wp:attachment":[{"href":"https:\/\/yournordichome.com\/sl\/wp-json\/wp\/v2\/media?parent=6163"}],"wp:term":[{"taxonomy":"pwb-brand","embeddable":true,"href":"https:\/\/yournordichome.com\/sl\/wp-json\/wp\/v2\/pwb-brand?post=6163"},{"taxonomy":"product_brand","embeddable":true,"href":"https:\/\/yournordichome.com\/sl\/wp-json\/wp\/v2\/product_brand?post=6163"},{"taxonomy":"product_cat","embeddable":true,"href":"https:\/\/yournordichome.com\/sl\/wp-json\/wp\/v2\/product_cat?post=6163"},{"taxonomy":"product_tag","embeddable":true,"href":"https:\/\/yournordichome.com\/sl\/wp-json\/wp\/v2\/product_tag?post=6163"},{"taxonomy":"gyarto","embeddable":true,"href":"https:\/\/yournordichome.com\/sl\/wp-json\/wp\/v2\/gyarto?post=6163"}],"curies":[{"name":"wp","href":"https:\/\/api.w.org\/{rel}","templated":true}]}}