{"id":6154,"date":"2024-07-24T14:47:25","date_gmt":"2024-07-24T14:47:25","guid":{"rendered":"https:\/\/yournordichome.com\/product\/calle-cabinet-with-drawers\/"},"modified":"2026-04-15T07:05:36","modified_gmt":"2026-04-15T07:05:36","slug":"calle-omara-s-predali","status":"publish","type":"product","link":"https:\/\/yournordichome.com\/sl\/product\/calle-cabinet-with-drawers\/","title":{"rendered":"Omara Calle s predali"},"content":{"rendered":"<p>Omara Calle s predali Bloomingville MINI ima udobno in funkcionalno obliko, ki se prilega vsakemu prostoru. Njeni predali so obojestranski, tako da lahko izbirate med prikazom prikupnih \u017eivalskih motivov, vzorcev ali preprosto stranjo v barvi lesa.<\/p>\n<p>To prilagodljivo omarico lahko postavite navpi\u010dno in vodoravno, kar ponuja ne\u0161teto mo\u017enosti dekoriranja in omogo\u010da, da se knji\u017ena omara Calle prilagodi spreminjajo\u010dim se potrebam doma.<\/p>\n<p>Dimenzije izdelka: D55xH88,5xW25,5 cm<br \/>\nSestava: Sestava: pavlovnija, MDF, vezan les, borovni\u010dev les, \u017eelezo<br \/>\nKon\u010dna obdelava izdelka: .<br \/>\nNajve\u010dja nosilnost: 5 kg na predal<br \/>\nNavodila za nego: Obri\u0161ite z vla\u017eno krpo.<br \/>\nPred uporabo ga mora sestaviti odrasla oseba.<\/p>","protected":false},"excerpt":{"rendered":"<p>Omara za otro\u0161ko sobo s \u0161estimi predali. Predali so obojestranski in imajo razli\u010dne vzorce. Omarico lahko postavite navpi\u010dno in vodoravno.<\/p>","protected":false},"featured_media":5743,"comment_status":"closed","ping_status":"closed","template":"","meta":{"_acf_changed":false,"_kad_post_transparent":"default","_kad_post_title":"","_kad_post_layout":"default","_kad_post_sidebar_id":"","_kad_post_content_style":"default","_kad_post_vertical_padding":"default","_kad_post_feature":"","_kad_post_feature_position":"","_kad_post_header":false,"_kad_post_footer":false,"_kad_post_classname":""},"pwb-brand":[17],"product_brand":[],"product_cat":[77,47],"product_tag":[1069,148,334,398,206,397],"gyarto":[],"class_list":{"0":"post-6154","1":"product","2":"type-product","3":"status-publish","4":"has-post-thumbnail","6":"pwb-brand-bloomingville","7":"product_cat-childrens-furniture","8":"product_cat-kids","9":"product_tag-autumn-winter-2024","10":"product_tag-kids-room-storage","11":"product_tag-new-arrivals","12":"product_tag-nordic-design","13":"product_tag-nordic-furniture","14":"product_tag-nordic-home","15":"pa_colour-nature","16":"pa_material-paulownia","18":"first","19":"instock","20":"taxable","21":"shipping-taxable","22":"purchasable","23":"product-type-simple","24":"entry","25":"content-bg","26":"loop-entry"},"acf":[],"brands":[{"id":17,"name":"Bloomingville","slug":"bloomingville"}],"_links":{"self":[{"href":"https:\/\/yournordichome.com\/sl\/wp-json\/wp\/v2\/product\/6154","targetHints":{"allow":["GET"]}}],"collection":[{"href":"https:\/\/yournordichome.com\/sl\/wp-json\/wp\/v2\/product"}],"about":[{"href":"https:\/\/yournordichome.com\/sl\/wp-json\/wp\/v2\/types\/product"}],"replies":[{"embeddable":true,"href":"https:\/\/yournordichome.com\/sl\/wp-json\/wp\/v2\/comments?post=6154"}],"wp:featuredmedia":[{"embeddable":true,"href":"https:\/\/yournordichome.com\/sl\/wp-json\/wp\/v2\/media\/5743"}],"wp:attachment":[{"href":"https:\/\/yournordichome.com\/sl\/wp-json\/wp\/v2\/media?parent=6154"}],"wp:term":[{"taxonomy":"pwb-brand","embeddable":true,"href":"https:\/\/yournordichome.com\/sl\/wp-json\/wp\/v2\/pwb-brand?post=6154"},{"taxonomy":"product_brand","embeddable":true,"href":"https:\/\/yournordichome.com\/sl\/wp-json\/wp\/v2\/product_brand?post=6154"},{"taxonomy":"product_cat","embeddable":true,"href":"https:\/\/yournordichome.com\/sl\/wp-json\/wp\/v2\/product_cat?post=6154"},{"taxonomy":"product_tag","embeddable":true,"href":"https:\/\/yournordichome.com\/sl\/wp-json\/wp\/v2\/product_tag?post=6154"},{"taxonomy":"gyarto","embeddable":true,"href":"https:\/\/yournordichome.com\/sl\/wp-json\/wp\/v2\/gyarto?post=6154"}],"curies":[{"name":"wp","href":"https:\/\/api.w.org\/{rel}","templated":true}]}}