{"id":6147,"date":"2024-07-24T14:47:25","date_gmt":"2024-07-24T14:47:25","guid":{"rendered":"https:\/\/yournordichome.com\/product\/green-table-lamp-stoneware\/"},"modified":"2025-08-12T15:19:21","modified_gmt":"2025-08-12T15:19:21","slug":"zelena-namizna-svetilka-iz-kamenine","status":"publish","type":"product","link":"https:\/\/yournordichome.com\/sl\/product\/green-table-lamp-stoneware\/","title":{"rendered":"Zelena namizna svetilka, kamenina"},"content":{"rendered":"<p>Namizna svetilka Sergio proizvajalca Bloomingville je vsestranska svetilka, ki jo lahko postavite na no\u010dno omarico, v dnevno sobo ali na samostojno stojalo. Zaradi zna\u010dilnosti glazure se barva od svetilke do svetilke razlikuje. Nekatere so temnej\u0161e in z ve\u010d teksture kot druge.<\/p>\n<p>Dimenzije izdelka: D21xH55 cm<br \/>\nVelikost sence: D20,5 x H24 cm<br \/>\nBarva: Zelena<br \/>\nSestava: Sestava: glinena posoda, lan, \u017eelezo<br \/>\nOdobreno CE: Da:<br \/>\nEnergijski razred \u017earnice: Vsem razredom.<br \/>\nVelikost \u017earnice: E27<br \/>\nVrsta \u017earnice: Obi\u010dajne in LED \u017earnice: navadne in LED<br \/>\nMo\u010d \u017earnice: najve\u010d 40W \/ LED 5W \/ CFL 9W<br \/>\n\u017darnica ni vklju\u010dena.<br \/>\nBarva vrvice: .<br \/>\nDol\u017eina vrvice: 160 cm<br \/>\nMaterial vrvice: PVC+CU<br \/>\nUporaba na prostem: Ne<br \/>\nVklopite kabel.<\/p>","protected":false},"excerpt":{"rendered":"<p>Zelena namizna svetilka iz kamenine z minimalisti\u010dno obliko, ki jo je navdihnil nordijski slog.<\/p>","protected":false},"featured_media":5826,"comment_status":"closed","ping_status":"closed","template":"","meta":{"_acf_changed":false,"_kad_post_transparent":"default","_kad_post_title":"","_kad_post_layout":"default","_kad_post_sidebar_id":"","_kad_post_content_style":"default","_kad_post_vertical_padding":"default","_kad_post_feature":"","_kad_post_feature_position":"","_kad_post_header":false,"_kad_post_footer":false,"_kad_post_classname":""},"pwb-brand":[17],"product_brand":[],"product_cat":[73,72],"product_tag":[1069,334,398,397,34,117,396],"gyarto":[],"class_list":{"0":"post-6147","1":"product","2":"type-product","3":"status-publish","4":"has-post-thumbnail","6":"pwb-brand-bloomingville","7":"product_cat-desk-and-table-lamp","8":"product_cat-lamp","9":"product_tag-autumn-winter-2024","10":"product_tag-new-arrivals","11":"product_tag-nordic-design","12":"product_tag-nordic-home","13":"product_tag-nordic-interior-design","14":"product_tag-nordic-lamp","15":"product_tag-nordic-style","16":"pa_colour-green","17":"pa_material-stoneware","19":"first","20":"instock","21":"taxable","22":"shipping-taxable","23":"purchasable","24":"product-type-simple","25":"entry","26":"content-bg","27":"loop-entry"},"acf":[],"brands":[{"id":17,"name":"Bloomingville","slug":"bloomingville"}],"_links":{"self":[{"href":"https:\/\/yournordichome.com\/sl\/wp-json\/wp\/v2\/product\/6147","targetHints":{"allow":["GET"]}}],"collection":[{"href":"https:\/\/yournordichome.com\/sl\/wp-json\/wp\/v2\/product"}],"about":[{"href":"https:\/\/yournordichome.com\/sl\/wp-json\/wp\/v2\/types\/product"}],"replies":[{"embeddable":true,"href":"https:\/\/yournordichome.com\/sl\/wp-json\/wp\/v2\/comments?post=6147"}],"wp:featuredmedia":[{"embeddable":true,"href":"https:\/\/yournordichome.com\/sl\/wp-json\/wp\/v2\/media\/5826"}],"wp:attachment":[{"href":"https:\/\/yournordichome.com\/sl\/wp-json\/wp\/v2\/media?parent=6147"}],"wp:term":[{"taxonomy":"pwb-brand","embeddable":true,"href":"https:\/\/yournordichome.com\/sl\/wp-json\/wp\/v2\/pwb-brand?post=6147"},{"taxonomy":"product_brand","embeddable":true,"href":"https:\/\/yournordichome.com\/sl\/wp-json\/wp\/v2\/product_brand?post=6147"},{"taxonomy":"product_cat","embeddable":true,"href":"https:\/\/yournordichome.com\/sl\/wp-json\/wp\/v2\/product_cat?post=6147"},{"taxonomy":"product_tag","embeddable":true,"href":"https:\/\/yournordichome.com\/sl\/wp-json\/wp\/v2\/product_tag?post=6147"},{"taxonomy":"gyarto","embeddable":true,"href":"https:\/\/yournordichome.com\/sl\/wp-json\/wp\/v2\/gyarto?post=6147"}],"curies":[{"name":"wp","href":"https:\/\/api.w.org\/{rel}","templated":true}]}}