{"id":5112,"date":"2024-01-25T17:53:27","date_gmt":"2024-01-25T17:53:27","guid":{"rendered":"https:\/\/yournordichome.com\/product\/factory-pendant-lamp-o32\/"},"modified":"2026-01-30T16:55:09","modified_gmt":"2026-01-30T16:55:09","slug":"tovarniska-viseca-svetilka-o32","status":"publish","type":"product","link":"https:\/\/yournordichome.com\/sl\/product\/factory-pendant-lamp-o32\/","title":{"rendered":"Tovarni\u0161ka vise\u010da svetilka \u00d832"},"content":{"rendered":"<p><strong>Tovarni\u0161ka vise\u010da svetilka<\/strong> znamke Chic Antique, ki se odli\u010dno obesi nad jedilno mizo ali namensko osvetli prostor v dnevni sobi ali spalnici.<\/p>\n<p>Svetilka je del kolekcije Factory, ki je znana po kosih industrijskega videza s temnimi toni in jasnimi linijami. Stil ima zna\u010dilen videz zaradi uporabe kovine, ki ustvarja surov in rustikalen izraz ter tovarni\u0161ki ob\u010dutek.<\/p>\n<p>Izdelki iz kolekcije Factory se med seboj lepo dopolnjujejo, lahko pa jih kombinirate tudi s klasi\u010dnim nordijskim slogom.<\/p>\n<p>Dimenzije izdelka: V40\/D32 cm<br \/>\nMaterial: kovina<br \/>\nVti\u010dnica: E27, max. 60W<br \/>\n\u017dica: 150 cm, vklju\u010dno s stropno rozeto.<\/p>","protected":false},"excerpt":{"rendered":"<p>\u010crna kovinska stropna svetilka v industrijskem slogu z obrabljenim videzom.<\/p>","protected":false},"featured_media":5101,"comment_status":"closed","ping_status":"closed","template":"","meta":{"_acf_changed":false,"_kad_post_transparent":"default","_kad_post_title":"","_kad_post_layout":"default","_kad_post_sidebar_id":"","_kad_post_content_style":"default","_kad_post_vertical_padding":"default","_kad_post_feature":"","_kad_post_feature_position":"","_kad_post_header":false,"_kad_post_footer":false,"_kad_post_classname":""},"pwb-brand":[19],"product_brand":[],"product_cat":[72,114],"product_tag":[177,334,398,397,34,117,396,1059],"gyarto":[],"class_list":{"0":"post-5112","1":"product","2":"type-product","3":"status-publish","4":"has-post-thumbnail","6":"pwb-brand-chic-antique","7":"product_cat-lamp","8":"product_cat-pendant-lamp","9":"product_tag-industrial-style","10":"product_tag-new-arrivals","11":"product_tag-nordic-design","12":"product_tag-nordic-home","13":"product_tag-nordic-interior-design","14":"product_tag-nordic-lamp","15":"product_tag-nordic-style","16":"product_tag-spring-summer-2024","17":"pa_colour-antique-black","18":"pa_material-metal","20":"first","21":"instock","22":"taxable","23":"shipping-taxable","24":"purchasable","25":"product-type-simple","26":"entry","27":"content-bg","28":"loop-entry"},"acf":[],"brands":[{"id":19,"name":"Chic Antique","slug":"elegantna-starinska"}],"_links":{"self":[{"href":"https:\/\/yournordichome.com\/sl\/wp-json\/wp\/v2\/product\/5112","targetHints":{"allow":["GET"]}}],"collection":[{"href":"https:\/\/yournordichome.com\/sl\/wp-json\/wp\/v2\/product"}],"about":[{"href":"https:\/\/yournordichome.com\/sl\/wp-json\/wp\/v2\/types\/product"}],"replies":[{"embeddable":true,"href":"https:\/\/yournordichome.com\/sl\/wp-json\/wp\/v2\/comments?post=5112"}],"wp:featuredmedia":[{"embeddable":true,"href":"https:\/\/yournordichome.com\/sl\/wp-json\/wp\/v2\/media\/5101"}],"wp:attachment":[{"href":"https:\/\/yournordichome.com\/sl\/wp-json\/wp\/v2\/media?parent=5112"}],"wp:term":[{"taxonomy":"pwb-brand","embeddable":true,"href":"https:\/\/yournordichome.com\/sl\/wp-json\/wp\/v2\/pwb-brand?post=5112"},{"taxonomy":"product_brand","embeddable":true,"href":"https:\/\/yournordichome.com\/sl\/wp-json\/wp\/v2\/product_brand?post=5112"},{"taxonomy":"product_cat","embeddable":true,"href":"https:\/\/yournordichome.com\/sl\/wp-json\/wp\/v2\/product_cat?post=5112"},{"taxonomy":"product_tag","embeddable":true,"href":"https:\/\/yournordichome.com\/sl\/wp-json\/wp\/v2\/product_tag?post=5112"},{"taxonomy":"gyarto","embeddable":true,"href":"https:\/\/yournordichome.com\/sl\/wp-json\/wp\/v2\/gyarto?post=5112"}],"curies":[{"name":"wp","href":"https:\/\/api.w.org\/{rel}","templated":true}]}}