{"id":5035,"date":"2024-01-21T10:27:16","date_gmt":"2024-01-21T10:27:16","guid":{"rendered":"https:\/\/yournordichome.com\/product\/black-metal-wall-shelf\/"},"modified":"2025-05-23T10:13:21","modified_gmt":"2025-05-23T10:13:21","slug":"crna-kovinska-stenska-polica","status":"publish","type":"product","link":"https:\/\/yournordichome.com\/sl\/product\/black-metal-wall-shelf\/","title":{"rendered":"\u010crna kovinska stenska polica"},"content":{"rendered":"<p><strong>\u010crna kovinska stenska polica<\/strong> s surovim in rustikalnim videzom Chic Antique. Uporabite ga v kopalnici ali kuhinji za pametno shranjevanje.<\/p>\n<p>Dimenzije izdelka: V66\/L37\/W20,5 cm<br \/>\nMaterial: Material: kovina, jelka<\/p>","protected":false},"excerpt":{"rendered":"<p>Ro\u010dno izdelana polica s preprostim, a \u010dudovitim dizajnom. Polica ima obrabljen \u010drn kovinski okvir in tri borove police. Na dnu najdete kovinsko pre\u010dko, na katero lahko obesite brisa\u010do ali namestite kljuke za prakti\u010dno shranjevanje.<\/p>","protected":false},"featured_media":5002,"comment_status":"closed","ping_status":"closed","template":"","meta":{"_acf_changed":false,"_kad_post_transparent":"default","_kad_post_title":"","_kad_post_layout":"default","_kad_post_sidebar_id":"","_kad_post_content_style":"default","_kad_post_vertical_padding":"default","_kad_post_feature":"","_kad_post_feature_position":"","_kad_post_header":false,"_kad_post_footer":false,"_kad_post_classname":""},"pwb-brand":[19],"product_brand":[],"product_cat":[94,167],"product_tag":[334,398,397,34,396,136,1059],"gyarto":[],"class_list":{"0":"post-5035","1":"product","2":"type-product","3":"status-publish","4":"has-post-thumbnail","6":"pwb-brand-chic-antique","7":"product_cat-furniture","8":"product_cat-wall-shelf","9":"product_tag-new-arrivals","10":"product_tag-nordic-design","11":"product_tag-nordic-home","12":"product_tag-nordic-interior-design","13":"product_tag-nordic-style","14":"product_tag-shelves","15":"product_tag-spring-summer-2024","16":"pa_colour-antique-black","17":"pa_material-firwood","18":"pa_material-metal","20":"first","21":"outofstock","22":"taxable","23":"shipping-taxable","24":"purchasable","25":"product-type-simple","26":"entry","27":"content-bg","28":"loop-entry"},"acf":[],"brands":[{"id":19,"name":"Chic Antique","slug":"elegantna-starinska"}],"_links":{"self":[{"href":"https:\/\/yournordichome.com\/sl\/wp-json\/wp\/v2\/product\/5035","targetHints":{"allow":["GET"]}}],"collection":[{"href":"https:\/\/yournordichome.com\/sl\/wp-json\/wp\/v2\/product"}],"about":[{"href":"https:\/\/yournordichome.com\/sl\/wp-json\/wp\/v2\/types\/product"}],"replies":[{"embeddable":true,"href":"https:\/\/yournordichome.com\/sl\/wp-json\/wp\/v2\/comments?post=5035"}],"wp:featuredmedia":[{"embeddable":true,"href":"https:\/\/yournordichome.com\/sl\/wp-json\/wp\/v2\/media\/5002"}],"wp:attachment":[{"href":"https:\/\/yournordichome.com\/sl\/wp-json\/wp\/v2\/media?parent=5035"}],"wp:term":[{"taxonomy":"pwb-brand","embeddable":true,"href":"https:\/\/yournordichome.com\/sl\/wp-json\/wp\/v2\/pwb-brand?post=5035"},{"taxonomy":"product_brand","embeddable":true,"href":"https:\/\/yournordichome.com\/sl\/wp-json\/wp\/v2\/product_brand?post=5035"},{"taxonomy":"product_cat","embeddable":true,"href":"https:\/\/yournordichome.com\/sl\/wp-json\/wp\/v2\/product_cat?post=5035"},{"taxonomy":"product_tag","embeddable":true,"href":"https:\/\/yournordichome.com\/sl\/wp-json\/wp\/v2\/product_tag?post=5035"},{"taxonomy":"gyarto","embeddable":true,"href":"https:\/\/yournordichome.com\/sl\/wp-json\/wp\/v2\/gyarto?post=5035"}],"curies":[{"name":"wp","href":"https:\/\/api.w.org\/{rel}","templated":true}]}}