{"id":4990,"date":"2024-01-18T18:25:26","date_gmt":"2024-01-18T18:25:26","guid":{"rendered":"https:\/\/yournordichome.com\/product\/shelf-with-2-drawers\/"},"modified":"2025-06-05T13:47:45","modified_gmt":"2025-06-05T13:47:45","slug":"polica-z-2-predaloma","status":"publish","type":"product","link":"https:\/\/yournordichome.com\/sl\/product\/shelf-with-2-drawers\/","title":{"rendered":"Polica z 2 predaloma"},"content":{"rendered":"<p><strong>Polica z 2 predaloma<\/strong> in trije obe\u0161alniki Chic Antique. Na vrhu ima polico, dva majhna predala, navzgor odpirajo\u010do se omarico z mre\u017easto sprednjo stranjo in tri kljuke.<\/p>\n<p>Dimenzije izdelka: V34\/L70\/W16,5 cm<br \/>\nMaterial: Material: jelka, vezan les, kovina<\/p>","protected":false},"excerpt":{"rendered":"<p>Polica z vsestranskimi mo\u017enostmi shranjevanja za doma\u010do pisarno, hodnik ali kuhinjo. Polica je ro\u010dno izdelana iz masivnega jelkinega lesa s starinskimi \u010drnimi \u017eeleznimi detajli, ki ustvarjajo osupljiv kontrast toplo obarvanemu lesu in surovi pridih police.<\/p>","protected":false},"featured_media":4976,"comment_status":"closed","ping_status":"closed","template":"","meta":{"_acf_changed":false,"_kad_post_transparent":"default","_kad_post_title":"","_kad_post_layout":"default","_kad_post_sidebar_id":"","_kad_post_content_style":"default","_kad_post_vertical_padding":"default","_kad_post_feature":"","_kad_post_feature_position":"","_kad_post_header":false,"_kad_post_footer":false,"_kad_post_classname":""},"pwb-brand":[19],"product_brand":[],"product_cat":[94,167],"product_tag":[334,398,397,34,396,136,1059],"gyarto":[],"class_list":{"0":"post-4990","1":"product","2":"type-product","3":"status-publish","4":"has-post-thumbnail","6":"pwb-brand-chic-antique","7":"product_cat-furniture","8":"product_cat-wall-shelf","9":"product_tag-new-arrivals","10":"product_tag-nordic-design","11":"product_tag-nordic-home","12":"product_tag-nordic-interior-design","13":"product_tag-nordic-style","14":"product_tag-shelves","15":"product_tag-spring-summer-2024","16":"pa_colour-nature","17":"pa_material-firwoodmetal","19":"first","20":"outofstock","21":"taxable","22":"shipping-taxable","23":"purchasable","24":"product-type-simple","25":"entry","26":"content-bg","27":"loop-entry"},"acf":[],"brands":[{"id":19,"name":"Chic Antique","slug":"elegantna-starinska"}],"_links":{"self":[{"href":"https:\/\/yournordichome.com\/sl\/wp-json\/wp\/v2\/product\/4990","targetHints":{"allow":["GET"]}}],"collection":[{"href":"https:\/\/yournordichome.com\/sl\/wp-json\/wp\/v2\/product"}],"about":[{"href":"https:\/\/yournordichome.com\/sl\/wp-json\/wp\/v2\/types\/product"}],"replies":[{"embeddable":true,"href":"https:\/\/yournordichome.com\/sl\/wp-json\/wp\/v2\/comments?post=4990"}],"wp:featuredmedia":[{"embeddable":true,"href":"https:\/\/yournordichome.com\/sl\/wp-json\/wp\/v2\/media\/4976"}],"wp:attachment":[{"href":"https:\/\/yournordichome.com\/sl\/wp-json\/wp\/v2\/media?parent=4990"}],"wp:term":[{"taxonomy":"pwb-brand","embeddable":true,"href":"https:\/\/yournordichome.com\/sl\/wp-json\/wp\/v2\/pwb-brand?post=4990"},{"taxonomy":"product_brand","embeddable":true,"href":"https:\/\/yournordichome.com\/sl\/wp-json\/wp\/v2\/product_brand?post=4990"},{"taxonomy":"product_cat","embeddable":true,"href":"https:\/\/yournordichome.com\/sl\/wp-json\/wp\/v2\/product_cat?post=4990"},{"taxonomy":"product_tag","embeddable":true,"href":"https:\/\/yournordichome.com\/sl\/wp-json\/wp\/v2\/product_tag?post=4990"},{"taxonomy":"gyarto","embeddable":true,"href":"https:\/\/yournordichome.com\/sl\/wp-json\/wp\/v2\/gyarto?post=4990"}],"curies":[{"name":"wp","href":"https:\/\/api.w.org\/{rel}","templated":true}]}}