{"id":4721,"date":"2024-01-09T18:26:49","date_gmt":"2024-01-09T18:26:49","guid":{"rendered":"https:\/\/yournordichome.com\/product\/french-office-chair-w-wicker-seat\/"},"modified":"2025-07-30T16:38:25","modified_gmt":"2025-07-30T16:38:25","slug":"francoski-pisarniski-stol-w-wicker-sedez","status":"publish","type":"product","link":"https:\/\/yournordichome.com\/sl\/product\/french-office-chair-w-wicker-seat\/","title":{"rendered":"Francoski pisarni\u0161ki stol w pleteni sede\u017e"},"content":{"rendered":"<p><strong>Francoski pisarni\u0161ki stol s pletenim sede\u017eem<\/strong> Chic Antique z naslonom za hrbet in naslonom za roke, oblikovanima tako, da zagotavljata odli\u010dno udobje. S pritiskom na ro\u010daj ga lahko nastavite na \u017eeleno vi\u0161ino sede\u017ea. Kolesa odli\u010dno dopolnjujejo zasnovo s starinskim videzom \u017eeleza.<\/p>\n<p>Oblika stola je elegantna in lahkotna ter se prilega sodobnemu, rustikalnemu in romanti\u010dnemu slogu dekoracije. Poleg doma\u010de pisarne bo pisarni\u0161ki stol raz\u0161iril lepoto tako v pisarni, recepciji ali konferen\u010dni sobi.<\/p>\n<p>Dimenzije izdelka: V80 \/ L60 \/ \u016060 cm<br \/>\nVi\u0161ina sede\u017ea: 43 - 54 cm<br \/>\nMaterial: brezov les, ratan<br \/>\nNajve\u010dja nosilnost: 100 kg<\/p>","protected":false},"excerpt":{"rendered":"<p>Pisarni\u0161ki stol, ro\u010dno izdelan iz masivnega brezovega lesa z detajli iz francoskega protja na naslonu in oblazinjenem sede\u017eu. Odli\u010dno dopolnjuje doma\u010do pisarno.<\/p>","protected":false},"featured_media":4689,"comment_status":"closed","ping_status":"closed","template":"","meta":{"_acf_changed":false,"_kad_post_transparent":"default","_kad_post_title":"","_kad_post_layout":"default","_kad_post_sidebar_id":"","_kad_post_content_style":"default","_kad_post_vertical_padding":"default","_kad_post_feature":"","_kad_post_feature_position":"","_kad_post_header":false,"_kad_post_footer":false,"_kad_post_classname":""},"pwb-brand":[19],"product_brand":[],"product_cat":[152,153],"product_tag":[334,398,397,34,396,1061,1059],"gyarto":[],"class_list":{"0":"post-4721","1":"product","2":"type-product","3":"status-publish","4":"has-post-thumbnail","6":"pwb-brand-chic-antique","7":"product_cat-chair","8":"product_cat-lounge-chair","9":"product_tag-new-arrivals","10":"product_tag-nordic-design","11":"product_tag-nordic-home","12":"product_tag-nordic-interior-design","13":"product_tag-nordic-style","14":"product_tag-office-chair","15":"product_tag-spring-summer-2024","16":"pa_colour-nature","17":"pa_material-birch-wood","19":"first","20":"instock","21":"taxable","22":"shipping-taxable","23":"purchasable","24":"product-type-simple","25":"entry","26":"content-bg","27":"loop-entry"},"acf":[],"brands":[{"id":19,"name":"Chic Antique","slug":"elegantna-starinska"}],"_links":{"self":[{"href":"https:\/\/yournordichome.com\/sl\/wp-json\/wp\/v2\/product\/4721","targetHints":{"allow":["GET"]}}],"collection":[{"href":"https:\/\/yournordichome.com\/sl\/wp-json\/wp\/v2\/product"}],"about":[{"href":"https:\/\/yournordichome.com\/sl\/wp-json\/wp\/v2\/types\/product"}],"replies":[{"embeddable":true,"href":"https:\/\/yournordichome.com\/sl\/wp-json\/wp\/v2\/comments?post=4721"}],"wp:featuredmedia":[{"embeddable":true,"href":"https:\/\/yournordichome.com\/sl\/wp-json\/wp\/v2\/media\/4689"}],"wp:attachment":[{"href":"https:\/\/yournordichome.com\/sl\/wp-json\/wp\/v2\/media?parent=4721"}],"wp:term":[{"taxonomy":"pwb-brand","embeddable":true,"href":"https:\/\/yournordichome.com\/sl\/wp-json\/wp\/v2\/pwb-brand?post=4721"},{"taxonomy":"product_brand","embeddable":true,"href":"https:\/\/yournordichome.com\/sl\/wp-json\/wp\/v2\/product_brand?post=4721"},{"taxonomy":"product_cat","embeddable":true,"href":"https:\/\/yournordichome.com\/sl\/wp-json\/wp\/v2\/product_cat?post=4721"},{"taxonomy":"product_tag","embeddable":true,"href":"https:\/\/yournordichome.com\/sl\/wp-json\/wp\/v2\/product_tag?post=4721"},{"taxonomy":"gyarto","embeddable":true,"href":"https:\/\/yournordichome.com\/sl\/wp-json\/wp\/v2\/gyarto?post=4721"}],"curies":[{"name":"wp","href":"https:\/\/api.w.org\/{rel}","templated":true}]}}