{"id":4449,"date":"2023-12-16T17:04:53","date_gmt":"2023-12-16T17:04:53","guid":{"rendered":"https:\/\/yournordichome.com\/product\/cream-table-lamp-stoneware\/"},"modified":"2025-07-30T16:49:13","modified_gmt":"2025-07-30T16:49:13","slug":"kremna-namizna-svetilka-iz-kamenine","status":"publish","type":"product","link":"https:\/\/yournordichome.com\/sl\/product\/cream-table-lamp-stoneware\/","title":{"rendered":"Krem namizna svetilka, kamenina"},"content":{"rendered":"<p>Namizna svetilka Sergio proizvajalca Bloomingville je zelo vsestranska svetilka minimalisti\u010dne nordijske oblike in mehkega izraza. Kremaste barve na kerami\u010dnem podstavku in platnenem sen\u010dniku se lepo ujemajo ton za tonom. Lahka in elegantna svetilka.<\/p>\n<p>Dimenzije izdelka: D20,5xH54,5 cm<br \/>\nVi\u0161ina sen\u010dila: 24 cm<br \/>\nBarva: Narava<br \/>\nSestava: Sestava: glinena posoda, lan, \u017eelezo<br \/>\nOdobreno CE: Da:<br \/>\nEnergijski razred \u017earnice: Vsem razredom.<br \/>\nVklju\u010dena je \u017earnica: Ne<br \/>\nOblika \u017earnice: Obi\u010dajna<br \/>\nVelikost \u017earnice: E27<br \/>\nVrsta \u017earnice: Obi\u010dajne in LED \u017earnice: navadne in LED<br \/>\nNajve\u010dja mo\u010d \u017earnice 40W \/ LED 5W \/ CFL 9W<br \/>\nBarva vrvice: .<br \/>\nDol\u017eina vrvice: 160 cm<br \/>\nMaterial vrvice: PVC+CU<br \/>\nVklopite kabel.<br \/>\nUporaba na prostem: Ne<\/p>","protected":false},"excerpt":{"rendered":"<p>Krem namizna svetilka s platnenim sen\u010dnikom v naravni barvi. Minimalisti\u010den in eleganten nordijski kos.<\/p>","protected":false},"featured_media":4429,"comment_status":"closed","ping_status":"closed","template":"","meta":{"_acf_changed":false,"_kad_post_transparent":"default","_kad_post_title":"","_kad_post_layout":"default","_kad_post_sidebar_id":"","_kad_post_content_style":"default","_kad_post_vertical_padding":"default","_kad_post_feature":"","_kad_post_feature_position":"","_kad_post_header":false,"_kad_post_footer":false,"_kad_post_classname":""},"pwb-brand":[17],"product_brand":[],"product_cat":[73,72],"product_tag":[334,398,397,34,117,396,1059],"gyarto":[],"class_list":{"0":"post-4449","1":"product","2":"type-product","3":"status-publish","4":"has-post-thumbnail","6":"pwb-brand-bloomingville","7":"product_cat-desk-and-table-lamp","8":"product_cat-lamp","9":"product_tag-new-arrivals","10":"product_tag-nordic-design","11":"product_tag-nordic-home","12":"product_tag-nordic-interior-design","13":"product_tag-nordic-lamp","14":"product_tag-nordic-style","15":"product_tag-spring-summer-2024","16":"pa_colour-cream","17":"pa_material-stoneware","19":"first","20":"instock","21":"taxable","22":"shipping-taxable","23":"purchasable","24":"product-type-simple","25":"entry","26":"content-bg","27":"loop-entry"},"acf":[],"brands":[{"id":17,"name":"Bloomingville","slug":"bloomingville"}],"_links":{"self":[{"href":"https:\/\/yournordichome.com\/sl\/wp-json\/wp\/v2\/product\/4449","targetHints":{"allow":["GET"]}}],"collection":[{"href":"https:\/\/yournordichome.com\/sl\/wp-json\/wp\/v2\/product"}],"about":[{"href":"https:\/\/yournordichome.com\/sl\/wp-json\/wp\/v2\/types\/product"}],"replies":[{"embeddable":true,"href":"https:\/\/yournordichome.com\/sl\/wp-json\/wp\/v2\/comments?post=4449"}],"wp:featuredmedia":[{"embeddable":true,"href":"https:\/\/yournordichome.com\/sl\/wp-json\/wp\/v2\/media\/4429"}],"wp:attachment":[{"href":"https:\/\/yournordichome.com\/sl\/wp-json\/wp\/v2\/media?parent=4449"}],"wp:term":[{"taxonomy":"pwb-brand","embeddable":true,"href":"https:\/\/yournordichome.com\/sl\/wp-json\/wp\/v2\/pwb-brand?post=4449"},{"taxonomy":"product_brand","embeddable":true,"href":"https:\/\/yournordichome.com\/sl\/wp-json\/wp\/v2\/product_brand?post=4449"},{"taxonomy":"product_cat","embeddable":true,"href":"https:\/\/yournordichome.com\/sl\/wp-json\/wp\/v2\/product_cat?post=4449"},{"taxonomy":"product_tag","embeddable":true,"href":"https:\/\/yournordichome.com\/sl\/wp-json\/wp\/v2\/product_tag?post=4449"},{"taxonomy":"gyarto","embeddable":true,"href":"https:\/\/yournordichome.com\/sl\/wp-json\/wp\/v2\/gyarto?post=4449"}],"curies":[{"name":"wp","href":"https:\/\/api.w.org\/{rel}","templated":true}]}}