{"id":4331,"date":"2023-12-10T13:56:52","date_gmt":"2023-12-10T13:56:52","guid":{"rendered":"https:\/\/yournordichome.com\/product\/side-table-white-organic\/"},"modified":"2025-10-26T08:00:13","modified_gmt":"2025-10-26T08:00:13","slug":"stranska-miza-bela-organska","status":"publish","type":"product","link":"https:\/\/yournordichome.com\/sl\/product\/side-table-white-organic\/","title":{"rendered":"Stranska mizica - bela - organska"},"content":{"rendered":"<p>Stranska mizica Amiee proizvajalca Bloomingville je izdelana iz poliresina v \u010dudoviti organski obliki. Zaradi edinstvenega dizajna in oblike je prava pa\u0161a za o\u010di v vsakem prostoru. Postavite mizico v dnevno sobo, predsobo ali spalnico kot dekorativni in funkcionalni element.<\/p>\n<p>Dimenzije izdelka: D37,5xH43,5 cm<br \/>\nBarva: bela<br \/>\nSestava: Sestava: Poliresin<br \/>\nNajve\u010dja nosilnost: 8 kg<\/p>","protected":false},"excerpt":{"rendered":"<p>Stranska mizica v naravni barvi z organsko obliko, ki daje osupljiv kiparski videz.<\/p>","protected":false},"featured_media":4322,"comment_status":"closed","ping_status":"closed","template":"","meta":{"_acf_changed":false,"_kad_post_transparent":"default","_kad_post_title":"","_kad_post_layout":"default","_kad_post_sidebar_id":"","_kad_post_content_style":"default","_kad_post_vertical_padding":"default","_kad_post_feature":"","_kad_post_feature_position":"","_kad_post_header":false,"_kad_post_footer":false,"_kad_post_classname":""},"pwb-brand":[17],"product_brand":[],"product_cat":[341,157],"product_tag":[334,398,397,34,396,1059],"gyarto":[],"class_list":{"0":"post-4331","1":"product","2":"type-product","3":"status-publish","4":"has-post-thumbnail","6":"pwb-brand-bloomingville","7":"product_cat-side-table","8":"product_cat-table","9":"product_tag-new-arrivals","10":"product_tag-nordic-design","11":"product_tag-nordic-home","12":"product_tag-nordic-interior-design","13":"product_tag-nordic-style","14":"product_tag-spring-summer-2024","15":"pa_colour-white","16":"pa_material-polyresin","18":"first","19":"outofstock","20":"taxable","21":"shipping-taxable","22":"purchasable","23":"product-type-simple","24":"entry","25":"content-bg","26":"loop-entry"},"acf":[],"brands":[{"id":17,"name":"Bloomingville","slug":"bloomingville"}],"_links":{"self":[{"href":"https:\/\/yournordichome.com\/sl\/wp-json\/wp\/v2\/product\/4331","targetHints":{"allow":["GET"]}}],"collection":[{"href":"https:\/\/yournordichome.com\/sl\/wp-json\/wp\/v2\/product"}],"about":[{"href":"https:\/\/yournordichome.com\/sl\/wp-json\/wp\/v2\/types\/product"}],"replies":[{"embeddable":true,"href":"https:\/\/yournordichome.com\/sl\/wp-json\/wp\/v2\/comments?post=4331"}],"wp:featuredmedia":[{"embeddable":true,"href":"https:\/\/yournordichome.com\/sl\/wp-json\/wp\/v2\/media\/4322"}],"wp:attachment":[{"href":"https:\/\/yournordichome.com\/sl\/wp-json\/wp\/v2\/media?parent=4331"}],"wp:term":[{"taxonomy":"pwb-brand","embeddable":true,"href":"https:\/\/yournordichome.com\/sl\/wp-json\/wp\/v2\/pwb-brand?post=4331"},{"taxonomy":"product_brand","embeddable":true,"href":"https:\/\/yournordichome.com\/sl\/wp-json\/wp\/v2\/product_brand?post=4331"},{"taxonomy":"product_cat","embeddable":true,"href":"https:\/\/yournordichome.com\/sl\/wp-json\/wp\/v2\/product_cat?post=4331"},{"taxonomy":"product_tag","embeddable":true,"href":"https:\/\/yournordichome.com\/sl\/wp-json\/wp\/v2\/product_tag?post=4331"},{"taxonomy":"gyarto","embeddable":true,"href":"https:\/\/yournordichome.com\/sl\/wp-json\/wp\/v2\/gyarto?post=4331"}],"curies":[{"name":"wp","href":"https:\/\/api.w.org\/{rel}","templated":true}]}}