{"id":4312,"date":"2023-12-09T11:53:38","date_gmt":"2023-12-09T11:53:38","guid":{"rendered":"https:\/\/yournordichome.com\/product\/table-shelf-nature\/"},"modified":"2025-12-18T10:14:22","modified_gmt":"2025-12-18T10:14:22","slug":"namizna-polica-narava","status":"publish","type":"product","link":"https:\/\/yournordichome.com\/sl\/product\/table-shelf-nature\/","title":{"rendered":"Namizna polica, narava"},"content":{"rendered":"<p>Polica Antonio podjetja Bloomingville je izdelana iz polivinila in je zasnovana z mislijo na vrednost na\u0161ih spominov. Ne glede na to, ali gre za predmete, zbrane na lokalnih tr\u017enicah po vsem svetu, zaklade, najdene v naravi, ali darila bli\u017enjih prijateljev, jim polica Antonio zagotavlja posebno mesto v domu.<\/p>\n<p>Dimenzije izdelka: D67xV68x\u016013 cm<br \/>\nBarva: Narava<br \/>\nSestava: Sestava: Poliresin<br \/>\nZaklju\u010dek izdelka: ro\u010dno izdelan videz<br \/>\nNajve\u010dja nosilnost: 6 kg<br \/>\nStenska oprema ni vklju\u010dena.<\/p>","protected":false},"excerpt":{"rendered":"<p>Namizna polica v naravni barvi. Odprte police z majhnimi predal\u010dki zagotavljajo prostor za pomembne predmete, od katerih vsak pripoveduje svojo edinstveno zgodbo.<\/p>","protected":false},"featured_media":4300,"comment_status":"closed","ping_status":"closed","template":"","meta":{"_acf_changed":false,"_kad_post_transparent":"default","_kad_post_title":"","_kad_post_layout":"default","_kad_post_sidebar_id":"","_kad_post_content_style":"default","_kad_post_vertical_padding":"default","_kad_post_feature":"","_kad_post_feature_position":"","_kad_post_header":false,"_kad_post_footer":false,"_kad_post_classname":""},"pwb-brand":[17],"product_brand":[],"product_cat":[94,167],"product_tag":[334,398,397,34,396,1047,136,1059],"gyarto":[],"class_list":{"0":"post-4312","1":"product","2":"type-product","3":"status-publish","4":"has-post-thumbnail","6":"pwb-brand-bloomingville","7":"product_cat-furniture","8":"product_cat-wall-shelf","9":"product_tag-new-arrivals","10":"product_tag-nordic-design","11":"product_tag-nordic-home","12":"product_tag-nordic-interior-design","13":"product_tag-nordic-style","14":"product_tag-shelf","15":"product_tag-shelves","16":"product_tag-spring-summer-2024","17":"pa_colour-nature","18":"pa_material-polyresin","20":"first","21":"outofstock","22":"taxable","23":"shipping-taxable","24":"purchasable","25":"product-type-simple","26":"entry","27":"content-bg","28":"loop-entry"},"acf":[],"brands":[{"id":17,"name":"Bloomingville","slug":"bloomingville"}],"_links":{"self":[{"href":"https:\/\/yournordichome.com\/sl\/wp-json\/wp\/v2\/product\/4312","targetHints":{"allow":["GET"]}}],"collection":[{"href":"https:\/\/yournordichome.com\/sl\/wp-json\/wp\/v2\/product"}],"about":[{"href":"https:\/\/yournordichome.com\/sl\/wp-json\/wp\/v2\/types\/product"}],"replies":[{"embeddable":true,"href":"https:\/\/yournordichome.com\/sl\/wp-json\/wp\/v2\/comments?post=4312"}],"wp:featuredmedia":[{"embeddable":true,"href":"https:\/\/yournordichome.com\/sl\/wp-json\/wp\/v2\/media\/4300"}],"wp:attachment":[{"href":"https:\/\/yournordichome.com\/sl\/wp-json\/wp\/v2\/media?parent=4312"}],"wp:term":[{"taxonomy":"pwb-brand","embeddable":true,"href":"https:\/\/yournordichome.com\/sl\/wp-json\/wp\/v2\/pwb-brand?post=4312"},{"taxonomy":"product_brand","embeddable":true,"href":"https:\/\/yournordichome.com\/sl\/wp-json\/wp\/v2\/product_brand?post=4312"},{"taxonomy":"product_cat","embeddable":true,"href":"https:\/\/yournordichome.com\/sl\/wp-json\/wp\/v2\/product_cat?post=4312"},{"taxonomy":"product_tag","embeddable":true,"href":"https:\/\/yournordichome.com\/sl\/wp-json\/wp\/v2\/product_tag?post=4312"},{"taxonomy":"gyarto","embeddable":true,"href":"https:\/\/yournordichome.com\/sl\/wp-json\/wp\/v2\/gyarto?post=4312"}],"curies":[{"name":"wp","href":"https:\/\/api.w.org\/{rel}","templated":true}]}}