{"id":4265,"date":"2023-12-06T17:04:23","date_gmt":"2023-12-06T17:04:23","guid":{"rendered":"https:\/\/yournordichome.com\/product\/rattan-coat-rack-nature\/"},"modified":"2025-01-05T15:34:57","modified_gmt":"2025-01-05T15:34:57","slug":"narava-stojala-za-plasce-iz-ratana","status":"publish","type":"product","link":"https:\/\/yournordichome.com\/sl\/product\/rattan-coat-rack-nature\/","title":{"rendered":"Rattan Coat Rack Narava"},"content":{"rendered":"<p>Stojalo za pla\u0161\u010de Salerno podjetja Bloomingville zdru\u017euje ko\u0161aro in stojalo za pla\u0161\u010de v enem dizajnu. Idealen je za shranjevanje jaken, rokavic in torb, zato je prakti\u010den in eleganten za predsobo ali spalnico.<\/p>\n<p>Stojalo za pla\u0161\u010de je odli\u010dna re\u0161itev za optimizacijo prostora, hkrati pa v prostor vnese organiziran in topel pridih.<br \/>\nBarva obe\u0161alnika se razlikuje glede na sezono, v kateri je material pridelan.<\/p>\n<p>Dimenzije izdelka: D42xH150 cm<br \/>\nBarva: Narava<br \/>\nSestava: Izdelek iz ratana<br \/>\nNajve\u010dja nosilnost: 5 kg na vsakem kavlju<br \/>\nZaradi materialov lahko pride do odstopanj.<\/p>","protected":false},"excerpt":{"rendered":"<p>Stojalo za pla\u0161\u010de iz ratana v naravni barvi s 4 kljukami in ko\u0161arico za shranjevanje.<\/p>","protected":false},"featured_media":4261,"comment_status":"closed","ping_status":"closed","template":"","meta":{"_acf_changed":false,"_kad_post_transparent":"default","_kad_post_title":"","_kad_post_layout":"default","_kad_post_sidebar_id":"","_kad_post_content_style":"default","_kad_post_vertical_padding":"default","_kad_post_feature":"","_kad_post_feature_position":"","_kad_post_header":false,"_kad_post_footer":false,"_kad_post_classname":""},"pwb-brand":[17],"product_brand":[],"product_cat":[94,108],"product_tag":[334,398,397,34,396,1059],"gyarto":[],"class_list":{"0":"post-4265","1":"product","2":"type-product","3":"status-publish","4":"has-post-thumbnail","6":"pwb-brand-bloomingville","7":"product_cat-furniture","8":"product_cat-home-accesories-furniture","9":"product_tag-new-arrivals","10":"product_tag-nordic-design","11":"product_tag-nordic-home","12":"product_tag-nordic-interior-design","13":"product_tag-nordic-style","14":"product_tag-spring-summer-2024","15":"pa_colour-nature","16":"pa_material-rattan","18":"first","19":"outofstock","20":"taxable","21":"shipping-taxable","22":"purchasable","23":"product-type-simple","24":"entry","25":"content-bg","26":"loop-entry"},"acf":[],"brands":[{"id":17,"name":"Bloomingville","slug":"bloomingville"}],"_links":{"self":[{"href":"https:\/\/yournordichome.com\/sl\/wp-json\/wp\/v2\/product\/4265","targetHints":{"allow":["GET"]}}],"collection":[{"href":"https:\/\/yournordichome.com\/sl\/wp-json\/wp\/v2\/product"}],"about":[{"href":"https:\/\/yournordichome.com\/sl\/wp-json\/wp\/v2\/types\/product"}],"replies":[{"embeddable":true,"href":"https:\/\/yournordichome.com\/sl\/wp-json\/wp\/v2\/comments?post=4265"}],"wp:featuredmedia":[{"embeddable":true,"href":"https:\/\/yournordichome.com\/sl\/wp-json\/wp\/v2\/media\/4261"}],"wp:attachment":[{"href":"https:\/\/yournordichome.com\/sl\/wp-json\/wp\/v2\/media?parent=4265"}],"wp:term":[{"taxonomy":"pwb-brand","embeddable":true,"href":"https:\/\/yournordichome.com\/sl\/wp-json\/wp\/v2\/pwb-brand?post=4265"},{"taxonomy":"product_brand","embeddable":true,"href":"https:\/\/yournordichome.com\/sl\/wp-json\/wp\/v2\/product_brand?post=4265"},{"taxonomy":"product_cat","embeddable":true,"href":"https:\/\/yournordichome.com\/sl\/wp-json\/wp\/v2\/product_cat?post=4265"},{"taxonomy":"product_tag","embeddable":true,"href":"https:\/\/yournordichome.com\/sl\/wp-json\/wp\/v2\/product_tag?post=4265"},{"taxonomy":"gyarto","embeddable":true,"href":"https:\/\/yournordichome.com\/sl\/wp-json\/wp\/v2\/gyarto?post=4265"}],"curies":[{"name":"wp","href":"https:\/\/api.w.org\/{rel}","templated":true}]}}