{"id":3912,"date":"2023-11-05T14:29:04","date_gmt":"2023-11-05T14:29:04","guid":{"rendered":"https:\/\/yournordichome.com\/product\/side-table-black-oak-veneer\/"},"modified":"2025-12-01T00:19:06","modified_gmt":"2025-12-01T00:19:06","slug":"stranska-mizica-iz-crnega-hrastovega-furnirja","status":"publish","type":"product","link":"https:\/\/yournordichome.com\/sl\/product\/side-table-black-oak-veneer\/","title":{"rendered":"Stranska mizica, \u010drni hrastov furnir"},"content":{"rendered":"<p><strong>Stranska mizica Aio proizvajalca Bloomingville<\/strong> je izdelan iz MDF in hrastovega furnirja v \u010drni barvi. Ima okroglo mizno plo\u0161\u010do, robustne noge in zaklju\u010dek iz hrastovega furnirja.<\/p>\n<p>Dimenzije izdelka: D45xH52 cm<br \/>\nBarva: \u010drna<br \/>\nSestava: MDF, hrastov furnir<br \/>\nNajve\u010dja nosilnost: 20 kg<\/p>","protected":false},"excerpt":{"rendered":"<p>Stranska mizica z edinstvenim nordijskim dizajnom v \u010drni barvi z okroglo mizno plo\u0161\u010do.<\/p>","protected":false},"featured_media":3869,"comment_status":"closed","ping_status":"closed","template":"","meta":{"_acf_changed":false,"_kad_post_transparent":"default","_kad_post_title":"","_kad_post_layout":"default","_kad_post_sidebar_id":"","_kad_post_content_style":"default","_kad_post_vertical_padding":"default","_kad_post_feature":"","_kad_post_feature_position":"","_kad_post_header":false,"_kad_post_footer":false,"_kad_post_classname":""},"pwb-brand":[17],"product_brand":[],"product_cat":[341,157],"product_tag":[1109,398,397,34,396],"gyarto":[],"class_list":{"0":"post-3912","1":"product","2":"type-product","3":"status-publish","4":"has-post-thumbnail","6":"pwb-brand-bloomingville","7":"product_cat-side-table","8":"product_cat-table","9":"product_tag-last-item-in-stock","10":"product_tag-nordic-design","11":"product_tag-nordic-home","12":"product_tag-nordic-interior-design","13":"product_tag-nordic-style","14":"pa_colour-black","15":"pa_material-mdf","16":"pa_material-oak-veneer","18":"first","19":"instock","20":"taxable","21":"shipping-taxable","22":"purchasable","23":"product-type-simple","24":"entry","25":"content-bg","26":"loop-entry"},"acf":[],"brands":[{"id":17,"name":"Bloomingville","slug":"bloomingville"}],"_links":{"self":[{"href":"https:\/\/yournordichome.com\/sl\/wp-json\/wp\/v2\/product\/3912","targetHints":{"allow":["GET"]}}],"collection":[{"href":"https:\/\/yournordichome.com\/sl\/wp-json\/wp\/v2\/product"}],"about":[{"href":"https:\/\/yournordichome.com\/sl\/wp-json\/wp\/v2\/types\/product"}],"replies":[{"embeddable":true,"href":"https:\/\/yournordichome.com\/sl\/wp-json\/wp\/v2\/comments?post=3912"}],"wp:featuredmedia":[{"embeddable":true,"href":"https:\/\/yournordichome.com\/sl\/wp-json\/wp\/v2\/media\/3869"}],"wp:attachment":[{"href":"https:\/\/yournordichome.com\/sl\/wp-json\/wp\/v2\/media?parent=3912"}],"wp:term":[{"taxonomy":"pwb-brand","embeddable":true,"href":"https:\/\/yournordichome.com\/sl\/wp-json\/wp\/v2\/pwb-brand?post=3912"},{"taxonomy":"product_brand","embeddable":true,"href":"https:\/\/yournordichome.com\/sl\/wp-json\/wp\/v2\/product_brand?post=3912"},{"taxonomy":"product_cat","embeddable":true,"href":"https:\/\/yournordichome.com\/sl\/wp-json\/wp\/v2\/product_cat?post=3912"},{"taxonomy":"product_tag","embeddable":true,"href":"https:\/\/yournordichome.com\/sl\/wp-json\/wp\/v2\/product_tag?post=3912"},{"taxonomy":"gyarto","embeddable":true,"href":"https:\/\/yournordichome.com\/sl\/wp-json\/wp\/v2\/gyarto?post=3912"}],"curies":[{"name":"wp","href":"https:\/\/api.w.org\/{rel}","templated":true}]}}