{"id":3678,"date":"2023-10-28T10:18:08","date_gmt":"2023-10-28T10:18:08","guid":{"rendered":"https:\/\/yournordichome.com\/product\/table-lamp-white-stoneware\/"},"modified":"2025-07-30T17:09:09","modified_gmt":"2025-07-30T17:09:09","slug":"namizna-svetilka-iz-bele-keramike","status":"publish","type":"product","link":"https:\/\/yournordichome.com\/sl\/product\/table-lamp-white-stoneware\/","title":{"rendered":"Namizna svetilka White Stoneware"},"content":{"rendered":"<p><strong>Namizna svetilka<\/strong> Bloomingville, ki ne bo le polep\u0161al temnih koti\u010dkov, temve\u010d bo slu\u017eil tudi kot okras. Sijalka je izdelana iz vrvic jute, ki so v kontrastu z neverjetnim kamnitim podstavkom, okra\u0161enim v obliki obraza.<\/p>\n<p>Dimenzije izdelka: D40,5xH66 cm<br \/>\nBarva: bela<br \/>\nSestava: Sestava: kamnita posoda, juta<br \/>\nOdobreno CE: Da:<br \/>\nEnergijski razred \u017earnice: Vse<br \/>\nVklju\u010dena je \u017earnica: Ne<br \/>\nOblika \u017earnice: Obi\u010dajna<br \/>\nVelikost \u017earnice: E27<br \/>\nVrsta \u017earnice: LED ali var\u010dna (CFL)<br \/>\nMo\u010d \u017earnice max: LED: 6W \/ CFL: 9W<br \/>\nBarva vrvice: .<br \/>\nDol\u017eina vrvice: 250 cm<br \/>\nMaterial vrvice: Plastika<br \/>\nVklopite kabel.<br \/>\nUporaba na prostem: Ne<br \/>\nNavodila za nego: Obri\u0161ite z vla\u017eno krpo.<\/p>","protected":false},"excerpt":{"rendered":"<p>Namizna svetilka iz keramike v beli barvi z igrivim obrazom in sen\u010dnikom iz vrvic iz jute.<\/p>","protected":false},"featured_media":3614,"comment_status":"closed","ping_status":"closed","template":"","meta":{"_acf_changed":false,"_kad_post_transparent":"default","_kad_post_title":"","_kad_post_layout":"default","_kad_post_sidebar_id":"","_kad_post_content_style":"default","_kad_post_vertical_padding":"default","_kad_post_feature":"","_kad_post_feature_position":"","_kad_post_header":false,"_kad_post_footer":false,"_kad_post_classname":""},"pwb-brand":[17],"product_brand":[],"product_cat":[73,72],"product_tag":[398,397,34,117,396],"gyarto":[],"class_list":{"0":"post-3678","1":"product","2":"type-product","3":"status-publish","4":"has-post-thumbnail","6":"pwb-brand-bloomingville","7":"product_cat-desk-and-table-lamp","8":"product_cat-lamp","9":"product_tag-nordic-design","10":"product_tag-nordic-home","11":"product_tag-nordic-interior-design","12":"product_tag-nordic-lamp","13":"product_tag-nordic-style","14":"pa_colour-white","15":"pa_material-stoneware","17":"first","18":"instock","19":"taxable","20":"shipping-taxable","21":"purchasable","22":"product-type-simple","23":"entry","24":"content-bg","25":"loop-entry"},"acf":[],"brands":[{"id":17,"name":"Bloomingville","slug":"bloomingville"}],"_links":{"self":[{"href":"https:\/\/yournordichome.com\/sl\/wp-json\/wp\/v2\/product\/3678","targetHints":{"allow":["GET"]}}],"collection":[{"href":"https:\/\/yournordichome.com\/sl\/wp-json\/wp\/v2\/product"}],"about":[{"href":"https:\/\/yournordichome.com\/sl\/wp-json\/wp\/v2\/types\/product"}],"replies":[{"embeddable":true,"href":"https:\/\/yournordichome.com\/sl\/wp-json\/wp\/v2\/comments?post=3678"}],"wp:featuredmedia":[{"embeddable":true,"href":"https:\/\/yournordichome.com\/sl\/wp-json\/wp\/v2\/media\/3614"}],"wp:attachment":[{"href":"https:\/\/yournordichome.com\/sl\/wp-json\/wp\/v2\/media?parent=3678"}],"wp:term":[{"taxonomy":"pwb-brand","embeddable":true,"href":"https:\/\/yournordichome.com\/sl\/wp-json\/wp\/v2\/pwb-brand?post=3678"},{"taxonomy":"product_brand","embeddable":true,"href":"https:\/\/yournordichome.com\/sl\/wp-json\/wp\/v2\/product_brand?post=3678"},{"taxonomy":"product_cat","embeddable":true,"href":"https:\/\/yournordichome.com\/sl\/wp-json\/wp\/v2\/product_cat?post=3678"},{"taxonomy":"product_tag","embeddable":true,"href":"https:\/\/yournordichome.com\/sl\/wp-json\/wp\/v2\/product_tag?post=3678"},{"taxonomy":"gyarto","embeddable":true,"href":"https:\/\/yournordichome.com\/sl\/wp-json\/wp\/v2\/gyarto?post=3678"}],"curies":[{"name":"wp","href":"https:\/\/api.w.org\/{rel}","templated":true}]}}