{"id":3571,"date":"2023-10-24T18:40:34","date_gmt":"2023-10-24T18:40:34","guid":{"rendered":"https:\/\/yournordichome.com\/product\/mushroom-pouf\/"},"modified":"2025-07-31T13:10:50","modified_gmt":"2025-07-31T13:10:50","slug":"gobasta-poufa","status":"publish","type":"product","link":"https:\/\/yournordichome.com\/sl\/product\/mushroom-pouf\/","title":{"rendered":"Gobasti puf"},"content":{"rendered":"<p><strong>Gobasti puf<\/strong> Bloomingville MINI je lep in funkcionalen za dom. Teksturirana rde\u010dkasta tkanina zagotavlja mehko in toplo povr\u0161ino, kar pufu v otro\u0161ki sobi daje dodatno udobje. Puf uporabite kot tabure, stol ali preprosto kot dekorativni element.<\/p>\n<p>Dimenzije izdelka: D37xH35 cm<br \/>\nBarva: Rde\u010da<br \/>\nSestava: Sestava: MDF, borovni\u010devina, poliester<br \/>\nNavodila za nego: Obri\u0161ite z vla\u017eno krpo in ne\u017eno sesajte.<br \/>\nNajve\u010dja nosilnost: 100 kg<\/p>","protected":false},"excerpt":{"rendered":"<p>Puf, ki ga je navdihnila goba in ki v otro\u0161ko sobo vnese zabaven in domiseln element.<\/p>","protected":false},"featured_media":3557,"comment_status":"closed","ping_status":"closed","template":"","meta":{"_acf_changed":false,"_kad_post_transparent":"default","_kad_post_title":"","_kad_post_layout":"default","_kad_post_sidebar_id":"","_kad_post_content_style":"default","_kad_post_vertical_padding":"default","_kad_post_feature":"","_kad_post_feature_position":"","_kad_post_header":false,"_kad_post_footer":false,"_kad_post_classname":""},"pwb-brand":[17],"product_brand":[],"product_cat":[77,47],"product_tag":[398,397,34,396],"gyarto":[],"class_list":{"0":"post-3571","1":"product","2":"type-product","3":"status-publish","4":"has-post-thumbnail","6":"pwb-brand-bloomingville","7":"product_cat-childrens-furniture","8":"product_cat-kids","9":"product_tag-nordic-design","10":"product_tag-nordic-home","11":"product_tag-nordic-interior-design","12":"product_tag-nordic-style","13":"pa_colour-red","14":"pa_material-polyester","16":"first","17":"instock","18":"taxable","19":"shipping-taxable","20":"purchasable","21":"product-type-simple","22":"entry","23":"content-bg","24":"loop-entry"},"acf":[],"brands":[{"id":17,"name":"Bloomingville","slug":"bloomingville"}],"_links":{"self":[{"href":"https:\/\/yournordichome.com\/sl\/wp-json\/wp\/v2\/product\/3571","targetHints":{"allow":["GET"]}}],"collection":[{"href":"https:\/\/yournordichome.com\/sl\/wp-json\/wp\/v2\/product"}],"about":[{"href":"https:\/\/yournordichome.com\/sl\/wp-json\/wp\/v2\/types\/product"}],"replies":[{"embeddable":true,"href":"https:\/\/yournordichome.com\/sl\/wp-json\/wp\/v2\/comments?post=3571"}],"wp:featuredmedia":[{"embeddable":true,"href":"https:\/\/yournordichome.com\/sl\/wp-json\/wp\/v2\/media\/3557"}],"wp:attachment":[{"href":"https:\/\/yournordichome.com\/sl\/wp-json\/wp\/v2\/media?parent=3571"}],"wp:term":[{"taxonomy":"pwb-brand","embeddable":true,"href":"https:\/\/yournordichome.com\/sl\/wp-json\/wp\/v2\/pwb-brand?post=3571"},{"taxonomy":"product_brand","embeddable":true,"href":"https:\/\/yournordichome.com\/sl\/wp-json\/wp\/v2\/product_brand?post=3571"},{"taxonomy":"product_cat","embeddable":true,"href":"https:\/\/yournordichome.com\/sl\/wp-json\/wp\/v2\/product_cat?post=3571"},{"taxonomy":"product_tag","embeddable":true,"href":"https:\/\/yournordichome.com\/sl\/wp-json\/wp\/v2\/product_tag?post=3571"},{"taxonomy":"gyarto","embeddable":true,"href":"https:\/\/yournordichome.com\/sl\/wp-json\/wp\/v2\/gyarto?post=3571"}],"curies":[{"name":"wp","href":"https:\/\/api.w.org\/{rel}","templated":true}]}}