{"id":3428,"date":"2023-10-22T10:11:27","date_gmt":"2023-10-22T10:11:27","guid":{"rendered":"https:\/\/yournordichome.com\/product\/mug-brown-stoneware\/"},"modified":"2025-07-31T13:18:40","modified_gmt":"2025-07-31T13:18:40","slug":"vrc-rjava-loncenina","status":"publish","type":"product","link":"https:\/\/yournordichome.com\/sl\/product\/mug-brown-stoneware\/","title":{"rendered":"Skodelica, rjava, kamnita posoda"},"content":{"rendered":"<p><strong>Skodelica<\/strong> iz kreativne kolekcije Bloomingville s \u010dudovitim rjavim kro\u017enim vzorcem. O\u010darljiva skodelica dodaja osebno noto va\u0161i postavitvi mize in kuhinjskemu dekorju. Vsak kos je edinstven, saj je ro\u010dno okra\u0161en.<\/p>\n<p>Dimenzije izdelka: D11xH9 cm<br \/>\nVsebina: Vsebnost: 420 ml<br \/>\nBarva: rjava<br \/>\nSestava: Kamnita posoda<br \/>\nPrimerno za pomivanje v pomivalnem stroju: Da: .<br \/>\nOdobrena hrana: Da:<br \/>\nVarno v mikrovalovni pe\u010dici: Da: .<br \/>\nVarno v pe\u010dici: Da: .<br \/>\nVsak kos je edinstven, saj je okra\u0161en ro\u010dno.<\/p>","protected":false},"excerpt":{"rendered":"<p>Vr\u010d z ro\u010dno poslikanim rjavim vzorcem iz kamenine.<\/p>","protected":false},"featured_media":3421,"comment_status":"closed","ping_status":"closed","template":"","meta":{"_acf_changed":false,"_kad_post_transparent":"default","_kad_post_title":"","_kad_post_layout":"default","_kad_post_sidebar_id":"","_kad_post_content_style":"default","_kad_post_vertical_padding":"default","_kad_post_feature":"","_kad_post_feature_position":"","_kad_post_header":false,"_kad_post_footer":false,"_kad_post_classname":""},"pwb-brand":[17],"product_brand":[],"product_cat":[36,53],"product_tag":[459,334,351,293],"gyarto":[],"class_list":{"0":"post-3428","1":"product","2":"type-product","3":"status-publish","4":"has-post-thumbnail","6":"pwb-brand-bloomingville","7":"product_cat-kitchen-and-dining","8":"product_cat-tableware","9":"product_tag-mug","10":"product_tag-new-arrivals","11":"product_tag-nordic-kitchen","12":"product_tag-nordic-tableware","13":"pa_colour-brown","14":"pa_material-stoneware","16":"first","17":"instock","18":"taxable","19":"shipping-taxable","20":"purchasable","21":"product-type-simple","22":"entry","23":"content-bg","24":"loop-entry"},"acf":[],"brands":[{"id":17,"name":"Bloomingville","slug":"bloomingville"}],"_links":{"self":[{"href":"https:\/\/yournordichome.com\/sl\/wp-json\/wp\/v2\/product\/3428","targetHints":{"allow":["GET"]}}],"collection":[{"href":"https:\/\/yournordichome.com\/sl\/wp-json\/wp\/v2\/product"}],"about":[{"href":"https:\/\/yournordichome.com\/sl\/wp-json\/wp\/v2\/types\/product"}],"replies":[{"embeddable":true,"href":"https:\/\/yournordichome.com\/sl\/wp-json\/wp\/v2\/comments?post=3428"}],"wp:featuredmedia":[{"embeddable":true,"href":"https:\/\/yournordichome.com\/sl\/wp-json\/wp\/v2\/media\/3421"}],"wp:attachment":[{"href":"https:\/\/yournordichome.com\/sl\/wp-json\/wp\/v2\/media?parent=3428"}],"wp:term":[{"taxonomy":"pwb-brand","embeddable":true,"href":"https:\/\/yournordichome.com\/sl\/wp-json\/wp\/v2\/pwb-brand?post=3428"},{"taxonomy":"product_brand","embeddable":true,"href":"https:\/\/yournordichome.com\/sl\/wp-json\/wp\/v2\/product_brand?post=3428"},{"taxonomy":"product_cat","embeddable":true,"href":"https:\/\/yournordichome.com\/sl\/wp-json\/wp\/v2\/product_cat?post=3428"},{"taxonomy":"product_tag","embeddable":true,"href":"https:\/\/yournordichome.com\/sl\/wp-json\/wp\/v2\/product_tag?post=3428"},{"taxonomy":"gyarto","embeddable":true,"href":"https:\/\/yournordichome.com\/sl\/wp-json\/wp\/v2\/gyarto?post=3428"}],"curies":[{"name":"wp","href":"https:\/\/api.w.org\/{rel}","templated":true}]}}