{"id":3241,"date":"2023-09-29T11:30:15","date_gmt":"2023-09-29T11:30:15","guid":{"rendered":"https:\/\/yournordichome.com\/product\/black-vase-terracotta\/"},"modified":"2025-07-31T13:45:00","modified_gmt":"2025-07-31T13:45:00","slug":"crna-vaza-terakota","status":"publish","type":"product","link":"https:\/\/yournordichome.com\/sl\/product\/black-vase-terracotta\/","title":{"rendered":"\u010crna vaza - Terakota"},"content":{"rendered":"<p>\u010crna vaza iz terakote v \u010drni barvi. Vsak kos je edinstven, saj je ro\u010dno okra\u0161en. Uporabljajte jo za suho cvetje, saj material ni vodoodporen.<\/p>\n<p>Dimenzije izdelka: D14,5xH16x\u01606,5 cm<br \/>\nBarva: \u010drna<br \/>\nSestava: Terakota<\/p>","protected":false},"excerpt":{"rendered":"<p>\u010crna vaza iz terakote, oblikovana v \u017eenski silhueti. Ro\u010dno okra\u0161ena.<\/p>","protected":false},"featured_media":3220,"comment_status":"closed","ping_status":"closed","template":"","meta":{"_acf_changed":false,"_kad_post_transparent":"default","_kad_post_title":"","_kad_post_layout":"default","_kad_post_sidebar_id":"","_kad_post_content_style":"default","_kad_post_vertical_padding":"default","_kad_post_feature":"","_kad_post_feature_position":"","_kad_post_header":false,"_kad_post_footer":false,"_kad_post_classname":""},"pwb-brand":[17],"product_brand":[],"product_cat":[23,357],"product_tag":[450,334,452,398,397],"gyarto":[],"class_list":{"0":"post-3241","1":"product","2":"type-product","3":"status-publish","4":"has-post-thumbnail","6":"pwb-brand-bloomingville","7":"product_cat-home-decor","8":"product_cat-vase","9":"product_tag-home-decoration","10":"product_tag-new-arrivals","11":"product_tag-nordic-decoration","12":"product_tag-nordic-design","13":"product_tag-nordic-home","14":"pa_colour-black","15":"pa_material-terracotta","17":"first","18":"instock","19":"taxable","20":"shipping-taxable","21":"purchasable","22":"product-type-simple","23":"entry","24":"content-bg","25":"loop-entry"},"acf":[],"brands":[{"id":17,"name":"Bloomingville","slug":"bloomingville"}],"_links":{"self":[{"href":"https:\/\/yournordichome.com\/sl\/wp-json\/wp\/v2\/product\/3241","targetHints":{"allow":["GET"]}}],"collection":[{"href":"https:\/\/yournordichome.com\/sl\/wp-json\/wp\/v2\/product"}],"about":[{"href":"https:\/\/yournordichome.com\/sl\/wp-json\/wp\/v2\/types\/product"}],"replies":[{"embeddable":true,"href":"https:\/\/yournordichome.com\/sl\/wp-json\/wp\/v2\/comments?post=3241"}],"wp:featuredmedia":[{"embeddable":true,"href":"https:\/\/yournordichome.com\/sl\/wp-json\/wp\/v2\/media\/3220"}],"wp:attachment":[{"href":"https:\/\/yournordichome.com\/sl\/wp-json\/wp\/v2\/media?parent=3241"}],"wp:term":[{"taxonomy":"pwb-brand","embeddable":true,"href":"https:\/\/yournordichome.com\/sl\/wp-json\/wp\/v2\/pwb-brand?post=3241"},{"taxonomy":"product_brand","embeddable":true,"href":"https:\/\/yournordichome.com\/sl\/wp-json\/wp\/v2\/product_brand?post=3241"},{"taxonomy":"product_cat","embeddable":true,"href":"https:\/\/yournordichome.com\/sl\/wp-json\/wp\/v2\/product_cat?post=3241"},{"taxonomy":"product_tag","embeddable":true,"href":"https:\/\/yournordichome.com\/sl\/wp-json\/wp\/v2\/product_tag?post=3241"},{"taxonomy":"gyarto","embeddable":true,"href":"https:\/\/yournordichome.com\/sl\/wp-json\/wp\/v2\/gyarto?post=3241"}],"curies":[{"name":"wp","href":"https:\/\/api.w.org\/{rel}","templated":true}]}}