{"id":2948,"date":"2023-08-16T15:23:19","date_gmt":"2023-08-16T15:23:19","guid":{"rendered":"https:\/\/yournordichome.com\/product\/lounge-chair-brown\/"},"modified":"2025-07-15T16:17:24","modified_gmt":"2025-07-15T16:17:24","slug":"lounge-stol-rjave-barve","status":"publish","type":"product","link":"https:\/\/yournordichome.com\/sl\/product\/lounge-chair-brown\/","title":{"rendered":"Lounge stol rjave barve"},"content":{"rendered":"<p>Lounge stol v rjavi barvi s tankimi kovinskimi nogami, ki dajejo stolu sodobno in elegantno obliko. Ta lounge stol bo odli\u010dna izbira za ustvarjanje prijetnega vzdu\u0161ja v katerem koli prostoru v va\u0161em domu, kjer se lahko sprostite.<\/p>\n<p>Dimenzije izdelka: D78xV71x\u016076 cm<br \/>\nVi\u0161ina sede\u017ea: 40 cm<br \/>\nGlobina sede\u017ea: 52 cm<br \/>\nVi\u0161ina roke: 71 cm<br \/>\nVi\u0161ina nog: 19 cm<br \/>\nBarva: rjava<br \/>\nSestava: Sestava: poliester, bukov les, \u017eelezo<br \/>\nNavodila za nego: \u010ci\u0161\u010denje na mestu in vakuumiranje<br \/>\nSestava tkanine: 100% poliester<br \/>\nTrajnost tkanine (Martindale): 40.000<br \/>\nNajve\u010dja nosilnost: 150 kg<br \/>\nUporaba na prostem: Ne<\/p>","protected":false},"excerpt":{"rendered":"<p>Lounge stol iz mehke in puhaste poliestrske tkanine z majhno blazino, ki zagotavlja dodatno oporo hrbtu.<\/p>","protected":false},"featured_media":2822,"comment_status":"closed","ping_status":"closed","template":"","meta":{"_acf_changed":false,"_kad_post_transparent":"default","_kad_post_title":"","_kad_post_layout":"default","_kad_post_sidebar_id":"","_kad_post_content_style":"default","_kad_post_vertical_padding":"default","_kad_post_feature":"","_kad_post_feature_position":"","_kad_post_header":false,"_kad_post_footer":false,"_kad_post_classname":""},"pwb-brand":[17],"product_brand":[],"product_cat":[152,153],"product_tag":[398,397,34,396],"gyarto":[],"class_list":{"0":"post-2948","1":"product","2":"type-product","3":"status-publish","4":"has-post-thumbnail","6":"pwb-brand-bloomingville","7":"product_cat-chair","8":"product_cat-lounge-chair","9":"product_tag-nordic-design","10":"product_tag-nordic-home","11":"product_tag-nordic-interior-design","12":"product_tag-nordic-style","13":"pa_colour-brown","14":"pa_material-polyester","16":"first","17":"outofstock","18":"taxable","19":"shipping-taxable","20":"purchasable","21":"product-type-simple","22":"entry","23":"content-bg","24":"loop-entry"},"acf":[],"brands":[{"id":17,"name":"Bloomingville","slug":"bloomingville"}],"_links":{"self":[{"href":"https:\/\/yournordichome.com\/sl\/wp-json\/wp\/v2\/product\/2948","targetHints":{"allow":["GET"]}}],"collection":[{"href":"https:\/\/yournordichome.com\/sl\/wp-json\/wp\/v2\/product"}],"about":[{"href":"https:\/\/yournordichome.com\/sl\/wp-json\/wp\/v2\/types\/product"}],"replies":[{"embeddable":true,"href":"https:\/\/yournordichome.com\/sl\/wp-json\/wp\/v2\/comments?post=2948"}],"wp:featuredmedia":[{"embeddable":true,"href":"https:\/\/yournordichome.com\/sl\/wp-json\/wp\/v2\/media\/2822"}],"wp:attachment":[{"href":"https:\/\/yournordichome.com\/sl\/wp-json\/wp\/v2\/media?parent=2948"}],"wp:term":[{"taxonomy":"pwb-brand","embeddable":true,"href":"https:\/\/yournordichome.com\/sl\/wp-json\/wp\/v2\/pwb-brand?post=2948"},{"taxonomy":"product_brand","embeddable":true,"href":"https:\/\/yournordichome.com\/sl\/wp-json\/wp\/v2\/product_brand?post=2948"},{"taxonomy":"product_cat","embeddable":true,"href":"https:\/\/yournordichome.com\/sl\/wp-json\/wp\/v2\/product_cat?post=2948"},{"taxonomy":"product_tag","embeddable":true,"href":"https:\/\/yournordichome.com\/sl\/wp-json\/wp\/v2\/product_tag?post=2948"},{"taxonomy":"gyarto","embeddable":true,"href":"https:\/\/yournordichome.com\/sl\/wp-json\/wp\/v2\/gyarto?post=2948"}],"curies":[{"name":"wp","href":"https:\/\/api.w.org\/{rel}","templated":true}]}}