{"id":2619,"date":"2023-06-18T10:06:03","date_gmt":"2023-06-18T10:06:03","guid":{"rendered":"https:\/\/yournordichome.com\/product\/brown-pendant-lamp-glass\/"},"modified":"2025-07-31T14:18:14","modified_gmt":"2025-07-31T14:18:14","slug":"rjava-viseca-svetilka-iz-stekla","status":"publish","type":"product","link":"https:\/\/yournordichome.com\/sl\/product\/brown-pendant-lamp-glass\/","title":{"rendered":"Rjava vise\u010da svetilka iz stekla"},"content":{"rendered":"<p>Rjava vise\u010da svetilka iz stekla. Steklo je pihano z usti, zato je vsak izdelek edinstven in se zaradi naravne metode nekoliko razlikuje.<\/p>\n<p>Dimenzije izdelka: D30xH30 cm<br \/>\nBarva: rjava<br \/>\nSestava: Sestava: steklo, \u017eelezo<br \/>\nVelikost \u017earnice: E27<br \/>\nVrsta \u017earnice: LED ali var\u010dna (CFL)<br \/>\nMo\u010d \u017earnice: Najve\u010dja: \u017earnica: 40W<br \/>\n\u017darnica ni vklju\u010dena.<br \/>\nNavodila za nego: Obri\u0161ite z vla\u017eno krpo.<br \/>\nStropna skodelica: Da:<br \/>\nBarva vrvice: Zlata<br \/>\nDol\u017eina vrvice: 180 cm<br \/>\nMaterial vrvice: Tkanina:<br \/>\nPriklju\u010dki: Da:<br \/>\nUporaba na prostem: Ne<br \/>\nStikalo: Ne<\/p>","protected":false},"excerpt":{"rendered":"<p>Obesna svetilka, pihana iz rjavega barvanega stekla organske oblike. V vsak prostor vnese eleganco in prefinjenost.<\/p>","protected":false},"featured_media":2565,"comment_status":"closed","ping_status":"closed","template":"","meta":{"_acf_changed":false,"_kad_post_transparent":"default","_kad_post_title":"","_kad_post_layout":"default","_kad_post_sidebar_id":"","_kad_post_content_style":"default","_kad_post_vertical_padding":"default","_kad_post_feature":"","_kad_post_feature_position":"","_kad_post_header":false,"_kad_post_footer":false,"_kad_post_classname":""},"pwb-brand":[17],"product_brand":[],"product_cat":[72,114],"product_tag":[116,324,34,117],"gyarto":[],"class_list":{"0":"post-2619","1":"product","2":"type-product","3":"status-publish","4":"has-post-thumbnail","6":"pwb-brand-bloomingville","7":"product_cat-lamp","8":"product_cat-pendant-lamp","9":"product_tag-ceiling-lamp","10":"product_tag-glass-lamp","11":"product_tag-nordic-interior-design","12":"product_tag-nordic-lamp","13":"pa_colour-brown","14":"pa_material-glass","16":"first","17":"instock","18":"taxable","19":"shipping-taxable","20":"purchasable","21":"product-type-simple","22":"entry","23":"content-bg","24":"loop-entry"},"acf":[],"brands":[{"id":17,"name":"Bloomingville","slug":"bloomingville"}],"_links":{"self":[{"href":"https:\/\/yournordichome.com\/sl\/wp-json\/wp\/v2\/product\/2619","targetHints":{"allow":["GET"]}}],"collection":[{"href":"https:\/\/yournordichome.com\/sl\/wp-json\/wp\/v2\/product"}],"about":[{"href":"https:\/\/yournordichome.com\/sl\/wp-json\/wp\/v2\/types\/product"}],"replies":[{"embeddable":true,"href":"https:\/\/yournordichome.com\/sl\/wp-json\/wp\/v2\/comments?post=2619"}],"wp:featuredmedia":[{"embeddable":true,"href":"https:\/\/yournordichome.com\/sl\/wp-json\/wp\/v2\/media\/2565"}],"wp:attachment":[{"href":"https:\/\/yournordichome.com\/sl\/wp-json\/wp\/v2\/media?parent=2619"}],"wp:term":[{"taxonomy":"pwb-brand","embeddable":true,"href":"https:\/\/yournordichome.com\/sl\/wp-json\/wp\/v2\/pwb-brand?post=2619"},{"taxonomy":"product_brand","embeddable":true,"href":"https:\/\/yournordichome.com\/sl\/wp-json\/wp\/v2\/product_brand?post=2619"},{"taxonomy":"product_cat","embeddable":true,"href":"https:\/\/yournordichome.com\/sl\/wp-json\/wp\/v2\/product_cat?post=2619"},{"taxonomy":"product_tag","embeddable":true,"href":"https:\/\/yournordichome.com\/sl\/wp-json\/wp\/v2\/product_tag?post=2619"},{"taxonomy":"gyarto","embeddable":true,"href":"https:\/\/yournordichome.com\/sl\/wp-json\/wp\/v2\/gyarto?post=2619"}],"curies":[{"name":"wp","href":"https:\/\/api.w.org\/{rel}","templated":true}]}}