{"id":2509,"date":"2023-06-16T15:22:19","date_gmt":"2023-06-16T15:22:19","guid":{"rendered":"https:\/\/yournordichome.com\/product\/pixy-elfie-in-matchbox\/"},"modified":"2023-12-12T13:18:05","modified_gmt":"2023-12-12T13:18:05","slug":"pixy-elfie-v-skatlici-za-vzigalice","status":"publish","type":"product","link":"https:\/\/yournordichome.com\/sl\/product\/pixy-elfie-in-matchbox\/","title":{"rendered":"Pixy Elfie v \u0161katlici za v\u017eigalice"},"content":{"rendered":"<p>Pixy Elfie v \u0161katlici za v\u017eigalice Maileg z lepo rde\u010do kapo. Z veseljem se kadar koli prika\u017ee iz \u0161katlice za v\u017eigalice in se igra. Otrokom je \u0161e posebej v\u0161e\u010d, ker o\u017eivi pravlji\u010dni svet, okoli katerega je enostavno zgraditi domi\u0161ljijsko zgodbo.<\/p>\n<p>Skrbno izdelana, \u010dudovita igra\u010da danskega proizvajalca Maileg vsebuje vse pripomo\u010dke, ki bi jih lahko potrebovali med igro, vendar \u0161e vedno pu\u0161\u010da prostor za otro\u0161ko domi\u0161ljijo.<\/p>\n<p>Vi\u0161ina: 14 cm<br \/>\nMaterial: Bomba\u017e<br \/>\nPolnjenje: Recikliran poliester<br \/>\nPranje: 30\u00b0C<\/p>","protected":false},"excerpt":{"rendered":"<p>O\u010darljiva \u0161kratka, ki \u017eivi v udobno oblo\u017eeni \u0161katlici za v\u017eigalice. Njena lepa rde\u010da kapa jo greje tudi v najhladnej\u0161em vremenu, v svojem o\u010darljivem krilu pa se z veseljem pridru\u017ei igri. Kdo si ne bi \u017eelel imeti med svojimi prijatelji pravega \u0161krata?<\/p>","protected":false},"featured_media":2492,"comment_status":"closed","ping_status":"closed","template":"","meta":{"_acf_changed":false,"_kad_post_transparent":"","_kad_post_title":"","_kad_post_layout":"","_kad_post_sidebar_id":"","_kad_post_content_style":"","_kad_post_vertical_padding":"","_kad_post_feature":"","_kad_post_feature_position":"","_kad_post_header":false,"_kad_post_footer":false,"_kad_post_classname":""},"pwb-brand":[18],"product_brand":[],"product_cat":[47,48],"product_tag":[],"gyarto":[],"class_list":{"0":"post-2509","1":"product","2":"type-product","3":"status-publish","4":"has-post-thumbnail","6":"pwb-brand-maileg","7":"product_cat-kids","8":"product_cat-toy","9":"pa_colour-multi","10":"pa_material-cotton","12":"first","13":"outofstock","14":"taxable","15":"shipping-taxable","16":"purchasable","17":"product-type-simple","18":"entry","19":"content-bg","20":"loop-entry"},"acf":[],"brands":[{"id":18,"name":"Maileg","slug":"maileg"}],"_links":{"self":[{"href":"https:\/\/yournordichome.com\/sl\/wp-json\/wp\/v2\/product\/2509","targetHints":{"allow":["GET"]}}],"collection":[{"href":"https:\/\/yournordichome.com\/sl\/wp-json\/wp\/v2\/product"}],"about":[{"href":"https:\/\/yournordichome.com\/sl\/wp-json\/wp\/v2\/types\/product"}],"replies":[{"embeddable":true,"href":"https:\/\/yournordichome.com\/sl\/wp-json\/wp\/v2\/comments?post=2509"}],"wp:featuredmedia":[{"embeddable":true,"href":"https:\/\/yournordichome.com\/sl\/wp-json\/wp\/v2\/media\/2492"}],"wp:attachment":[{"href":"https:\/\/yournordichome.com\/sl\/wp-json\/wp\/v2\/media?parent=2509"}],"wp:term":[{"taxonomy":"pwb-brand","embeddable":true,"href":"https:\/\/yournordichome.com\/sl\/wp-json\/wp\/v2\/pwb-brand?post=2509"},{"taxonomy":"product_brand","embeddable":true,"href":"https:\/\/yournordichome.com\/sl\/wp-json\/wp\/v2\/product_brand?post=2509"},{"taxonomy":"product_cat","embeddable":true,"href":"https:\/\/yournordichome.com\/sl\/wp-json\/wp\/v2\/product_cat?post=2509"},{"taxonomy":"product_tag","embeddable":true,"href":"https:\/\/yournordichome.com\/sl\/wp-json\/wp\/v2\/product_tag?post=2509"},{"taxonomy":"gyarto","embeddable":true,"href":"https:\/\/yournordichome.com\/sl\/wp-json\/wp\/v2\/gyarto?post=2509"}],"curies":[{"name":"wp","href":"https:\/\/api.w.org\/{rel}","templated":true}]}}