{"id":2505,"date":"2023-06-16T15:22:19","date_gmt":"2023-06-16T15:22:19","guid":{"rendered":"https:\/\/yournordichome.com\/product\/brown-cotton-blanket-130-x-160-cm\/"},"modified":"2026-01-04T16:11:16","modified_gmt":"2026-01-04T16:11:16","slug":"rjava-bombazna-odeja-130-x-160-cm","status":"publish","type":"product","link":"https:\/\/yournordichome.com\/sl\/product\/brown-cotton-blanket-130-x-160-cm\/","title":{"rendered":"Rjava bomba\u017ena odeja 130 x 160 cm"},"content":{"rendered":"<p>Rjava bomba\u017ena odeja iz recikliranega bomba\u017ea. Zaradi svoje naravne barve je klasi\u010den nordijski dodatek, ki se dobro ujema s \u0161tevilnimi razli\u010dnimi barvnimi shemami.<\/p>\n<p>Dimenzije izdelka: L160x\u0160130 cm<br \/>\nBarva: Narava<br \/>\nSestava: 69% bomba\u017e, 28% poliester, 3% viskoza<br \/>\nBeljenje: Ne<br \/>\nSuho \u010di\u0161\u010denje: Ne .<br \/>\nSu\u0161enje: Su\u0161enje v su\u0161ilniku: nizko.<br \/>\nLikanje: .<br \/>\nNavodila za pranje: Pralni stroj: 40 stopinj.<\/p>","protected":false},"excerpt":{"rendered":"<p>Ta rjava metla je primerna za \u0161tevilne razli\u010dne barvne kombinacije, saj je s svojim drobnim tkanim vzorcem zemeljski dodatek k dekoraciji va\u0161ega doma.<\/p>","protected":false},"featured_media":2478,"comment_status":"closed","ping_status":"closed","template":"","meta":{"_acf_changed":false,"_kad_post_transparent":"default","_kad_post_title":"","_kad_post_layout":"default","_kad_post_sidebar_id":"","_kad_post_content_style":"default","_kad_post_vertical_padding":"default","_kad_post_feature":"","_kad_post_feature_position":"","_kad_post_header":false,"_kad_post_footer":false,"_kad_post_classname":""},"pwb-brand":[17],"product_brand":[],"product_cat":[66,65],"product_tag":[67,34],"gyarto":[],"class_list":{"0":"post-2505","1":"product","2":"type-product","3":"status-publish","4":"has-post-thumbnail","6":"pwb-brand-bloomingville","7":"product_cat-blanket","8":"product_cat-rugs-and-textiles","9":"product_tag-cotton-blanket","10":"product_tag-nordic-interior-design","11":"pa_colour-nature","12":"pa_material-cotton","14":"first","15":"instock","16":"taxable","17":"shipping-taxable","18":"purchasable","19":"product-type-simple","20":"entry","21":"content-bg","22":"loop-entry"},"acf":[],"brands":[{"id":17,"name":"Bloomingville","slug":"bloomingville"}],"_links":{"self":[{"href":"https:\/\/yournordichome.com\/sl\/wp-json\/wp\/v2\/product\/2505","targetHints":{"allow":["GET"]}}],"collection":[{"href":"https:\/\/yournordichome.com\/sl\/wp-json\/wp\/v2\/product"}],"about":[{"href":"https:\/\/yournordichome.com\/sl\/wp-json\/wp\/v2\/types\/product"}],"replies":[{"embeddable":true,"href":"https:\/\/yournordichome.com\/sl\/wp-json\/wp\/v2\/comments?post=2505"}],"wp:featuredmedia":[{"embeddable":true,"href":"https:\/\/yournordichome.com\/sl\/wp-json\/wp\/v2\/media\/2478"}],"wp:attachment":[{"href":"https:\/\/yournordichome.com\/sl\/wp-json\/wp\/v2\/media?parent=2505"}],"wp:term":[{"taxonomy":"pwb-brand","embeddable":true,"href":"https:\/\/yournordichome.com\/sl\/wp-json\/wp\/v2\/pwb-brand?post=2505"},{"taxonomy":"product_brand","embeddable":true,"href":"https:\/\/yournordichome.com\/sl\/wp-json\/wp\/v2\/product_brand?post=2505"},{"taxonomy":"product_cat","embeddable":true,"href":"https:\/\/yournordichome.com\/sl\/wp-json\/wp\/v2\/product_cat?post=2505"},{"taxonomy":"product_tag","embeddable":true,"href":"https:\/\/yournordichome.com\/sl\/wp-json\/wp\/v2\/product_tag?post=2505"},{"taxonomy":"gyarto","embeddable":true,"href":"https:\/\/yournordichome.com\/sl\/wp-json\/wp\/v2\/gyarto?post=2505"}],"curies":[{"name":"wp","href":"https:\/\/api.w.org\/{rel}","templated":true}]}}