{"id":2412,"date":"2023-06-15T17:55:58","date_gmt":"2023-06-15T17:55:58","guid":{"rendered":"https:\/\/yournordichome.com\/product\/grey-bench\/"},"modified":"2025-07-31T14:34:29","modified_gmt":"2025-07-31T14:34:29","slug":"siva-klop","status":"publish","type":"product","link":"https:\/\/yournordichome.com\/sl\/product\/grey-bench\/","title":{"rendered":"Siva klop"},"content":{"rendered":"<p><strong>Siva klop<\/strong> v nordijskem dizajnu s \u010drnimi kovinskimi nogami in udobnim sede\u017eem. Okrasite ga z blazino ali umetno ov\u010djo ko\u017eo in ga naredite \u0161e bolj udobnega!<\/p>\n<p>Dimenzije izdelka: L140xH45xW45,5 cm<br \/>\nVi\u0161ina nog: 38 cm<br \/>\nBarva: Siva<br \/>\nSestava: Sestava: poliester, vezan les, kovina<br \/>\nSestava tkanine: 87% poliester, 10% viskoza, 3% najlon<br \/>\nNajve\u010dja nosilnost: 150 kg<\/p>","protected":false},"excerpt":{"rendered":"<p>Lepa, klasi\u010dna klop iz \u010drne kovine z mehkim in udobnim sede\u017eem iz gladkega sivega poliestra. Klop je idealna za hodnik ali spalnico. Odli\u010dno se bo prilegala tudi ob jedilno mizo namesto stolov. V\u0161e\u010d vam bo!<\/p>","protected":false},"featured_media":2360,"comment_status":"closed","ping_status":"closed","template":"","meta":{"_acf_changed":false,"_kad_post_transparent":"default","_kad_post_title":"","_kad_post_layout":"default","_kad_post_sidebar_id":"","_kad_post_content_style":"default","_kad_post_vertical_padding":"default","_kad_post_feature":"","_kad_post_feature_position":"","_kad_post_header":false,"_kad_post_footer":false,"_kad_post_classname":""},"pwb-brand":[17],"product_brand":[],"product_cat":[171,152],"product_tag":[173,34],"gyarto":[],"class_list":{"0":"post-2412","1":"product","2":"type-product","3":"status-publish","4":"has-post-thumbnail","6":"pwb-brand-bloomingville","7":"product_cat-bench","8":"product_cat-chair","9":"product_tag-nordic-bench","10":"product_tag-nordic-interior-design","11":"pa_colour-grey","12":"pa_material-plywood","14":"first","15":"instock","16":"taxable","17":"shipping-taxable","18":"purchasable","19":"product-type-simple","20":"entry","21":"content-bg","22":"loop-entry"},"acf":[],"brands":[{"id":17,"name":"Bloomingville","slug":"bloomingville"}],"_links":{"self":[{"href":"https:\/\/yournordichome.com\/sl\/wp-json\/wp\/v2\/product\/2412","targetHints":{"allow":["GET"]}}],"collection":[{"href":"https:\/\/yournordichome.com\/sl\/wp-json\/wp\/v2\/product"}],"about":[{"href":"https:\/\/yournordichome.com\/sl\/wp-json\/wp\/v2\/types\/product"}],"replies":[{"embeddable":true,"href":"https:\/\/yournordichome.com\/sl\/wp-json\/wp\/v2\/comments?post=2412"}],"wp:featuredmedia":[{"embeddable":true,"href":"https:\/\/yournordichome.com\/sl\/wp-json\/wp\/v2\/media\/2360"}],"wp:attachment":[{"href":"https:\/\/yournordichome.com\/sl\/wp-json\/wp\/v2\/media?parent=2412"}],"wp:term":[{"taxonomy":"pwb-brand","embeddable":true,"href":"https:\/\/yournordichome.com\/sl\/wp-json\/wp\/v2\/pwb-brand?post=2412"},{"taxonomy":"product_brand","embeddable":true,"href":"https:\/\/yournordichome.com\/sl\/wp-json\/wp\/v2\/product_brand?post=2412"},{"taxonomy":"product_cat","embeddable":true,"href":"https:\/\/yournordichome.com\/sl\/wp-json\/wp\/v2\/product_cat?post=2412"},{"taxonomy":"product_tag","embeddable":true,"href":"https:\/\/yournordichome.com\/sl\/wp-json\/wp\/v2\/product_tag?post=2412"},{"taxonomy":"gyarto","embeddable":true,"href":"https:\/\/yournordichome.com\/sl\/wp-json\/wp\/v2\/gyarto?post=2412"}],"curies":[{"name":"wp","href":"https:\/\/api.w.org\/{rel}","templated":true}]}}