{"id":2331,"date":"2023-06-14T17:27:16","date_gmt":"2023-06-14T17:27:16","guid":{"rendered":"https:\/\/yournordichome.com\/product\/candlestick-with-face\/"},"modified":"2025-07-31T14:43:09","modified_gmt":"2025-07-31T14:43:09","slug":"svecnik-z-obrazom","status":"publish","type":"product","link":"https:\/\/yournordichome.com\/sl\/product\/candlestick-with-face\/","title":{"rendered":"Sve\u010denik z obrazom"},"content":{"rendered":"<p>Sve\u010denik z obraznim vzorcem iz \u010dudovite zelene keramike. Sve\u010dnik bo \u010dudovit okras za va\u0161 dom.<\/p>\n<p>Dimenzije izdelka: D8,5xH9 cm<br \/>\nSestava: Kamnita posoda<br \/>\nPremer sve\u010de: 2,2 cm<br \/>\nZaradi narave glazure in ro\u010dno izdelanega predmeta lahko pride do barvnih odstopanj.<\/p>","protected":false},"excerpt":{"rendered":"<p>Sve\u010denik z obraznim vzorcem, ro\u010dno izdelan iz kamenine.<\/p>","protected":false},"featured_media":2286,"comment_status":"closed","ping_status":"closed","template":"","meta":{"_acf_changed":false,"_kad_post_transparent":"default","_kad_post_title":"","_kad_post_layout":"default","_kad_post_sidebar_id":"","_kad_post_content_style":"default","_kad_post_vertical_padding":"default","_kad_post_feature":"","_kad_post_feature_position":"","_kad_post_header":false,"_kad_post_footer":false,"_kad_post_classname":""},"pwb-brand":[17],"product_brand":[],"product_cat":[23,357],"product_tag":[346,26,34],"gyarto":[],"class_list":{"0":"post-2331","1":"product","2":"type-product","3":"status-publish","4":"has-post-thumbnail","6":"pwb-brand-bloomingville","7":"product_cat-home-decor","8":"product_cat-vase","9":"product_tag-candle-holder","10":"product_tag-nordic-home-decor","11":"product_tag-nordic-interior-design","12":"pa_colour-green","13":"pa_material-stoneware","15":"first","16":"instock","17":"taxable","18":"shipping-taxable","19":"purchasable","20":"product-type-simple","21":"entry","22":"content-bg","23":"loop-entry"},"acf":[],"brands":[{"id":17,"name":"Bloomingville","slug":"bloomingville"}],"_links":{"self":[{"href":"https:\/\/yournordichome.com\/sl\/wp-json\/wp\/v2\/product\/2331","targetHints":{"allow":["GET"]}}],"collection":[{"href":"https:\/\/yournordichome.com\/sl\/wp-json\/wp\/v2\/product"}],"about":[{"href":"https:\/\/yournordichome.com\/sl\/wp-json\/wp\/v2\/types\/product"}],"replies":[{"embeddable":true,"href":"https:\/\/yournordichome.com\/sl\/wp-json\/wp\/v2\/comments?post=2331"}],"wp:featuredmedia":[{"embeddable":true,"href":"https:\/\/yournordichome.com\/sl\/wp-json\/wp\/v2\/media\/2286"}],"wp:attachment":[{"href":"https:\/\/yournordichome.com\/sl\/wp-json\/wp\/v2\/media?parent=2331"}],"wp:term":[{"taxonomy":"pwb-brand","embeddable":true,"href":"https:\/\/yournordichome.com\/sl\/wp-json\/wp\/v2\/pwb-brand?post=2331"},{"taxonomy":"product_brand","embeddable":true,"href":"https:\/\/yournordichome.com\/sl\/wp-json\/wp\/v2\/product_brand?post=2331"},{"taxonomy":"product_cat","embeddable":true,"href":"https:\/\/yournordichome.com\/sl\/wp-json\/wp\/v2\/product_cat?post=2331"},{"taxonomy":"product_tag","embeddable":true,"href":"https:\/\/yournordichome.com\/sl\/wp-json\/wp\/v2\/product_tag?post=2331"},{"taxonomy":"gyarto","embeddable":true,"href":"https:\/\/yournordichome.com\/sl\/wp-json\/wp\/v2\/gyarto?post=2331"}],"curies":[{"name":"wp","href":"https:\/\/api.w.org\/{rel}","templated":true}]}}