{"id":2317,"date":"2023-06-14T17:27:16","date_gmt":"2023-06-14T17:27:16","guid":{"rendered":"https:\/\/yournordichome.com\/product\/botanical-poster-1\/"},"modified":"2025-07-31T14:39:58","modified_gmt":"2025-07-31T14:39:58","slug":"botanicni-plakat-1","status":"publish","type":"product","link":"https:\/\/yournordichome.com\/sl\/product\/botanical-poster-1\/","title":{"rendered":"Botani\u010dni plakat #1"},"content":{"rendered":"<p>Botani\u010dni plakat iz papirja. Postavite ga v najljub\u0161i okvir za slike ali ga pritrdite na steno s pripenjalnim dr\u017ealom za plakate.<\/p>\n<p>Velikost: 35 x 25,5 cm<br \/>\nMaterial: papir<\/p>","protected":false},"excerpt":{"rendered":"<p>Botani\u010dni plakat na papirju s prefinjenimi barvami in \u010dudovitim dizajnom. Zme\u0161ajte botani\u010dne in cvetli\u010dne plakate ter ustvarite okolje, ki ste si ga vedno \u017eeleli.<\/p>","protected":false},"featured_media":2281,"comment_status":"closed","ping_status":"closed","template":"","meta":{"_acf_changed":false,"_kad_post_transparent":"default","_kad_post_title":"","_kad_post_layout":"default","_kad_post_sidebar_id":"","_kad_post_content_style":"default","_kad_post_vertical_padding":"default","_kad_post_feature":"","_kad_post_feature_position":"","_kad_post_header":false,"_kad_post_footer":false,"_kad_post_classname":""},"pwb-brand":[17],"product_brand":[],"product_cat":[23,355],"product_tag":[26],"gyarto":[],"class_list":{"0":"post-2317","1":"product","2":"type-product","3":"status-publish","4":"has-post-thumbnail","6":"pwb-brand-bloomingville","7":"product_cat-home-decor","8":"product_cat-poster","9":"product_tag-nordic-home-decor","10":"pa_colour-multi","11":"pa_material-paper","13":"first","14":"instock","15":"taxable","16":"shipping-taxable","17":"purchasable","18":"product-type-simple","19":"entry","20":"content-bg","21":"loop-entry"},"acf":[],"brands":[{"id":17,"name":"Bloomingville","slug":"bloomingville"}],"_links":{"self":[{"href":"https:\/\/yournordichome.com\/sl\/wp-json\/wp\/v2\/product\/2317","targetHints":{"allow":["GET"]}}],"collection":[{"href":"https:\/\/yournordichome.com\/sl\/wp-json\/wp\/v2\/product"}],"about":[{"href":"https:\/\/yournordichome.com\/sl\/wp-json\/wp\/v2\/types\/product"}],"replies":[{"embeddable":true,"href":"https:\/\/yournordichome.com\/sl\/wp-json\/wp\/v2\/comments?post=2317"}],"wp:featuredmedia":[{"embeddable":true,"href":"https:\/\/yournordichome.com\/sl\/wp-json\/wp\/v2\/media\/2281"}],"wp:attachment":[{"href":"https:\/\/yournordichome.com\/sl\/wp-json\/wp\/v2\/media?parent=2317"}],"wp:term":[{"taxonomy":"pwb-brand","embeddable":true,"href":"https:\/\/yournordichome.com\/sl\/wp-json\/wp\/v2\/pwb-brand?post=2317"},{"taxonomy":"product_brand","embeddable":true,"href":"https:\/\/yournordichome.com\/sl\/wp-json\/wp\/v2\/product_brand?post=2317"},{"taxonomy":"product_cat","embeddable":true,"href":"https:\/\/yournordichome.com\/sl\/wp-json\/wp\/v2\/product_cat?post=2317"},{"taxonomy":"product_tag","embeddable":true,"href":"https:\/\/yournordichome.com\/sl\/wp-json\/wp\/v2\/product_tag?post=2317"},{"taxonomy":"gyarto","embeddable":true,"href":"https:\/\/yournordichome.com\/sl\/wp-json\/wp\/v2\/gyarto?post=2317"}],"curies":[{"name":"wp","href":"https:\/\/api.w.org\/{rel}","templated":true}]}}