{"id":2316,"date":"2023-06-14T17:27:16","date_gmt":"2023-06-14T17:27:16","guid":{"rendered":"https:\/\/yournordichome.com\/product\/green-table-lamp\/"},"modified":"2025-07-31T14:40:32","modified_gmt":"2025-07-31T14:40:32","slug":"zelena-namizna-svetilka","status":"publish","type":"product","link":"https:\/\/yournordichome.com\/sl\/product\/green-table-lamp\/","title":{"rendered":"Zelena namizna svetilka"},"content":{"rendered":"<p><strong>Zelena namizna svetilka<\/strong> s cvetli\u010dnim odtenkom. Izdelan je iz kamenine v ne\u017eni zeleni barvi. Odli\u010dna svetilka za posteljno mizico ali konzolno mizico.<\/p>\n<p>Dimenzije izdelka: D32xH52 cm<br \/>\nVelikost sence cm.: \u00df28xH20 cm<br \/>\nSestava: Sestava: kamnita posoda, \u017eelezo, poliester<br \/>\nVelikost \u017earnice: E27<br \/>\nMo\u010d \u017earnice: LED: 40W: \/ CFL: 5W: 14W<br \/>\n\u017darnica ni vklju\u010dena.<br \/>\nNavodila za nego: Obri\u0161ite z vla\u017eno krpo.<br \/>\nBarva vrvice: \u010drna<br \/>\nDol\u017eina vrvice: 180 cm<br \/>\nMaterial vrvice: tkanina<br \/>\nUporaba na prostem: Ne<br \/>\nStikalo: Na kablu<\/p>","protected":false},"excerpt":{"rendered":"<p>Zelena namizna svetilka s cvetli\u010dnim sen\u010dnikom iz lon\u010denine v ne\u017eni zeleni barvi.<\/p>","protected":false},"featured_media":2304,"comment_status":"closed","ping_status":"closed","template":"","meta":{"_acf_changed":false,"_kad_post_transparent":"default","_kad_post_title":"","_kad_post_layout":"default","_kad_post_sidebar_id":"","_kad_post_content_style":"default","_kad_post_vertical_padding":"default","_kad_post_feature":"","_kad_post_feature_position":"","_kad_post_header":false,"_kad_post_footer":false,"_kad_post_classname":""},"pwb-brand":[17],"product_brand":[],"product_cat":[73,72],"product_tag":[1058,34,117,25],"gyarto":[],"class_list":{"0":"post-2316","1":"product","2":"type-product","3":"status-publish","4":"has-post-thumbnail","6":"pwb-brand-bloomingville","7":"product_cat-desk-and-table-lamp","8":"product_cat-lamp","9":"product_tag-new-year-sale","10":"product_tag-nordic-interior-design","11":"product_tag-nordic-lamp","12":"product_tag-shabby-chic","13":"pa_colour-green","14":"pa_material-stoneware","16":"first","17":"instock","18":"taxable","19":"shipping-taxable","20":"purchasable","21":"product-type-simple","22":"entry","23":"content-bg","24":"loop-entry"},"acf":[],"brands":[{"id":17,"name":"Bloomingville","slug":"bloomingville"}],"_links":{"self":[{"href":"https:\/\/yournordichome.com\/sl\/wp-json\/wp\/v2\/product\/2316","targetHints":{"allow":["GET"]}}],"collection":[{"href":"https:\/\/yournordichome.com\/sl\/wp-json\/wp\/v2\/product"}],"about":[{"href":"https:\/\/yournordichome.com\/sl\/wp-json\/wp\/v2\/types\/product"}],"replies":[{"embeddable":true,"href":"https:\/\/yournordichome.com\/sl\/wp-json\/wp\/v2\/comments?post=2316"}],"wp:featuredmedia":[{"embeddable":true,"href":"https:\/\/yournordichome.com\/sl\/wp-json\/wp\/v2\/media\/2304"}],"wp:attachment":[{"href":"https:\/\/yournordichome.com\/sl\/wp-json\/wp\/v2\/media?parent=2316"}],"wp:term":[{"taxonomy":"pwb-brand","embeddable":true,"href":"https:\/\/yournordichome.com\/sl\/wp-json\/wp\/v2\/pwb-brand?post=2316"},{"taxonomy":"product_brand","embeddable":true,"href":"https:\/\/yournordichome.com\/sl\/wp-json\/wp\/v2\/product_brand?post=2316"},{"taxonomy":"product_cat","embeddable":true,"href":"https:\/\/yournordichome.com\/sl\/wp-json\/wp\/v2\/product_cat?post=2316"},{"taxonomy":"product_tag","embeddable":true,"href":"https:\/\/yournordichome.com\/sl\/wp-json\/wp\/v2\/product_tag?post=2316"},{"taxonomy":"gyarto","embeddable":true,"href":"https:\/\/yournordichome.com\/sl\/wp-json\/wp\/v2\/gyarto?post=2316"}],"curies":[{"name":"wp","href":"https:\/\/api.w.org\/{rel}","templated":true}]}}