{"id":2269,"date":"2023-06-12T18:39:24","date_gmt":"2023-06-12T18:39:24","guid":{"rendered":"https:\/\/yournordichome.com\/product\/paper-towel-holder\/"},"modified":"2025-11-17T20:45:03","modified_gmt":"2025-11-17T20:45:03","slug":"drzalo-za-papirnate-brisace","status":"publish","type":"product","link":"https:\/\/yournordichome.com\/sl\/product\/paper-towel-holder\/","title":{"rendered":"Dr\u017ealo za papirnate brisa\u010de"},"content":{"rendered":"<p>Dr\u017ealo za papirnate brisa\u010de s kerami\u010dno podlago, dekorativnim, ro\u010dno poslikanim vzorcem. Tudi preprosta orodja naj bodo posebna, v kuhinji uporabljajte dodatke, ki vas osre\u010dujejo!<\/p>\n<p>Dimenzije: ? 16 x 32 cm<br \/>\nMaterial: kamenina, bambus<br \/>\nRo\u010dno \u017eigosano<\/p>\n<p>Var\u010devanje z viri<br \/>\nS tem izdelkom kupite trajnostno in okolju prijazno alternativo obi\u010dajnim izdelkom. Embala\u017ea je zmanj\u0161ana na minimum.<\/p>\n<p>Sejemski in dru\u017eabni dogodek<br \/>\nPartnerji, ki proizvajajo izdelke Tranquillo, so \u010dlani pobude BSCI (Business Social Compliance Initiative), katere cilj je izbolj\u0161ati delovne razmere po vsem svetu. Dru\u017eba Tranquillo in njeni partnerji skupaj opredeljujejo in uresni\u010dujejo cilje, ki zagotavljajo proizvodnjo trajnostnih izdelkov v eti\u010dno dobrih pogojih. Skladnost s kodeksom ravnanja BSCI redno preverja neodvisna organizacija za testiranje.<\/p>","protected":false},"excerpt":{"rendered":"<p>Z dr\u017ealom za papirnate brisa\u010de imate sve\u017e kuhinjski papir vedno na dosegu roke in je idealen pomo\u010dnik v va\u0161i kuhinji. Dr\u017ealo je sestavljeno iz okrogle plo\u0161\u010de iz kamenine s podrobnimi potiski za dobro stabilnost in visoke bambusove palice, na katero se namesti kuhinjska rolica.<\/p>","protected":false},"featured_media":2215,"comment_status":"closed","ping_status":"closed","template":"","meta":{"_acf_changed":false,"_kad_post_transparent":"default","_kad_post_title":"","_kad_post_layout":"default","_kad_post_sidebar_id":"","_kad_post_content_style":"default","_kad_post_vertical_padding":"default","_kad_post_feature":"","_kad_post_feature_position":"","_kad_post_header":false,"_kad_post_footer":false,"_kad_post_classname":""},"pwb-brand":[345],"product_brand":[],"product_cat":[299,36],"product_tag":[350,352,351],"gyarto":[],"class_list":{"0":"post-2269","1":"product","2":"type-product","3":"status-publish","4":"has-post-thumbnail","6":"pwb-brand-tranquillo","7":"product_cat-kitchen-accessories","8":"product_cat-kitchen-and-dining","9":"product_tag-kitchen-accessories","10":"product_tag-kitchen-ceramics","11":"product_tag-nordic-kitchen","12":"pa_colour-multi","13":"pa_material-stoneware","15":"first","16":"outofstock","17":"taxable","18":"shipping-taxable","19":"purchasable","20":"product-type-simple","21":"entry","22":"content-bg","23":"loop-entry"},"acf":[],"brands":[{"id":345,"name":"Tranquillo","slug":"tranquillo"}],"_links":{"self":[{"href":"https:\/\/yournordichome.com\/sl\/wp-json\/wp\/v2\/product\/2269","targetHints":{"allow":["GET"]}}],"collection":[{"href":"https:\/\/yournordichome.com\/sl\/wp-json\/wp\/v2\/product"}],"about":[{"href":"https:\/\/yournordichome.com\/sl\/wp-json\/wp\/v2\/types\/product"}],"replies":[{"embeddable":true,"href":"https:\/\/yournordichome.com\/sl\/wp-json\/wp\/v2\/comments?post=2269"}],"wp:featuredmedia":[{"embeddable":true,"href":"https:\/\/yournordichome.com\/sl\/wp-json\/wp\/v2\/media\/2215"}],"wp:attachment":[{"href":"https:\/\/yournordichome.com\/sl\/wp-json\/wp\/v2\/media?parent=2269"}],"wp:term":[{"taxonomy":"pwb-brand","embeddable":true,"href":"https:\/\/yournordichome.com\/sl\/wp-json\/wp\/v2\/pwb-brand?post=2269"},{"taxonomy":"product_brand","embeddable":true,"href":"https:\/\/yournordichome.com\/sl\/wp-json\/wp\/v2\/product_brand?post=2269"},{"taxonomy":"product_cat","embeddable":true,"href":"https:\/\/yournordichome.com\/sl\/wp-json\/wp\/v2\/product_cat?post=2269"},{"taxonomy":"product_tag","embeddable":true,"href":"https:\/\/yournordichome.com\/sl\/wp-json\/wp\/v2\/product_tag?post=2269"},{"taxonomy":"gyarto","embeddable":true,"href":"https:\/\/yournordichome.com\/sl\/wp-json\/wp\/v2\/gyarto?post=2269"}],"curies":[{"name":"wp","href":"https:\/\/api.w.org\/{rel}","templated":true}]}}