{"id":2172,"date":"2023-06-12T18:12:29","date_gmt":"2023-06-12T18:12:29","guid":{"rendered":"https:\/\/yournordichome.com\/product\/mini-stove-w-sink\/"},"modified":"2025-07-31T14:53:43","modified_gmt":"2025-07-31T14:53:43","slug":"mini-stedilnik-z-umivalnikom","status":"publish","type":"product","link":"https:\/\/yournordichome.com\/sl\/product\/mini-stove-w-sink\/","title":{"rendered":"Mini \u0161tedilnik w umivalnik"},"content":{"rendered":"<p>Mini \u0161tedilnik z umivalnikom za otroke. Ima vse, kar mali kuhar potrebuje: pripravlja hrano na \u0161tirih kuhalnih plo\u0161\u010dah in pomiva posodo v pomivalnem koritu. Vzor\u010dasta zavesa prekriva omarico s policami. Na odprto polico lahko postavite majhne kuharske knjige.<\/p>\n<p>Dimenzije izdelka: D40xH57,5xW26 cm<br \/>\nBarva: rjava<br \/>\nSestava: Sestava: MDF, les Lotus<br \/>\nTo igra\u010do mora pred uporabo sestaviti odrasla oseba.<br \/>\nPriporo\u010dena starost: +24 mesecev<\/p>","protected":false},"excerpt":{"rendered":"<p>Mini \u0161tedilnik s pomivalnim koritom iz lotosovega lesa za najmanj\u0161e kuharje. Ta neverjetna igralna kuhinja ima veliko funkcionalnosti in spodbuja k \u0161tevilnim uram igre.<\/p>","protected":false},"featured_media":2128,"comment_status":"closed","ping_status":"closed","template":"","meta":{"_acf_changed":false,"_kad_post_transparent":"default","_kad_post_title":"","_kad_post_layout":"default","_kad_post_sidebar_id":"","_kad_post_content_style":"default","_kad_post_vertical_padding":"default","_kad_post_feature":"","_kad_post_feature_position":"","_kad_post_header":false,"_kad_post_footer":false,"_kad_post_classname":""},"pwb-brand":[17],"product_brand":[],"product_cat":[47,48],"product_tag":[34],"gyarto":[],"class_list":{"0":"post-2172","1":"product","2":"type-product","3":"status-publish","4":"has-post-thumbnail","6":"pwb-brand-bloomingville","7":"product_cat-kids","8":"product_cat-toy","9":"product_tag-nordic-interior-design","10":"pa_colour-brown","11":"pa_material-lotus-wood","13":"first","14":"instock","15":"taxable","16":"shipping-taxable","17":"purchasable","18":"product-type-simple","19":"entry","20":"content-bg","21":"loop-entry"},"acf":[],"brands":[{"id":17,"name":"Bloomingville","slug":"bloomingville"}],"_links":{"self":[{"href":"https:\/\/yournordichome.com\/sl\/wp-json\/wp\/v2\/product\/2172","targetHints":{"allow":["GET"]}}],"collection":[{"href":"https:\/\/yournordichome.com\/sl\/wp-json\/wp\/v2\/product"}],"about":[{"href":"https:\/\/yournordichome.com\/sl\/wp-json\/wp\/v2\/types\/product"}],"replies":[{"embeddable":true,"href":"https:\/\/yournordichome.com\/sl\/wp-json\/wp\/v2\/comments?post=2172"}],"wp:featuredmedia":[{"embeddable":true,"href":"https:\/\/yournordichome.com\/sl\/wp-json\/wp\/v2\/media\/2128"}],"wp:attachment":[{"href":"https:\/\/yournordichome.com\/sl\/wp-json\/wp\/v2\/media?parent=2172"}],"wp:term":[{"taxonomy":"pwb-brand","embeddable":true,"href":"https:\/\/yournordichome.com\/sl\/wp-json\/wp\/v2\/pwb-brand?post=2172"},{"taxonomy":"product_brand","embeddable":true,"href":"https:\/\/yournordichome.com\/sl\/wp-json\/wp\/v2\/product_brand?post=2172"},{"taxonomy":"product_cat","embeddable":true,"href":"https:\/\/yournordichome.com\/sl\/wp-json\/wp\/v2\/product_cat?post=2172"},{"taxonomy":"product_tag","embeddable":true,"href":"https:\/\/yournordichome.com\/sl\/wp-json\/wp\/v2\/product_tag?post=2172"},{"taxonomy":"gyarto","embeddable":true,"href":"https:\/\/yournordichome.com\/sl\/wp-json\/wp\/v2\/gyarto?post=2172"}],"curies":[{"name":"wp","href":"https:\/\/api.w.org\/{rel}","templated":true}]}}