{"id":2035,"date":"2023-06-04T13:16:44","date_gmt":"2023-06-04T13:16:44","guid":{"rendered":"https:\/\/yournordichome.com\/product\/round-coffee-table-brass\/"},"modified":"2025-07-31T15:08:54","modified_gmt":"2025-07-31T15:08:54","slug":"okrogla-mizica-iz-medenine","status":"publish","type":"product","link":"https:\/\/yournordichome.com\/sl\/product\/round-coffee-table-brass\/","title":{"rendered":"Okrogla mizica iz medenine"},"content":{"rendered":"<p>Okrogla kavna mizica v barvi anti\u010dne medenine, izdelana iz kovine. Njena posebnost je, da je sestavljena iz kompleta, tako da se skupaj pritrdita dve mizni plo\u0161\u010di. To omogo\u010da zra\u010den in lahkoten videz. Njena zgornja mizna plo\u0161\u010da ima \u010dudovit vzorec, spodnja mizna plo\u0161\u010da pa je iz masivne povr\u0161ine.<\/p>\n<p>Dimenzije izdelka: V50\/L59\/W40 cm<br \/>\nMaterial: \u017delezo<br \/>\nBarva: anti\u010dna medenina<\/p>","protected":false},"excerpt":{"rendered":"<p>Okrogla mizica z dvema miznima plo\u0161\u010dama v medeninasti barvi iz kovine. Lep in edinstven komplet, ki ga je mogo\u010de lepo okrasiti.<\/p>","protected":false},"featured_media":2011,"comment_status":"closed","ping_status":"closed","template":"","meta":{"_acf_changed":false,"_kad_post_transparent":"default","_kad_post_title":"","_kad_post_layout":"default","_kad_post_sidebar_id":"","_kad_post_content_style":"default","_kad_post_vertical_padding":"default","_kad_post_feature":"","_kad_post_feature_position":"","_kad_post_header":false,"_kad_post_footer":false,"_kad_post_classname":""},"pwb-brand":[19],"product_brand":[],"product_cat":[158,157],"product_tag":[25],"gyarto":[],"class_list":{"0":"post-2035","1":"product","2":"type-product","3":"status-publish","4":"has-post-thumbnail","6":"pwb-brand-chic-antique","7":"product_cat-coffee-table","8":"product_cat-table","9":"product_tag-shabby-chic","10":"pa_colour-brass","11":"pa_material-metal","13":"first","14":"instock","15":"taxable","16":"shipping-taxable","17":"purchasable","18":"product-type-simple","19":"entry","20":"content-bg","21":"loop-entry"},"acf":[],"brands":[{"id":19,"name":"Chic Antique","slug":"elegantna-starinska"}],"_links":{"self":[{"href":"https:\/\/yournordichome.com\/sl\/wp-json\/wp\/v2\/product\/2035","targetHints":{"allow":["GET"]}}],"collection":[{"href":"https:\/\/yournordichome.com\/sl\/wp-json\/wp\/v2\/product"}],"about":[{"href":"https:\/\/yournordichome.com\/sl\/wp-json\/wp\/v2\/types\/product"}],"replies":[{"embeddable":true,"href":"https:\/\/yournordichome.com\/sl\/wp-json\/wp\/v2\/comments?post=2035"}],"wp:featuredmedia":[{"embeddable":true,"href":"https:\/\/yournordichome.com\/sl\/wp-json\/wp\/v2\/media\/2011"}],"wp:attachment":[{"href":"https:\/\/yournordichome.com\/sl\/wp-json\/wp\/v2\/media?parent=2035"}],"wp:term":[{"taxonomy":"pwb-brand","embeddable":true,"href":"https:\/\/yournordichome.com\/sl\/wp-json\/wp\/v2\/pwb-brand?post=2035"},{"taxonomy":"product_brand","embeddable":true,"href":"https:\/\/yournordichome.com\/sl\/wp-json\/wp\/v2\/product_brand?post=2035"},{"taxonomy":"product_cat","embeddable":true,"href":"https:\/\/yournordichome.com\/sl\/wp-json\/wp\/v2\/product_cat?post=2035"},{"taxonomy":"product_tag","embeddable":true,"href":"https:\/\/yournordichome.com\/sl\/wp-json\/wp\/v2\/product_tag?post=2035"},{"taxonomy":"gyarto","embeddable":true,"href":"https:\/\/yournordichome.com\/sl\/wp-json\/wp\/v2\/gyarto?post=2035"}],"curies":[{"name":"wp","href":"https:\/\/api.w.org\/{rel}","templated":true}]}}