{"id":1985,"date":"2023-06-04T10:19:44","date_gmt":"2023-06-04T10:19:44","guid":{"rendered":"https:\/\/yournordichome.com\/product\/bar-stool-w-wicker-seat\/"},"modified":"2025-08-01T17:08:40","modified_gmt":"2025-08-01T17:08:40","slug":"barski-stolcek-w-pleteni-sedez","status":"publish","type":"product","link":"https:\/\/yournordichome.com\/sl\/product\/bar-stool-w-wicker-seat\/","title":{"rendered":"Barski stol\u010dek w pleteni sede\u017e"},"content":{"rendered":"<p>Barski stol\u010dek s sede\u017eem iz protja v naravnih barvah. Narejen je iz lesa kav\u010dukovca.<\/p>\n<p>Dimenzije izdelka: V103\/L43,5\/W51,5 cm<br \/>\nVi\u0161ina sede\u017ea: 76 cm<br \/>\nMaterial: Material: ratan, gumijast les<br \/>\nBarva: naravna<\/p>","protected":false},"excerpt":{"rendered":"<p>Barski stol\u010dek s pletenim sede\u017eem in naslonom, izdelan iz gumijastega lesa. Zagotavlja udobno sedenje in v va\u0161 dom vna\u0161a organske zna\u010dilnosti.<\/p>","protected":false},"featured_media":1868,"comment_status":"closed","ping_status":"closed","template":"","meta":{"_acf_changed":false,"_kad_post_transparent":"default","_kad_post_title":"","_kad_post_layout":"default","_kad_post_sidebar_id":"","_kad_post_content_style":"default","_kad_post_vertical_padding":"default","_kad_post_feature":"","_kad_post_feature_position":"","_kad_post_header":false,"_kad_post_footer":false,"_kad_post_classname":""},"pwb-brand":[19],"product_brand":[],"product_cat":[188,152],"product_tag":[34,134,25,98],"gyarto":[],"class_list":{"0":"post-1985","1":"product","2":"type-product","3":"status-publish","4":"has-post-thumbnail","6":"pwb-brand-chic-antique","7":"product_cat-bar-stool","8":"product_cat-chair","9":"product_tag-nordic-interior-design","10":"product_tag-rattan-furniture","11":"product_tag-shabby-chic","12":"product_tag-vintage-style","13":"pa_colour-nature","14":"pa_material-rattan","15":"pa_material-rubberwood","17":"first","18":"instock","19":"taxable","20":"shipping-taxable","21":"purchasable","22":"product-type-simple","23":"entry","24":"content-bg","25":"loop-entry"},"acf":[],"brands":[{"id":19,"name":"Chic Antique","slug":"elegantna-starinska"}],"_links":{"self":[{"href":"https:\/\/yournordichome.com\/sl\/wp-json\/wp\/v2\/product\/1985","targetHints":{"allow":["GET"]}}],"collection":[{"href":"https:\/\/yournordichome.com\/sl\/wp-json\/wp\/v2\/product"}],"about":[{"href":"https:\/\/yournordichome.com\/sl\/wp-json\/wp\/v2\/types\/product"}],"replies":[{"embeddable":true,"href":"https:\/\/yournordichome.com\/sl\/wp-json\/wp\/v2\/comments?post=1985"}],"wp:featuredmedia":[{"embeddable":true,"href":"https:\/\/yournordichome.com\/sl\/wp-json\/wp\/v2\/media\/1868"}],"wp:attachment":[{"href":"https:\/\/yournordichome.com\/sl\/wp-json\/wp\/v2\/media?parent=1985"}],"wp:term":[{"taxonomy":"pwb-brand","embeddable":true,"href":"https:\/\/yournordichome.com\/sl\/wp-json\/wp\/v2\/pwb-brand?post=1985"},{"taxonomy":"product_brand","embeddable":true,"href":"https:\/\/yournordichome.com\/sl\/wp-json\/wp\/v2\/product_brand?post=1985"},{"taxonomy":"product_cat","embeddable":true,"href":"https:\/\/yournordichome.com\/sl\/wp-json\/wp\/v2\/product_cat?post=1985"},{"taxonomy":"product_tag","embeddable":true,"href":"https:\/\/yournordichome.com\/sl\/wp-json\/wp\/v2\/product_tag?post=1985"},{"taxonomy":"gyarto","embeddable":true,"href":"https:\/\/yournordichome.com\/sl\/wp-json\/wp\/v2\/gyarto?post=1985"}],"curies":[{"name":"wp","href":"https:\/\/api.w.org\/{rel}","templated":true}]}}