{"id":1860,"date":"2023-06-02T17:50:25","date_gmt":"2023-06-02T17:50:25","guid":{"rendered":"https:\/\/yournordichome.com\/product\/grey-rug\/"},"modified":"2023-12-21T07:51:15","modified_gmt":"2023-12-21T07:51:15","slug":"siva-preproga","status":"publish","type":"product","link":"https:\/\/yournordichome.com\/sl\/product\/grey-rug\/","title":{"rendered":"Siva preproga"},"content":{"rendered":"<p>Siva preproga iz bomba\u017ea, \u010dudovitega naravnega materiala in tona. Postavite jo ob posteljo v spalnici ali na hodnik. S svojim ne\u017enim odtenkom ustvarja zadr\u017ean kontrast na tleh, eleganten kos v enobarvni notranjosti in ne\u017enej\u0161i kontrapunkt v barvito opremljenem domu.<\/p>\n<p>Dimenzije izdelka: L150x\u016090 cm<br \/>\nBarva: Siva<br \/>\nSestava: Sestava: 45% ploliester, 43% bomba\u017e, 8% volna, 4% OF<br \/>\nBeljenje: Ne<br \/>\nSuho \u010di\u0161\u010denje: Ne .<br \/>\nSu\u0161enje: Ne<br \/>\nLikanje: Ne .<\/p>","protected":false},"excerpt":{"rendered":"<p>Siva preproga iz bomba\u017ea s \u010dudovitim naravnim odtenkom, ki v va\u0161 dom vnese prijetno vzdu\u0161je. Preproga ima na vsakem koncu majhne robove.<\/p>","protected":false},"featured_media":1825,"comment_status":"closed","ping_status":"closed","template":"","meta":{"_acf_changed":false,"_kad_post_transparent":"","_kad_post_title":"","_kad_post_layout":"","_kad_post_sidebar_id":"","_kad_post_content_style":"","_kad_post_vertical_padding":"","_kad_post_feature":"","_kad_post_feature_position":"","_kad_post_header":false,"_kad_post_footer":false,"_kad_post_classname":""},"pwb-brand":[17],"product_brand":[],"product_cat":[88,65],"product_tag":[79,34,80,262],"gyarto":[],"class_list":{"0":"post-1860","1":"product","2":"type-product","3":"status-publish","4":"has-post-thumbnail","6":"pwb-brand-bloomingville","7":"product_cat-rug","8":"product_cat-rugs-and-textiles","9":"product_tag-cotton-rug","10":"product_tag-nordic-interior-design","11":"product_tag-nordic-style-rug","12":"product_tag-runner-rug","13":"pa_colour-grey","14":"pa_material-cotton","15":"pa_material-wool","17":"first","18":"outofstock","19":"taxable","20":"shipping-taxable","21":"purchasable","22":"product-type-simple","23":"entry","24":"content-bg","25":"loop-entry"},"acf":[],"brands":[{"id":17,"name":"Bloomingville","slug":"bloomingville"}],"_links":{"self":[{"href":"https:\/\/yournordichome.com\/sl\/wp-json\/wp\/v2\/product\/1860","targetHints":{"allow":["GET"]}}],"collection":[{"href":"https:\/\/yournordichome.com\/sl\/wp-json\/wp\/v2\/product"}],"about":[{"href":"https:\/\/yournordichome.com\/sl\/wp-json\/wp\/v2\/types\/product"}],"replies":[{"embeddable":true,"href":"https:\/\/yournordichome.com\/sl\/wp-json\/wp\/v2\/comments?post=1860"}],"wp:featuredmedia":[{"embeddable":true,"href":"https:\/\/yournordichome.com\/sl\/wp-json\/wp\/v2\/media\/1825"}],"wp:attachment":[{"href":"https:\/\/yournordichome.com\/sl\/wp-json\/wp\/v2\/media?parent=1860"}],"wp:term":[{"taxonomy":"pwb-brand","embeddable":true,"href":"https:\/\/yournordichome.com\/sl\/wp-json\/wp\/v2\/pwb-brand?post=1860"},{"taxonomy":"product_brand","embeddable":true,"href":"https:\/\/yournordichome.com\/sl\/wp-json\/wp\/v2\/product_brand?post=1860"},{"taxonomy":"product_cat","embeddable":true,"href":"https:\/\/yournordichome.com\/sl\/wp-json\/wp\/v2\/product_cat?post=1860"},{"taxonomy":"product_tag","embeddable":true,"href":"https:\/\/yournordichome.com\/sl\/wp-json\/wp\/v2\/product_tag?post=1860"},{"taxonomy":"gyarto","embeddable":true,"href":"https:\/\/yournordichome.com\/sl\/wp-json\/wp\/v2\/gyarto?post=1860"}],"curies":[{"name":"wp","href":"https:\/\/api.w.org\/{rel}","templated":true}]}}