{"id":1856,"date":"2023-06-02T17:50:25","date_gmt":"2023-06-02T17:50:25","guid":{"rendered":"https:\/\/yournordichome.com\/product\/brown-stool\/"},"modified":"2025-08-01T17:09:47","modified_gmt":"2025-08-01T17:09:47","slug":"rjavi-stolcek","status":"publish","type":"product","link":"https:\/\/yournordichome.com\/sl\/product\/brown-stool\/","title":{"rendered":"Rjavi stol\u010dek"},"content":{"rendered":"<p>Rjavi stol\u010dek, ro\u010dno izdelan iz abaka, vrste banane, ki izvira s Filipinov. Njena vlakna so mo\u010dna, toga, zato je odli\u010den naravni material za majhno dekorativno pohi\u0161tvo. Gre za ve\u010dnamenski puf, ki ga lahko uporabite kot stol\u010dek, podstavek za noge ali majhno mizico za kavo.<\/p>\n<p>Dimenzije izdelka: D38xV40,5x\u016045 cm<br \/>\nBarva: rjava<br \/>\nSestava: sestava: abaca, \u017eelezo<br \/>\nNavodila za nego: Obri\u0161ite z vla\u017eno krpo.<br \/>\nNajve\u010dja nosilnost: 110 kg<br \/>\nUporaba na prostem: Ne<\/p>","protected":false},"excerpt":{"rendered":"<p>Rjav stol\u010dek, ro\u010dno izdelan iz abaka, vrste banane, ki izvira s Filipinov. Ta edinstveni in ekolo\u0161ki dodatek ustvarja \u010dudovito vzdu\u0161je v va\u0161em domu!<\/p>","protected":false},"featured_media":1799,"comment_status":"closed","ping_status":"closed","template":"","meta":{"_acf_changed":false,"_kad_post_transparent":"default","_kad_post_title":"","_kad_post_layout":"default","_kad_post_sidebar_id":"","_kad_post_content_style":"default","_kad_post_vertical_padding":"default","_kad_post_feature":"","_kad_post_feature_position":"","_kad_post_header":false,"_kad_post_footer":false,"_kad_post_classname":""},"pwb-brand":[17],"product_brand":[],"product_cat":[341,157],"product_tag":[],"gyarto":[],"class_list":{"0":"post-1856","1":"product","2":"type-product","3":"status-publish","4":"has-post-thumbnail","6":"pwb-brand-bloomingville","7":"product_cat-side-table","8":"product_cat-table","9":"pa_colour-brown","10":"pa_material-abaca","12":"first","13":"instock","14":"taxable","15":"shipping-taxable","16":"purchasable","17":"product-type-simple","18":"entry","19":"content-bg","20":"loop-entry"},"acf":[],"brands":[{"id":17,"name":"Bloomingville","slug":"bloomingville"}],"_links":{"self":[{"href":"https:\/\/yournordichome.com\/sl\/wp-json\/wp\/v2\/product\/1856","targetHints":{"allow":["GET"]}}],"collection":[{"href":"https:\/\/yournordichome.com\/sl\/wp-json\/wp\/v2\/product"}],"about":[{"href":"https:\/\/yournordichome.com\/sl\/wp-json\/wp\/v2\/types\/product"}],"replies":[{"embeddable":true,"href":"https:\/\/yournordichome.com\/sl\/wp-json\/wp\/v2\/comments?post=1856"}],"wp:featuredmedia":[{"embeddable":true,"href":"https:\/\/yournordichome.com\/sl\/wp-json\/wp\/v2\/media\/1799"}],"wp:attachment":[{"href":"https:\/\/yournordichome.com\/sl\/wp-json\/wp\/v2\/media?parent=1856"}],"wp:term":[{"taxonomy":"pwb-brand","embeddable":true,"href":"https:\/\/yournordichome.com\/sl\/wp-json\/wp\/v2\/pwb-brand?post=1856"},{"taxonomy":"product_brand","embeddable":true,"href":"https:\/\/yournordichome.com\/sl\/wp-json\/wp\/v2\/product_brand?post=1856"},{"taxonomy":"product_cat","embeddable":true,"href":"https:\/\/yournordichome.com\/sl\/wp-json\/wp\/v2\/product_cat?post=1856"},{"taxonomy":"product_tag","embeddable":true,"href":"https:\/\/yournordichome.com\/sl\/wp-json\/wp\/v2\/product_tag?post=1856"},{"taxonomy":"gyarto","embeddable":true,"href":"https:\/\/yournordichome.com\/sl\/wp-json\/wp\/v2\/gyarto?post=1856"}],"curies":[{"name":"wp","href":"https:\/\/api.w.org\/{rel}","templated":true}]}}